{"id":2138,"date":"2016-09-19T13:41:38","date_gmt":"2016-09-19T13:41:38","guid":{"rendered":"http:\/\/forocilac.org\/?page_id=2138"},"modified":"2018-04-04T23:12:31","modified_gmt":"2018-04-04T23:12:31","slug":"politicas-cientificas","status":"publish","type":"page","link":"http:\/\/forocilac.org\/en\/politicas-cientificas\/","title":{"rendered":"Pol\u00edticas Cient\u00edficas"},"content":{"rendered":"<div id=\"fws_69f5a5f1df5a8\"  data-column-margin=\"default\" data-midnight=\"dark\"  data-bg-mobile-hidden=\"\" class=\"wpb_row vc_row-fluid vc_row full-width-content standard_section\"  style=\"padding-top: 0px; padding-bottom: 0px; \"><div class=\"row-bg-wrap\" data-bg-animation=\"none\" data-bg-overlay=\"false\"><div class=\"inner-wrap\"><div class=\"row-bg\"  style=\"\"><\/div><\/div><div class=\"row-bg-overlay\" ><\/div><\/div><div class=\"col span_12 dark left\">\n\t<div style=\"\" class=\"vc_col-sm-12 wpb_column column_container vc_column_container col padding-1-percent\" data-using-bg=\"true\" data-t-w-inherits=\"default\" data-border-radius=\"none\" data-shadow=\"none\" data-border-animation=\"\" data-border-animation-delay=\"\" data-border-width=\"none\" data-border-style=\"\" data-border-color=\"\" data-bg-cover=\"\" data-padding-pos=\"all\" data-has-bg-color=\"true\" data-bg-color=\"#d36200\" data-bg-opacity=\"0.9\" data-hover-bg=\"\" data-hover-bg-opacity=\"1\" data-animation=\"\" data-delay=\"0\" >\n\t\t<div class=\"vc_column-inner\" ><div class=\"column-image-bg-wrap\" data-bg-animation=\"none\" data-bg-overlay=\"false\"><div class=\"inner-wrap\"><div class=\"column-image-bg\" style=\" background-image: url('http:\/\/forocilac.org\/wp-content\/uploads\/2016\/09\/cilac3.jpg'); \"><\/div><\/div><\/div><div class=\"column-bg-overlay-wrap\" data-bg-animation=\"none\"><div class=\"column-bg-overlay\" style=\"opacity: 0.9; background-color: #d36200;\"><\/div><\/div>\n\t\t\t<div class=\"wpb_wrapper\">\n\t\t\t\t\r\n<div class=\"wpb_text_column wpb_content_element\" >\r\n\t<div class=\"wpb_wrapper\">\r\n\t\t<h6 style=\"color: white; text-align: left; margin-left: 6%;\">Pol\u00edticas Cient\u00edficas<\/h6>\n\t<\/div>\r\n<\/div>\r\n\r\n\r\n\r\n\n\t\t\t<\/div> \n\t\t<\/div>\n\t<\/div> \n<\/div><\/div>\n\t\t<div id=\"fws_69f5a5f1e0027\"  data-column-margin=\"default\" data-midnight=\"dark\" data-top-percent=\"1%\" data-bottom-percent=\"5%\"  data-bg-mobile-hidden=\"\" class=\"wpb_row vc_row-fluid vc_row full-width-section  vc_row-o-equal-height vc_row-flex standard_section\"  style=\"padding-top: calc(100vw * 0.01); padding-bottom: calc(100vw * 0.05); \"><div class=\"row-bg-wrap\" data-bg-animation=\"none\" data-bg-overlay=\"false\"><div class=\"inner-wrap\"><div class=\"row-bg using-bg-color-excluded\"  style=\"background-color: #ffffff; \"><\/div><\/div><div class=\"row-bg-overlay\" ><\/div><\/div><div class=\"col span_12 dark left\">\n\t<div  class=\"vc_col-sm-4 wpb_column column_container vc_column_container col no-extra-padding\"  data-t-w-inherits=\"default\" data-border-radius=\"none\" data-shadow=\"none\" data-border-animation=\"\" data-border-animation-delay=\"\" data-border-width=\"none\" data-border-style=\"\" data-border-color=\"\" data-bg-cover=\"\" data-padding-pos=\"left-right\" data-has-bg-color=\"false\" data-bg-color=\"\" data-bg-opacity=\"1\" data-hover-bg=\"\" data-hover-bg-opacity=\"1\" data-animation=\"\" data-delay=\"0\" >\n\t\t<div class=\"vc_column-inner\" ><div class=\"column-bg-overlay-wrap\" data-bg-animation=\"none\"><div class=\"column-bg-overlay\"><\/div><\/div>\n\t\t\t<div class=\"wpb_wrapper\">\n\t\t\t\t<div class=\"nectar-fancy-ul\" data-list-icon=\"icon-chevron-right\" data-animation=\"false\" data-animation-delay=\"0\" data-color=\"accent-color\" data-spacing=\"default\" data-alignment=\"left\"> \n<ul>\n<li>Gobernanza y\u00a0financiamiento de la\u00a0CTI.<\/li>\n<li>Estrategias y\u00a0dispositivos de\u00a0asistencia t\u00e9cnica a\u00a0gobiernos.<\/li>\n<li>Diplomacia cient\u00edfica.<\/li>\n<li>\u00c9tica de las ciencias.<\/li>\n<li>Equidad de g\u00e9nero en\u00a0el campo cient\u00edfico.<\/li>\n<li>Est\u00edmulos a j\u00f3venes\u00a0investigadores.<\/li>\n<li>Integraci\u00f3n regional\u00a0para la cooperaci\u00f3n\u00a0cient\u00edfica.<\/li>\n<li>Saberes ancestrales\u00a0y sus sistemas de\u00a0conocimiento.<\/li>\n<li>Discusi\u00f3n democr\u00e1tica\u00a0de la CTI.<\/li>\n<li>Pol\u00edticas de CTI para\u00a0un desarrollo humano\u00a0sustentable<\/li>\n<\/ul>\n <\/div>\n\t\t\t<\/div> \n\t\t<\/div>\n\t<\/div> \n\n\t<div style=\"\" class=\"vc_col-sm-8 wpb_column column_container vc_column_container col no-extra-padding\" data-using-bg=\"true\" data-t-w-inherits=\"default\" data-border-radius=\"none\" data-shadow=\"none\" data-border-animation=\"\" data-border-animation-delay=\"\" data-border-width=\"none\" data-border-style=\"\" data-border-color=\"\" data-bg-cover=\"\" data-padding-pos=\"all\" data-has-bg-color=\"true\" data-bg-color=\"#ffffff\" data-bg-opacity=\"1\" data-hover-bg=\"\" data-hover-bg-opacity=\"1\" data-animation=\"\" data-delay=\"0\" >\n\t\t<div class=\"vc_column-inner\" ><div class=\"column-bg-overlay-wrap\" data-bg-animation=\"none\"><div class=\"column-bg-overlay\" style=\"opacity: 1; background-color: #ffffff;\"><\/div><\/div>\n\t\t\t<div class=\"wpb_wrapper\">\n\t\t\t\t\r\n<div class=\"wpb_text_column wpb_content_element\" >\r\n\t<div class=\"wpb_wrapper\">\r\n\t\t<p style=\"line-height: 25px; font-weight: normal;\">La ciencia, tecnolog\u00eda e innovaci\u00f3n (<strong>CTI<\/strong>) son elementos centrales para el desarrollo de sociedades del conocimiento sostenibles y\u00a0 jugar\u00e1n un rol clave en alcanzar los objetivos de la <strong>Agenda 2030<\/strong>.<\/p>\n<p style=\"line-height: 25px; font-weight: normal;\">Esta \u00e1rea de intervenci\u00f3n se centrar\u00e1 en promover la interfaz ciencia-pol\u00edtica-sociedad y el intercambio de conocimientos, para formular mejores pol\u00edticas p\u00fablicas de <strong>CTI<\/strong> basadas en la evidencia y hacer frente a los retos del desarrollo sostenible y de las transformaciones sociales.<\/p>\n<p style=\"line-height: 25px; font-weight: normal;\">CILAC 2018 reunir\u00e1 a muchas de las m\u00e1s altas autoridades en pol\u00edtica cient\u00edfica de Am\u00e9rica Latina y el Caribe, brindando la oportunidad de debatir nuevos planteamientos, la manera de fomentar mecanismos para disponer de un conocimiento cient\u00edfico relevante, accesible y en el tiempo requerido para la toma de decisiones pol\u00edticas. La ciencia y la tecnolog\u00eda desarrollan un papel central pero no \u00fanico, por lo que es fundamental el di\u00e1logo entre y con los otros saberes.<\/p>\n<p style=\"line-height: 25px; font-weight: normal;\">El nuevo paradigma de la &#8216;<strong>ciencia de la sostenibilidad<\/strong>&#8216;, que emplea una lente interdisciplinaria para concebir soluciones sostenibles hol\u00edsticas recurriendo a todo el espectro del conocimiento (desde las ciencias sociales hasta\u00a0las ciencias\u00a0 exactas, pasando por los conocimientos aut\u00f3ctonos), ser\u00e1 parte central del debate en <strong>CILAC 2018<\/strong>.<\/p>\n\t<\/div>\r\n<\/div>\r\n\r\n\r\n\r\n\n\t\t\t<\/div> \n\t\t<\/div>\n\t<\/div> \n<\/div><\/div>\n\t\t<div id=\"fws_69f5a5f1edd01\"  data-column-margin=\"default\" data-midnight=\"dark\"  data-bg-mobile-hidden=\"\" class=\"wpb_row vc_row-fluid vc_row standard_section\"  style=\"padding-top: 0px; padding-bottom: 0px; \"><div class=\"row-bg-wrap\" data-bg-animation=\"none\" data-bg-overlay=\"false\"><div class=\"inner-wrap\"><div class=\"row-bg\"  style=\"\"><\/div><\/div><div class=\"row-bg-overlay\" ><\/div><\/div><div class=\"col span_12 dark left\">\n\t<div  class=\"vc_col-sm-12 wpb_column column_container vc_column_container col no-extra-padding\"  data-t-w-inherits=\"default\" data-border-radius=\"none\" data-shadow=\"none\" data-border-animation=\"\" data-border-animation-delay=\"\" data-border-width=\"none\" data-border-style=\"\" data-border-color=\"\" data-bg-cover=\"\" data-padding-pos=\"all\" data-has-bg-color=\"false\" data-bg-color=\"\" data-bg-opacity=\"1\" data-hover-bg=\"\" data-hover-bg-opacity=\"1\" data-animation=\"\" data-delay=\"0\" >\n\t\t<div class=\"vc_column-inner\" ><div class=\"column-bg-overlay-wrap\" data-bg-animation=\"none\"><div class=\"column-bg-overlay\"><\/div><\/div>\n\t\t\t<div class=\"wpb_wrapper\">\n\t\t\t\t<div class=\"divider-wrap\" data-alignment=\"default\"><div style=\"margin-top: 5px; height: 1px; margin-bottom: 5px;\" data-width=\"100%\" data-animate=\"\" data-animation-delay=\"\" data-color=\"default\" class=\"divider-border\"><\/div><\/div>\n\t\t\t<\/div> \n\t\t<\/div>\n\t<\/div> \n<\/div><\/div>\n\t\t<div id=\"fws_69f5a5f1ee2f7\"  data-column-margin=\"default\" data-midnight=\"dark\"  data-bg-mobile-hidden=\"\" class=\"wpb_row vc_row-fluid vc_row standard_section\"  style=\"padding-top: 0px; padding-bottom: 0px; \"><div class=\"row-bg-wrap\" data-bg-animation=\"none\" data-bg-overlay=\"false\"><div class=\"inner-wrap\"><div class=\"row-bg\"  style=\"\"><\/div><\/div><div class=\"row-bg-overlay\" ><\/div><\/div><div class=\"col span_12 dark left\">\n\t<div  class=\"vc_col-sm-3 wpb_column column_container vc_column_container col no-extra-padding\"  data-t-w-inherits=\"default\" data-border-radius=\"none\" data-shadow=\"none\" data-border-animation=\"\" data-border-animation-delay=\"\" data-border-width=\"none\" data-border-style=\"\" data-border-color=\"\" data-bg-cover=\"\" data-padding-pos=\"all\" data-has-bg-color=\"false\" data-bg-color=\"\" data-bg-opacity=\"1\" data-hover-bg=\"\" data-hover-bg-opacity=\"1\" data-animation=\"\" data-delay=\"0\" >\n\t\t<div class=\"vc_column-inner\" ><div class=\"column-bg-overlay-wrap\" data-bg-animation=\"none\"><div class=\"column-bg-overlay\"><\/div><\/div>\n\t\t\t<div class=\"wpb_wrapper\">\n\t\t\t\t<div class=\"img-with-aniamtion-wrap right\" data-max-width=\"100%\" data-max-width-mobile=\"100%\" data-border-radius=\"\" data-shadow=\"none\" data-animation=\"fade-in\" >\r\n      <div class=\"inner\">\r\n        <div class=\"hover-wrap\" data-hover-animation=\"none\"> \r\n          <div class=\"hover-wrap-inner\">\r\n            <img decoding=\"async\" class=\"img-with-animation skip-lazy\" data-delay=\"0\" height=\"124\" width=\"90\" data-animation=\"fade-in\" src=\"http:\/\/forocilac.org\/wp-content\/uploads\/2016\/09\/policy-papers-5.jpg\" alt=\"Pol\u00edticas de Ciencia, Tecnolog\u00eda e Innovaci\u00f3n Sustentable e Inclusiva en Am\u00e9rica Latina. Isabel Bortagaray (UNESCO \/ CILAC, 2016)\"  \/>\r\n          <\/div>\r\n        <\/div>\r\n      <\/div>\r\n    <\/div>\n\t\t\t<\/div> \n\t\t<\/div>\n\t<\/div> \n\n\t<div  class=\"vc_col-sm-9 wpb_column column_container vc_column_container col no-extra-padding\"  data-t-w-inherits=\"default\" data-border-radius=\"none\" data-shadow=\"none\" data-border-animation=\"\" data-border-animation-delay=\"\" data-border-width=\"none\" data-border-style=\"\" data-border-color=\"\" data-bg-cover=\"\" data-padding-pos=\"all\" data-has-bg-color=\"false\" data-bg-color=\"\" data-bg-opacity=\"1\" data-hover-bg=\"\" data-hover-bg-opacity=\"1\" data-animation=\"\" data-delay=\"0\" >\n\t\t<div class=\"vc_column-inner\" ><div class=\"column-bg-overlay-wrap\" data-bg-animation=\"none\"><div class=\"column-bg-overlay\"><\/div><\/div>\n\t\t\t<div class=\"wpb_wrapper\">\n\t\t\t\t\r\n<div class=\"wpb_text_column wpb_content_element\" >\r\n\t<div class=\"wpb_wrapper\">\r\n\t\t<p><a title=\"PolicyPapersCILAC-InnovacionEmpresarial.pdf (733 KB)\" href=\"http:\/\/www.unesco.org\/new\/fileadmin\/MULTIMEDIA\/FIELD\/Montevideo\/pdf\/PolicyPapersCILAC-InnovacionEmpresarial.pdf\">Sustainable and Inclusive Science, Technology and Innovation Policies in Latin America<\/a>.<br \/>\nIsabel Bortagaray (UNESCO \/ CILAC, 2016)<\/p>\n\t<\/div>\r\n<\/div>\r\n\r\n\r\n\r\n\n\t\t\t<\/div> \n\t\t<\/div>\n\t<\/div> \n<\/div><\/div>","protected":false},"excerpt":{"rendered":"Pol\u00edticas Cient\u00edficas Gobernanza y\u00a0financiamiento de la\u00a0CTI. Estrategias y\u00a0dispositivos de\u00a0asistencia t\u00e9cnica a\u00a0gobiernos. Diplomacia cient\u00edfica. \u00c9tica de las ciencias. Equidad de g\u00e9nero en\u00a0el campo cient\u00edfico. Est\u00edmulos a j\u00f3venes\u00a0investigadores. Integraci\u00f3n regional\u00a0para la cooperaci\u00f3n\u00a0cient\u00edfica....","protected":false},"author":3,"featured_media":0,"parent":0,"menu_order":0,"comment_status":"closed","ping_status":"closed","template":"","meta":{"footnotes":""},"class_list":["post-2138","page","type-page","status-publish"],"aioseo_notices":[],"_links":{"self":[{"href":"http:\/\/forocilac.org\/en\/wp-json\/wp\/v2\/pages\/2138","targetHints":{"allow":["GET"]}}],"collection":[{"href":"http:\/\/forocilac.org\/en\/wp-json\/wp\/v2\/pages"}],"about":[{"href":"http:\/\/forocilac.org\/en\/wp-json\/wp\/v2\/types\/page"}],"author":[{"embeddable":true,"href":"http:\/\/forocilac.org\/en\/wp-json\/wp\/v2\/users\/3"}],"replies":[{"embeddable":true,"href":"http:\/\/forocilac.org\/en\/wp-json\/wp\/v2\/comments?post=2138"}],"version-history":[{"count":12,"href":"http:\/\/forocilac.org\/en\/wp-json\/wp\/v2\/pages\/2138\/revisions"}],"predecessor-version":[{"id":4079,"href":"http:\/\/forocilac.org\/en\/wp-json\/wp\/v2\/pages\/2138\/revisions\/4079"}],"wp:attachment":[{"href":"http:\/\/forocilac.org\/en\/wp-json\/wp\/v2\/media?parent=2138"}],"curies":[{"name":"wp","href":"https:\/\/api.w.org\/{rel}","templated":true}]}}