{"id":484,"date":"2016-03-13T22:15:15","date_gmt":"2016-03-13T22:15:15","guid":{"rendered":"http:\/\/forocilac.org\/?page_id=484"},"modified":"2016-08-05T22:31:26","modified_gmt":"2016-08-05T22:31:26","slug":"como-llegar-a-montevideo","status":"publish","type":"page","link":"http:\/\/forocilac.org\/en\/como-llegar-a-montevideo\/","title":{"rendered":"C\u00f3mo llegar a Montevideo"},"content":{"rendered":"<div id=\"fws_69f58d561151a\"  data-column-margin=\"default\" data-midnight=\"dark\"  data-bg-mobile-hidden=\"\" class=\"wpb_row vc_row-fluid vc_row standard_section\"  style=\"padding-top: 0px; padding-bottom: 0px; \"><div class=\"row-bg-wrap\" data-bg-animation=\"none\" data-bg-overlay=\"false\"><div class=\"inner-wrap\"><div class=\"row-bg using-bg-color\"  style=\"background-color: #ffffff; \"><\/div><\/div><div class=\"row-bg-overlay\" ><\/div><\/div><div class=\"col span_12 dark left\">\n\t<div  class=\"vc_col-sm-2 wpb_column column_container vc_column_container col padding-4-percent\"  data-t-w-inherits=\"default\" data-border-radius=\"none\" data-shadow=\"none\" data-border-animation=\"\" data-border-animation-delay=\"\" data-border-width=\"none\" data-border-style=\"\" data-border-color=\"\" data-bg-cover=\"\" data-padding-pos=\"all\" data-has-bg-color=\"false\" data-bg-color=\"\" data-bg-opacity=\"1\" data-hover-bg=\"\" data-hover-bg-opacity=\"1\" data-animation=\"\" data-delay=\"0\" >\n\t\t<div class=\"vc_column-inner\" ><div class=\"column-bg-overlay-wrap\" data-bg-animation=\"none\"><div class=\"column-bg-overlay\"><\/div><\/div>\n\t\t\t<div class=\"wpb_wrapper\">\n\t\t\t\t<div class=\"img-with-aniamtion-wrap center\" data-max-width=\"100%\" data-max-width-mobile=\"100%\" data-border-radius=\"\" data-shadow=\"none\" data-animation=\"fade-in\" >\r\n      <div class=\"inner\">\r\n        <div class=\"hover-wrap\" data-hover-animation=\"none\"> \r\n          <div class=\"hover-wrap-inner\">\r\n            <img decoding=\"async\" class=\"img-with-animation skip-lazy\" data-delay=\"200\" height=\"65\" width=\"65\" data-animation=\"fade-in\" src=\"http:\/\/forocilac.org\/wp-content\/uploads\/2016\/03\/barco.png\" alt=\"\" srcset=\"http:\/\/forocilac.org\/wp-content\/uploads\/2016\/03\/barco.png 65w, http:\/\/forocilac.org\/wp-content\/uploads\/2016\/03\/barco-50x50.png 50w\" sizes=\"(min-width: 1450px) 75vw, (min-width: 1000px) 85vw, 100vw\" \/>\r\n          <\/div>\r\n        <\/div>\r\n      <\/div>\r\n    <\/div>\n\t\t\t<\/div> \n\t\t<\/div>\n\t<\/div> \n\n\t<div  class=\"vc_col-sm-10 wpb_column column_container vc_column_container col padding-4-percent\"  data-t-w-inherits=\"default\" data-border-radius=\"none\" data-shadow=\"none\" data-border-animation=\"\" data-border-animation-delay=\"\" data-border-width=\"none\" data-border-style=\"\" data-border-color=\"\" data-bg-cover=\"\" data-padding-pos=\"left-right\" data-has-bg-color=\"false\" data-bg-color=\"\" data-bg-opacity=\"1\" data-hover-bg=\"\" data-hover-bg-opacity=\"1\" data-animation=\"\" data-delay=\"0\" >\n\t\t<div class=\"vc_column-inner\" ><div class=\"column-bg-overlay-wrap\" data-bg-animation=\"none\"><div class=\"column-bg-overlay\"><\/div><\/div>\n\t\t\t<div class=\"wpb_wrapper\">\n\t\t\t\t\r\n<div class=\"wpb_text_column wpb_content_element\" >\r\n\t<div class=\"wpb_wrapper\">\r\n\t\t<h3>En barco<\/h3>\n<p>El puerto de Montevideo recibe mayoritariamente barcos de carga, aunque tambi\u00e9n es el punto de anclaje de cientos de <a href=\"http:\/\/www.viajeauruguay.com\/cruceros\/\" target=\"_blank\">cruceros <\/a>que llegan durante la temporada de verano. Sin embargo, la conexi\u00f3n en barco m\u00e1s usada es desde Argentina hacia el puerto de <a href=\"http:\/\/www.viajeauruguay.com\/colonia\/\" target=\"_blank\">Colonia <\/a>del Sacramento, viaje que dura apenas una hora. La empresa de ferris Buquebus (tel. 130) tiene \u00f3mnibus de primer nivel que hacen el traslado a Montevideo en menos de dos horas, incluido en el boleto de barco. Trans Uruguay (2401-9350) realiza la conexi\u00f3n Montevideo-Buenos Aires a trav\u00e9s del puerto de Carmelo.<\/p>\n\t<\/div>\r\n<\/div>\r\n\r\n\r\n\r\n\n\t\t\t<\/div> \n\t\t<\/div>\n\t<\/div> \n<\/div><\/div>\n\t\t<div id=\"fws_69f58d5613de7\"  data-column-margin=\"default\" data-midnight=\"dark\"  data-bg-mobile-hidden=\"\" class=\"wpb_row vc_row-fluid vc_row standard_section\"  style=\"padding-top: 0px; padding-bottom: 0px; \"><div class=\"row-bg-wrap\" data-bg-animation=\"none\" data-bg-overlay=\"false\"><div class=\"inner-wrap\"><div class=\"row-bg using-bg-color\"  style=\"background-color: #ffffff; \"><\/div><\/div><div class=\"row-bg-overlay\" ><\/div><\/div><div class=\"col span_12 dark left\">\n\t<div  class=\"vc_col-sm-2 wpb_column column_container vc_column_container col padding-4-percent\"  data-t-w-inherits=\"default\" data-border-radius=\"none\" data-shadow=\"none\" data-border-animation=\"\" data-border-animation-delay=\"\" data-border-width=\"none\" data-border-style=\"\" data-border-color=\"\" data-bg-cover=\"\" data-padding-pos=\"left-right\" data-has-bg-color=\"false\" data-bg-color=\"\" data-bg-opacity=\"1\" data-hover-bg=\"\" data-hover-bg-opacity=\"1\" data-animation=\"\" data-delay=\"0\" >\n\t\t<div class=\"vc_column-inner\" ><div class=\"column-bg-overlay-wrap\" data-bg-animation=\"none\"><div class=\"column-bg-overlay\"><\/div><\/div>\n\t\t\t<div class=\"wpb_wrapper\">\n\t\t\t\t<div class=\"img-with-aniamtion-wrap center\" data-max-width=\"100%\" data-max-width-mobile=\"100%\" data-border-radius=\"\" data-shadow=\"none\" data-animation=\"fade-in\" >\r\n      <div class=\"inner\">\r\n        <div class=\"hover-wrap\" data-hover-animation=\"none\"> \r\n          <div class=\"hover-wrap-inner\">\r\n            <img decoding=\"async\" class=\"img-with-animation skip-lazy\" data-delay=\"200\" height=\"65\" width=\"65\" data-animation=\"fade-in\" src=\"http:\/\/forocilac.org\/wp-content\/uploads\/2016\/03\/avion.png\" alt=\"\" srcset=\"http:\/\/forocilac.org\/wp-content\/uploads\/2016\/03\/avion.png 65w, http:\/\/forocilac.org\/wp-content\/uploads\/2016\/03\/avion-50x50.png 50w\" sizes=\"(min-width: 1450px) 75vw, (min-width: 1000px) 85vw, 100vw\" \/>\r\n          <\/div>\r\n        <\/div>\r\n      <\/div>\r\n    <\/div>\n\t\t\t<\/div> \n\t\t<\/div>\n\t<\/div> \n\n\t<div  class=\"vc_col-sm-10 wpb_column column_container vc_column_container col padding-4-percent\"  data-t-w-inherits=\"default\" data-border-radius=\"none\" data-shadow=\"none\" data-border-animation=\"\" data-border-animation-delay=\"\" data-border-width=\"none\" data-border-style=\"\" data-border-color=\"\" data-bg-cover=\"\" data-padding-pos=\"left-right\" data-has-bg-color=\"false\" data-bg-color=\"\" data-bg-opacity=\"1\" data-hover-bg=\"\" data-hover-bg-opacity=\"1\" data-animation=\"\" data-delay=\"0\" >\n\t\t<div class=\"vc_column-inner\" ><div class=\"column-bg-overlay-wrap\" data-bg-animation=\"none\"><div class=\"column-bg-overlay\"><\/div><\/div>\n\t\t\t<div class=\"wpb_wrapper\">\n\t\t\t\t\r\n<div class=\"wpb_text_column wpb_content_element\" >\r\n\t<div class=\"wpb_wrapper\">\r\n\t\t<h3>En avi\u00f3n<\/h3>\n<p>He\u00a0<a href=\"http:\/\/www.viajeauruguay.com\/montevideo\/el-nuevo-aeropuerto-de-carrasco.php\">Aeropuerto Internacional de Carrasco<\/a>\u00a0es la principal terminal a\u00e9rea del pa\u00eds, con vuelos internacionales diarios que conectan Montevideo con varias ciudades del mundo. El nuevo\u00a0<a href=\"http:\/\/www.viajeauruguay.com\/montevideo\/el-nuevo-aeropuerto-de-carrasco.php\">aeropuerto<\/a>\u00a0se inaugur\u00f3 recientemente se destaca por su moderna\u00a0<a href=\"http:\/\/www.viajeauruguay.com\/arquitectura\/\">arquitectura<\/a>\u00a0y sus servicios de primer nivel. La terminal queda en el l\u00edmite entre\u00a0<a href=\"http:\/\/www.viajeauruguay.com\/canelones\/\">cannelloni<\/a>\u00a0y Montevideo, a 20 minutos del centro de la capital.<\/p>\n<p>Hay vuelos directos a Buenos Aires, C\u00f3rdoba, Rosario, Miami, Panam\u00e1, Rio de Janeiro, Brasilia, San Pablo, Curitiba, Campinas, Porto Alegre, Foz de Iguaz\u00fa, Florian\u00f3polis, Santiago de Chile, Asunci\u00f3n, Lima y Madrid. Desde otros destinos se suelen realizar escalas en Rio, San Pablo, Santiago o Buenos Aires. Hay aerol\u00edneas de otros pa\u00edses con sucursal en el\u00a0<a href=\"http:\/\/www.viajeauruguay.com\/montevideo\/el-nuevo-aeropuerto-de-carrasco.php\">Aeropuerto de Carrasco<\/a>, aunque no realicen vuelos directos. Tambi\u00e9n llegan vuelos locales desde los aeropuertos de\u00a0<a href=\"http:\/\/www.viajeauruguay.com\/punta-del-este\/\">Punta del Este<\/a>,\u00a0<a href=\"http:\/\/www.viajeauruguay.com\/salto\/\">Leap<\/a>,\u00a0<a href=\"http:\/\/www.viajeauruguay.com\/paysandu\/\">Paysand\u00fa<\/a>\u00a0y Rivera. Por informes, llamar al (+598) 2604 0329.<\/p>\n<p>Para llegar desde el aeropuerto hasta el centro de la ciudad se puede tomar un taxi o alguna de las l\u00edneas de \u00f3mnibus que pasan por el interior de la terminal, con alta frecuencia. Tambi\u00e9n hay empresas de alquiler de autos como Budget, Multicar y Europcar.<\/p>\n<a class=\"nectar-button n-sc-button small accent-color regular-button\" target=\"_blank\" href=\"\/en\/convenios-descuentos\/\" data-color-override=\"false\" data-hover-color-override=\"false\" data-hover-text-color-override=\"#fff\"><span>VER CONVENIOS Y DESCUENTOS<\/span><\/a>\n\t<\/div>\r\n<\/div>\r\n\r\n\r\n\r\n\n\t\t\t<\/div> \n\t\t<\/div>\n\t<\/div> \n<\/div><\/div>\n\t\t<div id=\"fws_69f58d56150c6\"  data-column-margin=\"default\" data-midnight=\"dark\"  data-bg-mobile-hidden=\"\" class=\"wpb_row vc_row-fluid vc_row standard_section\"  style=\"padding-top: 0px; padding-bottom: 0px; \"><div class=\"row-bg-wrap\" data-bg-animation=\"none\" data-bg-overlay=\"false\"><div class=\"inner-wrap\"><div class=\"row-bg using-bg-color\"  style=\"background-color: #ffffff; \"><\/div><\/div><div class=\"row-bg-overlay\" ><\/div><\/div><div class=\"col span_12 dark left\">\n\t<div  class=\"vc_col-sm-2 wpb_column column_container vc_column_container col padding-4-percent\"  data-t-w-inherits=\"default\" data-border-radius=\"none\" data-shadow=\"none\" data-border-animation=\"\" data-border-animation-delay=\"\" data-border-width=\"none\" data-border-style=\"\" data-border-color=\"\" data-bg-cover=\"\" data-padding-pos=\"all\" data-has-bg-color=\"false\" data-bg-color=\"\" data-bg-opacity=\"1\" data-hover-bg=\"\" data-hover-bg-opacity=\"1\" data-animation=\"\" data-delay=\"0\" >\n\t\t<div class=\"vc_column-inner\" ><div class=\"column-bg-overlay-wrap\" data-bg-animation=\"none\"><div class=\"column-bg-overlay\"><\/div><\/div>\n\t\t\t<div class=\"wpb_wrapper\">\n\t\t\t\t<div class=\"img-with-aniamtion-wrap center\" data-max-width=\"100%\" data-max-width-mobile=\"100%\" data-border-radius=\"\" data-shadow=\"none\" data-animation=\"fade-in\" >\r\n      <div class=\"inner\">\r\n        <div class=\"hover-wrap\" data-hover-animation=\"none\"> \r\n          <div class=\"hover-wrap-inner\">\r\n            <img decoding=\"async\" class=\"img-with-animation skip-lazy\" data-delay=\"200\" height=\"65\" width=\"65\" data-animation=\"fade-in\" src=\"http:\/\/forocilac.org\/wp-content\/uploads\/2016\/03\/bus.png\" alt=\"\" srcset=\"http:\/\/forocilac.org\/wp-content\/uploads\/2016\/03\/bus.png 65w, http:\/\/forocilac.org\/wp-content\/uploads\/2016\/03\/bus-50x50.png 50w\" sizes=\"(min-width: 1450px) 75vw, (min-width: 1000px) 85vw, 100vw\" \/>\r\n          <\/div>\r\n        <\/div>\r\n      <\/div>\r\n    <\/div>\n\t\t\t<\/div> \n\t\t<\/div>\n\t<\/div> \n\n\t<div  class=\"vc_col-sm-10 wpb_column column_container vc_column_container col padding-4-percent\"  data-t-w-inherits=\"default\" data-border-radius=\"none\" data-shadow=\"none\" data-border-animation=\"\" data-border-animation-delay=\"\" data-border-width=\"none\" data-border-style=\"\" data-border-color=\"\" data-bg-cover=\"\" data-padding-pos=\"left-right\" data-has-bg-color=\"false\" data-bg-color=\"\" data-bg-opacity=\"1\" data-hover-bg=\"\" data-hover-bg-opacity=\"1\" data-animation=\"\" data-delay=\"0\" >\n\t\t<div class=\"vc_column-inner\" ><div class=\"column-bg-overlay-wrap\" data-bg-animation=\"none\"><div class=\"column-bg-overlay\"><\/div><\/div>\n\t\t\t<div class=\"wpb_wrapper\">\n\t\t\t\t\r\n<div class=\"wpb_text_column wpb_content_element\" >\r\n\t<div class=\"wpb_wrapper\">\r\n\t\t<h3>En bus<\/h3>\n<p>La principal estaci\u00f3n de \u00f3mnibus tur\u00edsticos del pa\u00eds es la\u00a0<a href=\"http:\/\/www.viajeauruguay.com\/montevideo\/shopping-tres-cruces-terminal-y-centro-comercial.php\">Tres Cruces Terminal<\/a>, a cinco minutos del centro. A la terminal llegan buses de todos los departamentos del pa\u00eds, adem\u00e1s de varios internacionales desde los pa\u00edses de la regi\u00f3n (Brasil, Argentina, Paraguay, Chile). Para llegar desde la terminal hasta el centro, se puede tomar un \u00f3mnibus colectivo (las l\u00edneas 21, 64, 187 y 330 llegan a la Plaza Independencia) o un taxi a precio razonable.<\/p>\n\t<\/div>\r\n<\/div>\r\n\r\n\r\n\r\n\n\t\t\t<\/div> \n\t\t<\/div>\n\t<\/div> \n<\/div><\/div>\n\t\t<div id=\"fws_69f58d56162b3\"  data-column-margin=\"default\" data-midnight=\"dark\"  data-bg-mobile-hidden=\"\" class=\"wpb_row vc_row-fluid vc_row standard_section\"  style=\"padding-top: 0px; padding-bottom: 0px; \"><div class=\"row-bg-wrap\" data-bg-animation=\"none\" data-bg-overlay=\"false\"><div class=\"inner-wrap\"><div class=\"row-bg using-bg-color\"  style=\"background-color: #ffffff; \"><\/div><\/div><div class=\"row-bg-overlay\" ><\/div><\/div><div class=\"col span_12 dark left\">\n\t<div  class=\"vc_col-sm-2 wpb_column column_container vc_column_container col padding-4-percent\"  data-t-w-inherits=\"default\" data-border-radius=\"none\" data-shadow=\"none\" data-border-animation=\"\" data-border-animation-delay=\"\" data-border-width=\"none\" data-border-style=\"\" data-border-color=\"\" data-bg-cover=\"\" data-padding-pos=\"all\" data-has-bg-color=\"false\" data-bg-color=\"\" data-bg-opacity=\"1\" data-hover-bg=\"\" data-hover-bg-opacity=\"1\" data-animation=\"\" data-delay=\"0\" >\n\t\t<div class=\"vc_column-inner\" ><div class=\"column-bg-overlay-wrap\" data-bg-animation=\"none\"><div class=\"column-bg-overlay\"><\/div><\/div>\n\t\t\t<div class=\"wpb_wrapper\">\n\t\t\t\t<div class=\"img-with-aniamtion-wrap center\" data-max-width=\"100%\" data-max-width-mobile=\"100%\" data-border-radius=\"\" data-shadow=\"none\" data-animation=\"fade-in\" >\r\n      <div class=\"inner\">\r\n        <div class=\"hover-wrap\" data-hover-animation=\"none\"> \r\n          <div class=\"hover-wrap-inner\">\r\n            <img loading=\"lazy\" decoding=\"async\" class=\"img-with-animation skip-lazy\" data-delay=\"200\" height=\"65\" width=\"65\" data-animation=\"fade-in\" src=\"http:\/\/forocilac.org\/wp-content\/uploads\/2016\/03\/auto.png\" alt=\"\" srcset=\"http:\/\/forocilac.org\/wp-content\/uploads\/2016\/03\/auto.png 65w, http:\/\/forocilac.org\/wp-content\/uploads\/2016\/03\/auto-50x50.png 50w\" sizes=\"(min-width: 1450px) 75vw, (min-width: 1000px) 85vw, 100vw\" \/>\r\n          <\/div>\r\n        <\/div>\r\n      <\/div>\r\n    <\/div>\n\t\t\t<\/div> \n\t\t<\/div>\n\t<\/div> \n\n\t<div  class=\"vc_col-sm-10 wpb_column column_container vc_column_container col padding-4-percent\"  data-t-w-inherits=\"default\" data-border-radius=\"none\" data-shadow=\"none\" data-border-animation=\"\" data-border-animation-delay=\"\" data-border-width=\"none\" data-border-style=\"\" data-border-color=\"\" data-bg-cover=\"\" data-padding-pos=\"left-right\" data-has-bg-color=\"false\" data-bg-color=\"\" data-bg-opacity=\"1\" data-hover-bg=\"\" data-hover-bg-opacity=\"1\" data-animation=\"\" data-delay=\"0\" >\n\t\t<div class=\"vc_column-inner\" ><div class=\"column-bg-overlay-wrap\" data-bg-animation=\"none\"><div class=\"column-bg-overlay\"><\/div><\/div>\n\t\t\t<div class=\"wpb_wrapper\">\n\t\t\t\t\r\n<div class=\"wpb_text_column wpb_content_element\" >\r\n\t<div class=\"wpb_wrapper\">\r\n\t\t<h3>En auto<\/h3>\n<p>Las principales rutas del pa\u00eds conducen a Montevideo. Desde los departamentos del interior, llegar en auto es una opci\u00f3n pr\u00e1ctica, ya que las distancias son cortas, y el viaje m\u00e1s largo no lleva m\u00e1s de seis horas. La ruta Interbalnearia desde la costa este, la ruta 8 desde el centro-este, la ruta 5 desde\u00a0<a href=\"http:\/\/www.viajeauruguay.com\/rivera\/\">Rivera<\/a>\u00a0y el centro del pa\u00eds y la ruta 1 desde Colonia son las v\u00edas terrestres m\u00e1s importantes que llegan a la capital, todas en buen estado de mantenimiento.<\/p>\n<p>Desde Brasil se puede llegar por los cruces del Chuy-Chui (Rocha), Rivera-Sant\u2019Ana do Livramento (Rivera), Artigas-Quara\u00ed (Artigas) y R\u00edo Branco-Yaguar\u00f3n (Cerro Largo). Desde Argentina, se llega por los pasajes terrestres entre Paysand\u00fa-Col\u00f3n (Paysand\u00fa), Gualeguaych\u00fa-Fray Bentos (R\u00edo Negro) y Salto-Concordia (Salto). La ciudad de\u00a0<a href=\"http:\/\/www.viajeauruguay.com\/bella-union\/\">Bella Uni\u00f3n<\/a>\u00a0in\u00a0<a href=\"http:\/\/www.viajeauruguay.com\/artigas\/\">Artigas<\/a>\u00a0tiene frontera con Brasil y Argentina.<\/p>\n\t<\/div>\r\n<\/div>\r\n\r\n\r\n\r\n\n\t\t\t<\/div> \n\t\t<\/div>\n\t<\/div> \n<\/div><\/div>\n\t\t<div id=\"fws_69f58d56174a2\"  data-column-margin=\"default\" data-midnight=\"dark\"  data-bg-mobile-hidden=\"\" class=\"wpb_row vc_row-fluid vc_row standard_section\"  style=\"padding-top: 0px; padding-bottom: 0px; \"><div class=\"row-bg-wrap\" data-bg-animation=\"none\" data-bg-overlay=\"false\"><div class=\"inner-wrap\"><div class=\"row-bg using-bg-color\"  style=\"background-color: #ffffff; \"><\/div><\/div><div class=\"row-bg-overlay\" ><\/div><\/div><div class=\"col span_12 dark left\">\n\t<div  class=\"vc_col-sm-12 wpb_column column_container vc_column_container col padding-4-percent\"  data-t-w-inherits=\"default\" data-border-radius=\"none\" data-shadow=\"none\" data-border-animation=\"\" data-border-animation-delay=\"\" data-border-width=\"none\" data-border-style=\"\" data-border-color=\"\" data-bg-cover=\"\" data-padding-pos=\"all\" data-has-bg-color=\"false\" data-bg-color=\"\" data-bg-opacity=\"1\" data-hover-bg=\"\" data-hover-bg-opacity=\"1\" data-animation=\"\" data-delay=\"0\" >\n\t\t<div class=\"vc_column-inner\" ><div class=\"column-bg-overlay-wrap\" data-bg-animation=\"none\"><div class=\"column-bg-overlay\"><\/div><\/div>\n\t\t\t<div class=\"wpb_wrapper\">\n\t\t\t\t\r\n<div class=\"wpb_text_column wpb_content_element\" >\r\n\t<div class=\"wpb_wrapper\">\r\n\t\t<h3>Moverse en Montevideo<\/h3>\n<p>Al ser una ciudad relativamente peque\u00f1a, el centro de Montevideo puede recorrerse perfectamente a pie o en bicicleta durante el d\u00eda.<\/p>\n\t<\/div>\r\n<\/div>\r\n\r\n\r\n\r\n\n\t\t\t<\/div> \n\t\t<\/div>\n\t<\/div> \n<\/div><\/div>\n\t\t<div id=\"fws_69f58d5617a73\"  data-column-margin=\"default\" data-midnight=\"dark\"  data-bg-mobile-hidden=\"\" class=\"wpb_row vc_row-fluid vc_row standard_section\"  style=\"padding-top: 0px; padding-bottom: 0px; \"><div class=\"row-bg-wrap\" data-bg-animation=\"none\" data-bg-overlay=\"false\"><div class=\"inner-wrap\"><div class=\"row-bg using-bg-color\"  style=\"background-color: #ffffff; \"><\/div><\/div><div class=\"row-bg-overlay\" ><\/div><\/div><div class=\"col span_12 dark left\">\n\t<div  class=\"vc_col-sm-2 wpb_column column_container vc_column_container col padding-4-percent\"  data-t-w-inherits=\"default\" data-border-radius=\"none\" data-shadow=\"none\" data-border-animation=\"\" data-border-animation-delay=\"\" data-border-width=\"none\" data-border-style=\"\" data-border-color=\"\" data-bg-cover=\"\" data-padding-pos=\"all\" data-has-bg-color=\"false\" data-bg-color=\"\" data-bg-opacity=\"1\" data-hover-bg=\"\" data-hover-bg-opacity=\"1\" data-animation=\"\" data-delay=\"0\" >\n\t\t<div class=\"vc_column-inner\" ><div class=\"column-bg-overlay-wrap\" data-bg-animation=\"none\"><div class=\"column-bg-overlay\"><\/div><\/div>\n\t\t\t<div class=\"wpb_wrapper\">\n\t\t\t\t<div class=\"img-with-aniamtion-wrap center\" data-max-width=\"100%\" data-max-width-mobile=\"100%\" data-border-radius=\"\" data-shadow=\"none\" data-animation=\"fade-in\" >\r\n      <div class=\"inner\">\r\n        <div class=\"hover-wrap\" data-hover-animation=\"none\"> \r\n          <div class=\"hover-wrap-inner\">\r\n            <img loading=\"lazy\" decoding=\"async\" class=\"img-with-animation skip-lazy\" data-delay=\"200\" height=\"55\" width=\"55\" data-animation=\"fade-in\" src=\"http:\/\/forocilac.org\/wp-content\/uploads\/2016\/03\/omnibus.png\" alt=\"\" srcset=\"http:\/\/forocilac.org\/wp-content\/uploads\/2016\/03\/omnibus.png 55w, http:\/\/forocilac.org\/wp-content\/uploads\/2016\/03\/omnibus-50x50.png 50w\" sizes=\"(min-width: 1450px) 75vw, (min-width: 1000px) 85vw, 100vw\" \/>\r\n          <\/div>\r\n        <\/div>\r\n      <\/div>\r\n    <\/div>\n\t\t\t<\/div> \n\t\t<\/div>\n\t<\/div> \n\n\t<div  class=\"vc_col-sm-10 wpb_column column_container vc_column_container col padding-4-percent\"  data-t-w-inherits=\"default\" data-border-radius=\"none\" data-shadow=\"none\" data-border-animation=\"\" data-border-animation-delay=\"\" data-border-width=\"none\" data-border-style=\"\" data-border-color=\"\" data-bg-cover=\"\" data-padding-pos=\"left-right\" data-has-bg-color=\"false\" data-bg-color=\"\" data-bg-opacity=\"1\" data-hover-bg=\"\" data-hover-bg-opacity=\"1\" data-animation=\"\" data-delay=\"0\" >\n\t\t<div class=\"vc_column-inner\" ><div class=\"column-bg-overlay-wrap\" data-bg-animation=\"none\"><div class=\"column-bg-overlay\"><\/div><\/div>\n\t\t\t<div class=\"wpb_wrapper\">\n\t\t\t\t\r\n<div class=\"wpb_text_column wpb_content_element\" >\r\n\t<div class=\"wpb_wrapper\">\r\n\t\t<h5>\u00d3mnibus<\/h5>\n<p>\u00d3mnibus: El boleto tiene un valor de 28 pesos uruguayos (USD 0.9) que se pueden pagar en efectivo al subir. Para saber c\u00f3mo llegar de un punto al otro puedes consultar el siguiente sitio:\u00a0<a href=\"http:\/\/www.montevideo.gub.uy\/aplicacion\/como-ir\">http:\/\/www.montevideo.gub.uy\/aplicacion\/como-ir<\/a><\/p>\n\t<\/div>\r\n<\/div>\r\n\r\n\r\n\r\n\n\t\t\t<\/div> \n\t\t<\/div>\n\t<\/div> \n<\/div><\/div>\n\t\t<div id=\"fws_69f58d5618741\"  data-column-margin=\"default\" data-midnight=\"dark\"  data-bg-mobile-hidden=\"\" class=\"wpb_row vc_row-fluid vc_row standard_section\"  style=\"padding-top: 0px; padding-bottom: 0px; \"><div class=\"row-bg-wrap\" data-bg-animation=\"none\" data-bg-overlay=\"false\"><div class=\"inner-wrap\"><div class=\"row-bg using-bg-color\"  style=\"background-color: #ffffff; \"><\/div><\/div><div class=\"row-bg-overlay\" ><\/div><\/div><div class=\"col span_12 dark left\">\n\t<div  class=\"vc_col-sm-2 wpb_column column_container vc_column_container col padding-4-percent\"  data-t-w-inherits=\"default\" data-border-radius=\"none\" data-shadow=\"none\" data-border-animation=\"\" data-border-animation-delay=\"\" data-border-width=\"none\" data-border-style=\"\" data-border-color=\"\" data-bg-cover=\"\" data-padding-pos=\"all\" data-has-bg-color=\"false\" data-bg-color=\"\" data-bg-opacity=\"1\" data-hover-bg=\"\" data-hover-bg-opacity=\"1\" data-animation=\"\" data-delay=\"0\" >\n\t\t<div class=\"vc_column-inner\" ><div class=\"column-bg-overlay-wrap\" data-bg-animation=\"none\"><div class=\"column-bg-overlay\"><\/div><\/div>\n\t\t\t<div class=\"wpb_wrapper\">\n\t\t\t\t<div class=\"img-with-aniamtion-wrap center\" data-max-width=\"100%\" data-max-width-mobile=\"100%\" data-border-radius=\"\" data-shadow=\"none\" data-animation=\"fade-in\" >\r\n      <div class=\"inner\">\r\n        <div class=\"hover-wrap\" data-hover-animation=\"none\"> \r\n          <div class=\"hover-wrap-inner\">\r\n            <img loading=\"lazy\" decoding=\"async\" class=\"img-with-animation skip-lazy\" data-delay=\"200\" height=\"55\" width=\"55\" data-animation=\"fade-in\" src=\"http:\/\/forocilac.org\/wp-content\/uploads\/2016\/03\/taxi.png\" alt=\"\" srcset=\"http:\/\/forocilac.org\/wp-content\/uploads\/2016\/03\/taxi.png 55w, http:\/\/forocilac.org\/wp-content\/uploads\/2016\/03\/taxi-50x50.png 50w\" sizes=\"(min-width: 1450px) 75vw, (min-width: 1000px) 85vw, 100vw\" \/>\r\n          <\/div>\r\n        <\/div>\r\n      <\/div>\r\n    <\/div>\n\t\t\t<\/div> \n\t\t<\/div>\n\t<\/div> \n\n\t<div  class=\"vc_col-sm-10 wpb_column column_container vc_column_container col padding-4-percent\"  data-t-w-inherits=\"default\" data-border-radius=\"none\" data-shadow=\"none\" data-border-animation=\"\" data-border-animation-delay=\"\" data-border-width=\"none\" data-border-style=\"\" data-border-color=\"\" data-bg-cover=\"\" data-padding-pos=\"left-right\" data-has-bg-color=\"false\" data-bg-color=\"\" data-bg-opacity=\"1\" data-hover-bg=\"\" data-hover-bg-opacity=\"1\" data-animation=\"\" data-delay=\"0\" >\n\t\t<div class=\"vc_column-inner\" ><div class=\"column-bg-overlay-wrap\" data-bg-animation=\"none\"><div class=\"column-bg-overlay\"><\/div><\/div>\n\t\t\t<div class=\"wpb_wrapper\">\n\t\t\t\t\r\n<div class=\"wpb_text_column wpb_content_element\" >\r\n\t<div class=\"wpb_wrapper\">\r\n\t\t<h5>Cab<\/h5>\n<p>Los taxis est\u00e1n bien identificados, tienen marcador de fichas y tarifa nocturna entre las 22hs y las 06hs que es un 20% m\u00e1s cara. La ca\u00edda de bandera cuesta ~34 pesos y luego ~2 pesos cada 100 mts. Un viaje de 13km ser\u00edan apr\u00f3x USD 10. Si quieres conseguir un taxi puedes pararlo en la calle o usar la aplicaci\u00f3n\u00a0<a href=\"http:\/\/voyentaxi.com\/\">&quot;I&#039;m going by taxi&quot;<\/a>.<\/p>\n\t<\/div>\r\n<\/div>\r\n\r\n\r\n\r\n\n\t\t\t<\/div> \n\t\t<\/div>\n\t<\/div> \n<\/div><\/div>","protected":false},"excerpt":{"rendered":"En barco El puerto de Montevideo recibe mayoritariamente barcos de carga, aunque tambi\u00e9n es el punto de anclaje de cientos de cruceros que llegan durante la temporada de verano. Sin...","protected":false},"author":1,"featured_media":0,"parent":0,"menu_order":0,"comment_status":"closed","ping_status":"closed","template":"page-sidebar.php","meta":{"footnotes":""},"class_list":["post-484","page","type-page","status-publish"],"aioseo_notices":[],"_links":{"self":[{"href":"http:\/\/forocilac.org\/en\/wp-json\/wp\/v2\/pages\/484","targetHints":{"allow":["GET"]}}],"collection":[{"href":"http:\/\/forocilac.org\/en\/wp-json\/wp\/v2\/pages"}],"about":[{"href":"http:\/\/forocilac.org\/en\/wp-json\/wp\/v2\/types\/page"}],"author":[{"embeddable":true,"href":"http:\/\/forocilac.org\/en\/wp-json\/wp\/v2\/users\/1"}],"replies":[{"embeddable":true,"href":"http:\/\/forocilac.org\/en\/wp-json\/wp\/v2\/comments?post=484"}],"version-history":[{"count":13,"href":"http:\/\/forocilac.org\/en\/wp-json\/wp\/v2\/pages\/484\/revisions"}],"predecessor-version":[{"id":1610,"href":"http:\/\/forocilac.org\/en\/wp-json\/wp\/v2\/pages\/484\/revisions\/1610"}],"wp:attachment":[{"href":"http:\/\/forocilac.org\/en\/wp-json\/wp\/v2\/media?parent=484"}],"curies":[{"name":"wp","href":"https:\/\/api.w.org\/{rel}","templated":true}]}}