{"id":5531,"date":"2014-03-30T20:56:50","date_gmt":"2014-03-30T20:56:50","guid":{"rendered":"http:\/\/themenectar.com\/demo\/salient-frostwave\/?page_id=2043"},"modified":"2014-03-30T20:56:50","modified_gmt":"2014-03-30T20:56:50","slug":"blog-standard-no-sidebar","status":"publish","type":"page","link":"http:\/\/forocilac.org\/en\/blog-standard-no-sidebar\/","title":{"rendered":"Blog Standard No Sidebar"},"content":{"rendered":"<div class=\"row\">\r\n\r\n <div class=\"post-area col  span_12 col_last\" data-ams=\"\" data-remove-post-date=\"\" data-remove-post-author=\"\" data-remove-post-comment-number=\"\" data-remove-post-nectar-love=\"\"> <div class=\"posts-container\" data-load-animation=\"none\">     \r\n     \r\n<article id=\"post-79915\" class=\"post-79915 post type-post status-publish format-standard has-post-thumbnail category-noticias category-noticias-en\">  \r\n  \r\n  <div class=\"inner-wrap animated\">\r\n    \r\n    <div class=\"post-content classic\">\r\n      \r\n      \r\n<div class=\"post-meta\">\r\n  \r\n  <div class=\"date\">\r\n    <span class=\"month\">Sea<\/span>\r\n    <span class=\"day\">30<\/span>\r\n    <span class=\"year\">2026<\/span>  <\/div>\r\n  \r\n  <div class=\"nectar-love-wrap\">\r\n    <a href=\"#\" class=\"nectar-love\" id=\"nectar-love-79915\" title=\"Love this\"> <i class=\"icon-salient-heart-2\"><\/i><span class=\"love-text\">Love<\/span><span class=\"total_loves\"><span class=\"nectar-love-count\">0<\/span><\/span><\/a>  <\/div>\r\n  \r\n<\/div><!--post-meta-->      \r\n      <div class=\"content-inner\">\r\n        \r\n        <a href=\"http:\/\/forocilac.org\/en\/brasilia-sera-sede-del-foro-cilac-2026\/\"><span class=\"post-featured-img\"><img fetchpriority=\"high\" decoding=\"async\" width=\"1280\" height=\"853\" src=\"http:\/\/forocilac.org\/wp-content\/uploads\/2024\/12\/CILAC-Image-2024-12-12-at-9.51.24-AM.jpeg\" class=\"attachment-full size-full skip-lazy wp-post-image\" alt=\"\" title=\"\" srcset=\"http:\/\/forocilac.org\/wp-content\/uploads\/2024\/12\/CILAC-Image-2024-12-12-at-9.51.24-AM.jpeg 1280w, http:\/\/forocilac.org\/wp-content\/uploads\/2024\/12\/CILAC-Image-2024-12-12-at-9.51.24-AM-300x200.jpeg 300w, http:\/\/forocilac.org\/wp-content\/uploads\/2024\/12\/CILAC-Image-2024-12-12-at-9.51.24-AM-1024x682.jpeg 1024w, http:\/\/forocilac.org\/wp-content\/uploads\/2024\/12\/CILAC-Image-2024-12-12-at-9.51.24-AM-768x512.jpeg 768w, http:\/\/forocilac.org\/wp-content\/uploads\/2024\/12\/CILAC-Image-2024-12-12-at-9.51.24-AM-18x12.jpeg 18w, http:\/\/forocilac.org\/wp-content\/uploads\/2024\/12\/CILAC-Image-2024-12-12-at-9.51.24-AM-500x333.jpeg 500w, http:\/\/forocilac.org\/wp-content\/uploads\/2024\/12\/CILAC-Image-2024-12-12-at-9.51.24-AM-800x533.jpeg 800w, http:\/\/forocilac.org\/wp-content\/uploads\/2024\/12\/CILAC-Image-2024-12-12-at-9.51.24-AM-900x600.jpeg 900w\" sizes=\"(max-width: 1280px) 100vw, 1280px\" \/><\/span><\/a>        \r\n        <div class=\"article-content-wrap\">\r\n          \r\n          <div class=\"post-header\">\r\n            \r\n            <h2 class=\"title\"><a href=\"http:\/\/forocilac.org\/en\/brasilia-sera-sede-del-foro-cilac-2026\/\"> Brasilia ser\u00e1 sede del Foro CILAC 2026<\/a><\/h2>\r\n            \r\n            <span class=\"meta-author\">\r\n              <span>By<\/span> <a href=\"http:\/\/forocilac.org\/en\/author\/felipe-berhau\/\" title=\"Posts by Felipe Berhau\" rel=\"author\">Felipe Berhau<\/a>            <\/span> \r\n            <span class=\"meta-category\"><a href=\"http:\/\/forocilac.org\/en\/category\/noticias\/\">News<\/a>, <a href=\"http:\/\/forocilac.org\/en\/category\/noticias-en\/\">News<\/a>            <\/span>            \r\n          <\/div><!--\/post-header-->\r\n          \r\n          <div class=\"excerpt\"><p>Ministros y ministras, autoridades diversas, j\u00f3venes, cient\u00edficos y cient\u00edficas, periodistas y referentes de la regi\u00f3n y el mundo se encontrar\u00e1n en Brasilia para avanzar en la construcci\u00f3n de pol\u00edticas p\u00fablicas&#8230;<\/p>\n<\/div><a class=\"more-link\" href=\"http:\/\/forocilac.org\/en\/brasilia-sera-sede-del-foro-cilac-2026\/\"><span class=\"continue-reading\">Read More<\/span><\/a>          \r\n        <\/div><!--article-content-wrap-->\r\n        \r\n      <\/div><!--content-inner-->\r\n      \r\n    <\/div><!--\/post-content-->\r\n    \r\n  <\/div><!--\/inner-wrap-->\r\n  \r\n<\/article>     \r\n     \r\n<article id=\"post-79902\" class=\"post-79902 post type-post status-publish format-standard has-post-thumbnail category-noticias category-noticias-en\">  \r\n  \r\n  <div class=\"inner-wrap animated\">\r\n    \r\n    <div class=\"post-content classic\">\r\n      \r\n      \r\n<div class=\"post-meta\">\r\n  \r\n  <div class=\"date\">\r\n    <span class=\"month\">Jan<\/span>\r\n    <span class=\"day\">26<\/span>\r\n    <span class=\"year\">2026<\/span>  <\/div>\r\n  \r\n  <div class=\"nectar-love-wrap\">\r\n    <a href=\"#\" class=\"nectar-love\" id=\"nectar-love-79902\" title=\"Love this\"> <i class=\"icon-salient-heart-2\"><\/i><span class=\"love-text\">Love<\/span><span class=\"total_loves\"><span class=\"nectar-love-count\">0<\/span><\/span><\/a>  <\/div>\r\n  \r\n<\/div><!--post-meta-->      \r\n      <div class=\"content-inner\">\r\n        \r\n        <a href=\"http:\/\/forocilac.org\/en\/cilac-en-2025-un-ano-de-dialogo-conexion-y-preparacion\/\"><span class=\"post-featured-img\"><img decoding=\"async\" width=\"1920\" height=\"1080\" src=\"http:\/\/forocilac.org\/wp-content\/uploads\/2026\/01\/resumen-cilac-1.jpg\" class=\"attachment-full size-full skip-lazy wp-post-image\" alt=\"\" title=\"\" srcset=\"http:\/\/forocilac.org\/wp-content\/uploads\/2026\/01\/resumen-cilac-1.jpg 1920w, http:\/\/forocilac.org\/wp-content\/uploads\/2026\/01\/resumen-cilac-1-300x169.jpg 300w, http:\/\/forocilac.org\/wp-content\/uploads\/2026\/01\/resumen-cilac-1-1024x576.jpg 1024w, http:\/\/forocilac.org\/wp-content\/uploads\/2026\/01\/resumen-cilac-1-768x432.jpg 768w, http:\/\/forocilac.org\/wp-content\/uploads\/2026\/01\/resumen-cilac-1-1536x864.jpg 1536w, http:\/\/forocilac.org\/wp-content\/uploads\/2026\/01\/resumen-cilac-1-18x10.jpg 18w, http:\/\/forocilac.org\/wp-content\/uploads\/2026\/01\/resumen-cilac-1-500x281.jpg 500w, http:\/\/forocilac.org\/wp-content\/uploads\/2026\/01\/resumen-cilac-1-800x450.jpg 800w, http:\/\/forocilac.org\/wp-content\/uploads\/2026\/01\/resumen-cilac-1-1280x720.jpg 1280w\" sizes=\"(max-width: 1920px) 100vw, 1920px\" \/><\/span><\/a>        \r\n        <div class=\"article-content-wrap\">\r\n          \r\n          <div class=\"post-header\">\r\n            \r\n            <h2 class=\"title\"><a href=\"http:\/\/forocilac.org\/en\/cilac-en-2025-un-ano-de-dialogo-conexion-y-preparacion\/\"> CILAC in 2025: A Year of Dialogue, Connection and Preparation<\/a><\/h2>\r\n            \r\n            <span class=\"meta-author\">\r\n              <span>By<\/span> <a href=\"http:\/\/forocilac.org\/en\/author\/felipe-berhau\/\" title=\"Posts by Felipe Berhau\" rel=\"author\">Felipe Berhau<\/a>            <\/span> \r\n            <span class=\"meta-category\"><a href=\"http:\/\/forocilac.org\/en\/category\/noticias\/\">News<\/a>, <a href=\"http:\/\/forocilac.org\/en\/category\/noticias-en\/\">News<\/a>            <\/span>            \r\n          <\/div><!--\/post-header-->\r\n          \r\n          <div class=\"excerpt\"><p>El Foro Abierto de Ciencias de Am\u00e9rica Latina y el Caribe (CILAC) cerr\u00f3 el 2025 con un balance significativo en su misi\u00f3n de impulsar la integraci\u00f3n de la ciencia, la&#8230;<\/p>\n<\/div><a class=\"more-link\" href=\"http:\/\/forocilac.org\/en\/cilac-en-2025-un-ano-de-dialogo-conexion-y-preparacion\/\"><span class=\"continue-reading\">Read More<\/span><\/a>          \r\n        <\/div><!--article-content-wrap-->\r\n        \r\n      <\/div><!--content-inner-->\r\n      \r\n    <\/div><!--\/post-content-->\r\n    \r\n  <\/div><!--\/inner-wrap-->\r\n  \r\n<\/article>     \r\n     \r\n<article id=\"post-79881\" class=\"post-79881 post type-post status-publish format-standard has-post-thumbnail category-noticias category-noticias-en\">  \r\n  \r\n  <div class=\"inner-wrap animated\">\r\n    \r\n    <div class=\"post-content classic\">\r\n      \r\n      \r\n<div class=\"post-meta\">\r\n  \r\n  <div class=\"date\">\r\n    <span class=\"month\">Nov<\/span>\r\n    <span class=\"day\">20<\/span>\r\n    <span class=\"year\">2025<\/span>  <\/div>\r\n  \r\n  <div class=\"nectar-love-wrap\">\r\n    <a href=\"#\" class=\"nectar-love\" id=\"nectar-love-79881\" title=\"Love this\"> <i class=\"icon-salient-heart-2\"><\/i><span class=\"love-text\">Love<\/span><span class=\"total_loves\"><span class=\"nectar-love-count\">0<\/span><\/span><\/a>  <\/div>\r\n  \r\n<\/div><!--post-meta-->      \r\n      <div class=\"content-inner\">\r\n        \r\n        <a href=\"http:\/\/forocilac.org\/en\/10-dic-ciencias-cuanticas-oportunidades-desafios-y-desarrollo-para-america-latina-y-el-caribe\/\"><span class=\"post-featured-img\"><img decoding=\"async\" width=\"1920\" height=\"1080\" src=\"http:\/\/forocilac.org\/wp-content\/uploads\/2025\/11\/CILAC-cuantica2.jpg\" class=\"attachment-full size-full skip-lazy wp-post-image\" alt=\"\" title=\"\" srcset=\"http:\/\/forocilac.org\/wp-content\/uploads\/2025\/11\/CILAC-cuantica2.jpg 1920w, http:\/\/forocilac.org\/wp-content\/uploads\/2025\/11\/CILAC-cuantica2-300x169.jpg 300w, http:\/\/forocilac.org\/wp-content\/uploads\/2025\/11\/CILAC-cuantica2-1024x576.jpg 1024w, http:\/\/forocilac.org\/wp-content\/uploads\/2025\/11\/CILAC-cuantica2-768x432.jpg 768w, http:\/\/forocilac.org\/wp-content\/uploads\/2025\/11\/CILAC-cuantica2-1536x864.jpg 1536w, http:\/\/forocilac.org\/wp-content\/uploads\/2025\/11\/CILAC-cuantica2-18x10.jpg 18w, http:\/\/forocilac.org\/wp-content\/uploads\/2025\/11\/CILAC-cuantica2-500x281.jpg 500w, http:\/\/forocilac.org\/wp-content\/uploads\/2025\/11\/CILAC-cuantica2-800x450.jpg 800w, http:\/\/forocilac.org\/wp-content\/uploads\/2025\/11\/CILAC-cuantica2-1280x720.jpg 1280w\" sizes=\"(max-width: 1920px) 100vw, 1920px\" \/><\/span><\/a>        \r\n        <div class=\"article-content-wrap\">\r\n          \r\n          <div class=\"post-header\">\r\n            \r\n            <h2 class=\"title\"><a href=\"http:\/\/forocilac.org\/en\/10-dic-ciencias-cuanticas-oportunidades-desafios-y-desarrollo-para-america-latina-y-el-caribe\/\"> December 10 | Quantum Sciences: Opportunities, Challenges and Development for Latin America and the Caribbean<\/a><\/h2>\r\n            \r\n            <span class=\"meta-author\">\r\n              <span>By<\/span> <a href=\"http:\/\/forocilac.org\/en\/author\/felipe-berhau\/\" title=\"Posts by Felipe Berhau\" rel=\"author\">Felipe Berhau<\/a>            <\/span> \r\n            <span class=\"meta-category\"><a href=\"http:\/\/forocilac.org\/en\/category\/noticias\/\">News<\/a>, <a href=\"http:\/\/forocilac.org\/en\/category\/noticias-en\/\">News<\/a>            <\/span>            \r\n          <\/div><!--\/post-header-->\r\n          \r\n          <div class=\"excerpt\"><p>El Foro CILAC invita a participar de un nuevo coloquio dedicado al papel estrat\u00e9gico de las ciencias cu\u00e1nticas en Am\u00e9rica Latina y el Caribe, en un momento en que el&#8230;<\/p>\n<\/div><a class=\"more-link\" href=\"http:\/\/forocilac.org\/en\/10-dic-ciencias-cuanticas-oportunidades-desafios-y-desarrollo-para-america-latina-y-el-caribe\/\"><span class=\"continue-reading\">Read More<\/span><\/a>          \r\n        <\/div><!--article-content-wrap-->\r\n        \r\n      <\/div><!--content-inner-->\r\n      \r\n    <\/div><!--\/post-content-->\r\n    \r\n  <\/div><!--\/inner-wrap-->\r\n  \r\n<\/article>     \r\n     \r\n<article id=\"post-79877\" class=\"post-79877 post type-post status-publish format-standard has-post-thumbnail category-noticias category-noticias-en\">  \r\n  \r\n  <div class=\"inner-wrap animated\">\r\n    \r\n    <div class=\"post-content classic\">\r\n      \r\n      \r\n<div class=\"post-meta\">\r\n  \r\n  <div class=\"date\">\r\n    <span class=\"month\">Nov<\/span>\r\n    <span class=\"day\">10<\/span>\r\n    <span class=\"year\">2025<\/span>  <\/div>\r\n  \r\n  <div class=\"nectar-love-wrap\">\r\n    <a href=\"#\" class=\"nectar-love\" id=\"nectar-love-79877\" title=\"Love this\"> <i class=\"icon-salient-heart-2\"><\/i><span class=\"love-text\">Love<\/span><span class=\"total_loves\"><span class=\"nectar-love-count\">0<\/span><\/span><\/a>  <\/div>\r\n  \r\n<\/div><!--post-meta-->      \r\n      <div class=\"content-inner\">\r\n        \r\n        <a href=\"http:\/\/forocilac.org\/en\/celebrando-el-dia-mundial-de-la-ciencia-para-la-paz-y-el-desarrollo\/\"><span class=\"post-featured-img\"><img loading=\"lazy\" decoding=\"async\" width=\"1920\" height=\"1080\" src=\"http:\/\/forocilac.org\/wp-content\/uploads\/2025\/11\/CILAC-10-noviembre.jpg\" class=\"attachment-full size-full skip-lazy wp-post-image\" alt=\"\" title=\"\" srcset=\"http:\/\/forocilac.org\/wp-content\/uploads\/2025\/11\/CILAC-10-noviembre.jpg 1920w, http:\/\/forocilac.org\/wp-content\/uploads\/2025\/11\/CILAC-10-noviembre-300x169.jpg 300w, http:\/\/forocilac.org\/wp-content\/uploads\/2025\/11\/CILAC-10-noviembre-1024x576.jpg 1024w, http:\/\/forocilac.org\/wp-content\/uploads\/2025\/11\/CILAC-10-noviembre-768x432.jpg 768w, http:\/\/forocilac.org\/wp-content\/uploads\/2025\/11\/CILAC-10-noviembre-1536x864.jpg 1536w, http:\/\/forocilac.org\/wp-content\/uploads\/2025\/11\/CILAC-10-noviembre-18x10.jpg 18w, http:\/\/forocilac.org\/wp-content\/uploads\/2025\/11\/CILAC-10-noviembre-500x281.jpg 500w, http:\/\/forocilac.org\/wp-content\/uploads\/2025\/11\/CILAC-10-noviembre-800x450.jpg 800w, http:\/\/forocilac.org\/wp-content\/uploads\/2025\/11\/CILAC-10-noviembre-1280x720.jpg 1280w\" sizes=\"(max-width: 1920px) 100vw, 1920px\" \/><\/span><\/a>        \r\n        <div class=\"article-content-wrap\">\r\n          \r\n          <div class=\"post-header\">\r\n            \r\n            <h2 class=\"title\"><a href=\"http:\/\/forocilac.org\/en\/celebrando-el-dia-mundial-de-la-ciencia-para-la-paz-y-el-desarrollo\/\"> Celebrating World Science Day for Peace and Development<\/a><\/h2>\r\n            \r\n            <span class=\"meta-author\">\r\n              <span>By<\/span> <a href=\"http:\/\/forocilac.org\/en\/author\/felipe-berhau\/\" title=\"Posts by Felipe Berhau\" rel=\"author\">Felipe Berhau<\/a>            <\/span> \r\n            <span class=\"meta-category\"><a href=\"http:\/\/forocilac.org\/en\/category\/noticias\/\">News<\/a>, <a href=\"http:\/\/forocilac.org\/en\/category\/noticias-en\/\">News<\/a>            <\/span>            \r\n          <\/div><!--\/post-header-->\r\n          \r\n          <div class=\"excerpt\"><p>Por Guillermo Anll\u00f3, Coordinador del Foro CILAC Este 10 de noviembre, en el D\u00eda Mundial de la Ciencia para la Paz y el Desarrollo, celebramos la ciencia como motor de&#8230;<\/p>\n<\/div><a class=\"more-link\" href=\"http:\/\/forocilac.org\/en\/celebrando-el-dia-mundial-de-la-ciencia-para-la-paz-y-el-desarrollo\/\"><span class=\"continue-reading\">Read More<\/span><\/a>          \r\n        <\/div><!--article-content-wrap-->\r\n        \r\n      <\/div><!--content-inner-->\r\n      \r\n    <\/div><!--\/post-content-->\r\n    \r\n  <\/div><!--\/inner-wrap-->\r\n  \r\n<\/article>     \r\n     \r\n<article id=\"post-79852\" class=\"post-79852 post type-post status-publish format-standard has-post-thumbnail category-noticias category-noticias-en\">  \r\n  \r\n  <div class=\"inner-wrap animated\">\r\n    \r\n    <div class=\"post-content classic\">\r\n      \r\n      \r\n<div class=\"post-meta\">\r\n  \r\n  <div class=\"date\">\r\n    <span class=\"month\">Sep<\/span>\r\n    <span class=\"day\">12<\/span>\r\n    <span class=\"year\">2025<\/span>  <\/div>\r\n  \r\n  <div class=\"nectar-love-wrap\">\r\n    <a href=\"#\" class=\"nectar-love\" id=\"nectar-love-79852\" title=\"Love this\"> <i class=\"icon-salient-heart-2\"><\/i><span class=\"love-text\">Love<\/span><span class=\"total_loves\"><span class=\"nectar-love-count\">0<\/span><\/span><\/a>  <\/div>\r\n  \r\n<\/div><!--post-meta-->      \r\n      <div class=\"content-inner\">\r\n        \r\n        <a href=\"http:\/\/forocilac.org\/en\/24-sep-credibilidad-y-confianza-en-la-ciencia\/\"><span class=\"post-featured-img\"><img loading=\"lazy\" decoding=\"async\" width=\"1920\" height=\"1080\" src=\"http:\/\/forocilac.org\/wp-content\/uploads\/2025\/09\/CILAC-SEP-2025.png\" class=\"attachment-full size-full skip-lazy wp-post-image\" alt=\"\" title=\"\" srcset=\"http:\/\/forocilac.org\/wp-content\/uploads\/2025\/09\/CILAC-SEP-2025.png 1920w, http:\/\/forocilac.org\/wp-content\/uploads\/2025\/09\/CILAC-SEP-2025-300x169.png 300w, http:\/\/forocilac.org\/wp-content\/uploads\/2025\/09\/CILAC-SEP-2025-1024x576.png 1024w, http:\/\/forocilac.org\/wp-content\/uploads\/2025\/09\/CILAC-SEP-2025-768x432.png 768w, http:\/\/forocilac.org\/wp-content\/uploads\/2025\/09\/CILAC-SEP-2025-1536x864.png 1536w, http:\/\/forocilac.org\/wp-content\/uploads\/2025\/09\/CILAC-SEP-2025-18x10.png 18w, http:\/\/forocilac.org\/wp-content\/uploads\/2025\/09\/CILAC-SEP-2025-500x281.png 500w, http:\/\/forocilac.org\/wp-content\/uploads\/2025\/09\/CILAC-SEP-2025-800x450.png 800w, http:\/\/forocilac.org\/wp-content\/uploads\/2025\/09\/CILAC-SEP-2025-1280x720.png 1280w\" sizes=\"(max-width: 1920px) 100vw, 1920px\" \/><\/span><\/a>        \r\n        <div class=\"article-content-wrap\">\r\n          \r\n          <div class=\"post-header\">\r\n            \r\n            <h2 class=\"title\"><a href=\"http:\/\/forocilac.org\/en\/24-sep-credibilidad-y-confianza-en-la-ciencia\/\"> September 24 | Credibility and trust in science<\/a><\/h2>\r\n            \r\n            <span class=\"meta-author\">\r\n              <span>By<\/span> <a href=\"http:\/\/forocilac.org\/en\/author\/felipe-berhau\/\" title=\"Posts by Felipe Berhau\" rel=\"author\">Felipe Berhau<\/a>            <\/span> \r\n            <span class=\"meta-category\"><a href=\"http:\/\/forocilac.org\/en\/category\/noticias\/\">News<\/a>, <a href=\"http:\/\/forocilac.org\/en\/category\/noticias-en\/\">News<\/a>            <\/span>            \r\n          <\/div><!--\/post-header-->\r\n          \r\n          <div class=\"excerpt\"><p>El Foro CILAC invita a participar de un nuevo coloquio sobre confianza en la ciencia en Am\u00e9rica Latina y el Caribe, donde se explorar\u00e1n los desaf\u00edos de la comunicaci\u00f3n cient\u00edfica,&#8230;<\/p>\n<\/div><a class=\"more-link\" href=\"http:\/\/forocilac.org\/en\/24-sep-credibilidad-y-confianza-en-la-ciencia\/\"><span class=\"continue-reading\">Read More<\/span><\/a>          \r\n        <\/div><!--article-content-wrap-->\r\n        \r\n      <\/div><!--content-inner-->\r\n      \r\n    <\/div><!--\/post-content-->\r\n    \r\n  <\/div><!--\/inner-wrap-->\r\n  \r\n<\/article>    \r\n    <\/div><!--\/posts container-->\r\n    \r\n    <div id=\"pagination\" data-is-text=\"All items loaded\"><span aria-current=\"page\" class=\"page-numbers current\">1<\/span>\n<a class=\"page-numbers\" href=\"http:\/\/forocilac.org\/en\/wp-json\/wp\/v2\/pages\/5531\/page\/2\/\">2<\/a>\n<a class=\"page-numbers\" href=\"http:\/\/forocilac.org\/en\/wp-json\/wp\/v2\/pages\/5531\/page\/3\/\">3<\/a>\n<span class=\"page-numbers dots\">\u2026<\/span>\n<a class=\"page-numbers\" href=\"http:\/\/forocilac.org\/en\/wp-json\/wp\/v2\/pages\/5531\/page\/1841\/\">1,841<\/a>\n<a class=\"next page-numbers\" href=\"http:\/\/forocilac.org\/en\/wp-json\/wp\/v2\/pages\/5531\/page\/2\/\">Next \u00bb<\/a><\/div>  \r\n<\/div><!--\/post area-->\r\n\r\n  \r\n\r\n<\/div>","protected":false},"excerpt":{"rendered":"El Foro CILAC invita a participar de un nuevo coloquio sobre confianza en la ciencia en Am\u00e9rica Latina y el Caribe, donde se explorar\u00e1n los desaf\u00edos de la comunicaci\u00f3n cient\u00edfica,...","protected":false},"author":5,"featured_media":0,"parent":0,"menu_order":11,"comment_status":"open","ping_status":"open","template":"","meta":{"footnotes":""},"class_list":["post-5531","page","type-page","status-publish"],"aioseo_notices":[],"_links":{"self":[{"href":"http:\/\/forocilac.org\/en\/wp-json\/wp\/v2\/pages\/5531","targetHints":{"allow":["GET"]}}],"collection":[{"href":"http:\/\/forocilac.org\/en\/wp-json\/wp\/v2\/pages"}],"about":[{"href":"http:\/\/forocilac.org\/en\/wp-json\/wp\/v2\/types\/page"}],"author":[{"embeddable":true,"href":"http:\/\/forocilac.org\/en\/wp-json\/wp\/v2\/users\/5"}],"replies":[{"embeddable":true,"href":"http:\/\/forocilac.org\/en\/wp-json\/wp\/v2\/comments?post=5531"}],"version-history":[{"count":0,"href":"http:\/\/forocilac.org\/en\/wp-json\/wp\/v2\/pages\/5531\/revisions"}],"wp:attachment":[{"href":"http:\/\/forocilac.org\/en\/wp-json\/wp\/v2\/media?parent=5531"}],"curies":[{"name":"wp","href":"https:\/\/api.w.org\/{rel}","templated":true}]}}