{"id":6225,"date":"2019-03-21T02:20:38","date_gmt":"2019-03-21T02:20:38","guid":{"rendered":"http:\/\/forocilac.org\/?page_id=6225"},"modified":"2021-06-24T18:10:18","modified_gmt":"2021-06-24T18:10:18","slug":"tabla","status":"publish","type":"page","link":"http:\/\/forocilac.org\/en\/tabla\/","title":{"rendered":"\u00a1Completa la tabla!"},"content":{"rendered":"<div id=\"fws_69dc3db41f783\"  data-column-margin=\"default\" data-midnight=\"light\"  data-bg-mobile-hidden=\"\" class=\"wpb_row vc_row-fluid vc_row full-width-content standard_section\"  style=\"padding-top: 0px; padding-bottom: 0px; \"><div class=\"row-bg-wrap\" data-bg-animation=\"none\" data-bg-overlay=\"false\"><div class=\"inner-wrap\"><div class=\"row-bg\"  style=\"\"><\/div><\/div><div class=\"row-bg-overlay\" ><\/div><\/div><div class=\"col span_12 light left\">\n\t<div style=\"\" class=\"vc_col-sm-12 wpb_column column_container vc_column_container col padding-2-percent\" data-using-bg=\"true\" data-t-w-inherits=\"default\" data-border-radius=\"none\" data-shadow=\"none\" data-border-animation=\"\" data-border-animation-delay=\"\" data-border-width=\"none\" data-border-style=\"solid\" data-border-color=\"\" data-bg-cover=\"\" data-padding-pos=\"all\" data-has-bg-color=\"false\" data-bg-color=\"\" data-bg-opacity=\"1\" data-hover-bg=\"\" data-hover-bg-opacity=\"1\" data-animation=\"\" data-delay=\"0\" >\n\t\t<div class=\"vc_column-inner\" ><div class=\"column-image-bg-wrap\" data-bg-animation=\"none\" data-bg-overlay=\"false\"><div class=\"inner-wrap\"><div class=\"column-image-bg\" style=\" background-image: url('http:\/\/forocilac.org\/wp-content\/uploads\/2019\/07\/cover-1.jpg'); \"><\/div><\/div><\/div><div class=\"column-bg-overlay-wrap\" data-bg-animation=\"none\"><div class=\"column-bg-overlay\"><\/div><\/div>\n\t\t\t<div class=\"wpb_wrapper\">\n\t\t\t\t<div id=\"fws_69dc3db42030d\" data-midnight=\"\" data-column-margin=\"default\" data-bg-mobile-hidden=\"\" class=\"wpb_row vc_row-fluid vc_row inner_row standard_section\"  style=\"padding-top: 0px; padding-bottom: 0px; \"><div class=\"row-bg-wrap\"> <div class=\"row-bg\"  style=\"\"><\/div> <\/div><div class=\"col span_12  left\">\n\t<div  class=\"vc_col-sm-3 wpb_column column_container vc_column_container col child_column padding-2-percent\"   data-t-w-inherits=\"default\" data-shadow=\"none\" data-border-radius=\"none\" data-border-animation=\"\" data-border-animation-delay=\"\" data-border-width=\"none\" data-border-style=\"solid\" data-border-color=\"\" data-bg-cover=\"\" data-padding-pos=\"all\" data-has-bg-color=\"false\" data-bg-color=\"\" data-bg-opacity=\"1\" data-hover-bg=\"\" data-hover-bg-opacity=\"1\" data-animation=\"\" data-delay=\"0\">\n\t\t<div class=\"vc_column-inner\" ><div class=\"column-bg-overlay-wrap\" data-bg-animation=\"none\"><div class=\"column-bg-overlay\"><\/div><\/div>\n\t\t<div class=\"wpb_wrapper\">\n\t\t\t\n\t\t<\/div> \n\t<\/div>\n\t<\/div> \n\n\t<div  class=\"vc_col-sm-6 wpb_column column_container vc_column_container col child_column no-extra-padding\"   data-t-w-inherits=\"default\" data-shadow=\"none\" data-border-radius=\"none\" data-border-animation=\"\" data-border-animation-delay=\"\" data-border-width=\"none\" data-border-style=\"solid\" data-border-color=\"\" data-bg-cover=\"\" data-padding-pos=\"all\" data-has-bg-color=\"false\" data-bg-color=\"\" data-bg-opacity=\"1\" data-hover-bg=\"\" data-hover-bg-opacity=\"1\" data-animation=\"\" data-delay=\"0\">\n\t\t<div class=\"vc_column-inner\" ><div class=\"column-bg-overlay-wrap\" data-bg-animation=\"none\"><div class=\"column-bg-overlay\"><\/div><\/div>\n\t\t<div class=\"wpb_wrapper\">\n\t\t\t\r\n<div class=\"wpb_text_column wpb_content_element\" >\r\n\t<div class=\"wpb_wrapper\">\r\n\t\t<h1 style=\"text-align: center; font-size: 40px; line-height: 55px;\"><strong>Help us complete the table!<\/strong><\/h1>\n\t<\/div>\r\n<\/div>\r\n\r\n\r\n\r\n<div class=\"divider-wrap\" data-alignment=\"default\"><div style=\"height: 20px;\" class=\"divider\"><\/div><\/div>\r\n<div class=\"wpb_text_column wpb_content_element\" >\r\n\t<div class=\"wpb_wrapper\">\r\n\t\t<p style=\"text-align: center; font-size: 20px; line-height: 30px;\">2019 was declared the <strong>International Year of the Periodic Table of Chemical Elements<\/strong>, celebrating 150 years since Dmitri I. Mendeleev created the periodic system in 1869.<\/p>\n<p style=\"text-align: center; font-size: 20px; line-height: 30px;\">Throughout the year, we invite scientists, artists and communicators to present their cultural pieces linked to some of the elements of the periodic table. We received more than 90 proposals from applicants from various areas, regions and ages.<\/p>\n\t<\/div>\r\n<\/div>\r\n\r\n\r\n\r\n<div class=\"divider-wrap\" data-alignment=\"default\"><div style=\"height: 65px;\" class=\"divider\"><\/div><\/div>\n\t\t<\/div> \n\t<\/div>\n\t<\/div> \n\n\t<div  class=\"vc_col-sm-3 wpb_column column_container vc_column_container col child_column no-extra-padding\"   data-t-w-inherits=\"default\" data-shadow=\"none\" data-border-radius=\"none\" data-border-animation=\"\" data-border-animation-delay=\"\" data-border-width=\"none\" data-border-style=\"solid\" data-border-color=\"\" data-bg-cover=\"\" data-padding-pos=\"all\" data-has-bg-color=\"false\" data-bg-color=\"\" data-bg-opacity=\"1\" data-hover-bg=\"\" data-hover-bg-opacity=\"1\" data-animation=\"\" data-delay=\"0\">\n\t\t<div class=\"vc_column-inner\" ><div class=\"column-bg-overlay-wrap\" data-bg-animation=\"none\"><div class=\"column-bg-overlay\"><\/div><\/div>\n\t\t<div class=\"wpb_wrapper\">\n\t\t\t\n\t\t<\/div> \n\t<\/div>\n\t<\/div> \n<\/div><\/div>\r\n<div class=\"wpb_text_column wpb_content_element\" >\r\n\t<div class=\"wpb_wrapper\">\r\n\t\t<p><img decoding=\"async\" class=\"wp-image-6743 aligncenter\" src=\"http:\/\/forocilac.org\/wp-content\/uploads\/2019\/08\/2a964e62-9781-4e91-b2bb-69e70b6a1031-300x97.png\" alt=\"\" width=\"251\" height=\"81\" srcset=\"http:\/\/forocilac.org\/wp-content\/uploads\/2019\/08\/2a964e62-9781-4e91-b2bb-69e70b6a1031-300x97.png 300w, http:\/\/forocilac.org\/wp-content\/uploads\/2019\/08\/2a964e62-9781-4e91-b2bb-69e70b6a1031-768x248.png 768w, http:\/\/forocilac.org\/wp-content\/uploads\/2019\/08\/2a964e62-9781-4e91-b2bb-69e70b6a1031-1024x331.png 1024w, http:\/\/forocilac.org\/wp-content\/uploads\/2019\/08\/2a964e62-9781-4e91-b2bb-69e70b6a1031-500x161.png 500w, http:\/\/forocilac.org\/wp-content\/uploads\/2019\/08\/2a964e62-9781-4e91-b2bb-69e70b6a1031-800x258.png 800w, http:\/\/forocilac.org\/wp-content\/uploads\/2019\/08\/2a964e62-9781-4e91-b2bb-69e70b6a1031-1280x413.png 1280w, http:\/\/forocilac.org\/wp-content\/uploads\/2019\/08\/2a964e62-9781-4e91-b2bb-69e70b6a1031-1920x620.png 1920w\" sizes=\"(max-width: 251px) 100vw, 251px\" \/><\/p>\n\t<\/div>\r\n<\/div>\r\n\r\n\r\n\r\n<div class=\"divider-wrap\" data-alignment=\"default\"><div style=\"height: 50px;\" class=\"divider\"><\/div><\/div>\n\t\t\t<\/div> \n\t\t<\/div>\n\t<\/div> \n<div class=\"nk-awb  nk-awb-after-vc_column\" ><div class=\"nk-awb-wrap\" data-awb-type=\"image\" data-awb-image-background-size=\"cover\" data-awb-image-background-position=\"50% 50%\"><div  class=\"nk-awb-inner\"><\/div><\/div><\/div><\/div><\/div>\n\t\t<div id=\"fws_69dc3db421372\"  data-column-margin=\"default\" data-midnight=\"light\" data-bottom-percent=\"3%\"  data-bg-mobile-hidden=\"\" class=\"wpb_row vc_row-fluid vc_row full-width-content standard_section\"  style=\"padding-top: 50px; padding-bottom: calc(100vw * 0.03); \"><div class=\"row-bg-wrap\" data-bg-animation=\"none\" data-bg-overlay=\"false\"><div class=\"inner-wrap\"><div class=\"row-bg using-bg-color\"  style=\"background-color: #000000; \"><\/div><\/div><div class=\"row-bg-overlay\" ><\/div><\/div><div class=\"col span_12 light left\">\n\t<div  class=\"vc_col-sm-12 wpb_column column_container vc_column_container col padding-5-percent\"  data-t-w-inherits=\"default\" data-border-radius=\"none\" data-shadow=\"none\" data-border-animation=\"\" data-border-animation-delay=\"\" data-border-width=\"none\" data-border-style=\"solid\" data-border-color=\"\" data-bg-cover=\"\" data-padding-pos=\"left-right\" data-has-bg-color=\"false\" data-bg-color=\"\" data-bg-opacity=\"1\" data-hover-bg=\"\" data-hover-bg-opacity=\"1\" data-animation=\"\" data-delay=\"0\" >\n\t\t<div class=\"vc_column-inner\" ><div class=\"column-bg-overlay-wrap\" data-bg-animation=\"none\"><div class=\"column-bg-overlay\"><\/div><\/div>\n\t\t\t<div class=\"wpb_wrapper\">\n\t\t\t\t\n\t<div class=\"wpb_content_element\" data-interval=\"0\">\n\t\t<div class=\"wpb_wrapper tabbed clearfix\" data-style=\"minimal\" data-spacing=\"default\" data-icon-size=\"24\" data-full-width-line=\"\" data-color-scheme=\"accent-color\" data-alignment=\"left\">\n\t\t\t<ul class=\"wpb_tabs_nav ui-tabs-nav clearfix\"><li><a href=\"#tab-tabla-periodica-de-propuestas\"><span>Periodic table of proposals<\/span><\/a><\/li><li><a href=\"#tab-mapa-de-actividades\"><span>Activity map<\/span><\/a><\/li><li><a href=\"#tab-concurso-fotografico\"><span>Photography contest<\/span><\/a><\/li><li><a href=\"#tab-propuestas-de-interes\"><span>Proposals of interest<\/span><\/a><\/li><li class=\"cta-button\"><a class=\"nectar-button medium regular-button extra-color-1\" data-color-override=\"false\" href=\"https:\/\/iypt2019.org\/events-worldmap\/\">150 years of the periodic table<\/a><\/li><\/ul>\n\n\t\t\t\n\t\t\t<div id=\"tab-tabla-periodica-de-propuestas\" data-tab-icon=\"\" class=\"wpb_tab ui-tabs-panel wpb_ui-tabs-hide clearfix\">\n\t\t\t\t<div id=\"fws_69dc3db421c32\" data-midnight=\"\" data-column-margin=\"default\" data-bg-mobile-hidden=\"\" class=\"wpb_row vc_row-fluid vc_row inner_row standard_section\"  style=\"padding-top: 0px; padding-bottom: 0px; \"><div class=\"row-bg-wrap\"> <div class=\"row-bg\"  style=\"\"><\/div> <\/div><div class=\"col span_12  left\">\n\t<div  class=\"vc_col-sm-12 wpb_column column_container vc_column_container col child_column no-extra-padding\"   data-t-w-inherits=\"default\" data-shadow=\"none\" data-border-radius=\"none\" data-border-animation=\"\" data-border-animation-delay=\"\" data-border-width=\"none\" data-border-style=\"solid\" data-border-color=\"\" data-bg-cover=\"\" data-padding-pos=\"all\" data-has-bg-color=\"false\" data-bg-color=\"\" data-bg-opacity=\"1\" data-hover-bg=\"\" data-hover-bg-opacity=\"1\" data-animation=\"\" data-delay=\"0\">\n\t\t<div class=\"vc_column-inner\" ><div class=\"column-bg-overlay-wrap\" data-bg-animation=\"none\"><div class=\"column-bg-overlay\"><\/div><\/div>\n\t\t<div class=\"wpb_wrapper\">\n\t\t\t\r\n<div class=\"wpb_text_column wpb_content_element\" >\r\n\t<div class=\"wpb_wrapper\">\r\n\t\t<div style=\"width: 100%;\">\n<div style=\"position: relative; padding-bottom: 52.60%; padding-top: 0; height: 0;\"><iframe style=\"position: absolute; top: 0; left: 0; width: 100%; height: 100%;\" src=\"https:\/\/view.genial.ly\/5d22366ca2d5140ff46c5394\" width=\"1920\" height=\"1010\" frameborder=\"0\" scrolling=\"yes\" allowfullscreen=\"allowfullscreen\"><\/iframe><\/div>\n<\/div>\n\t<\/div>\r\n<\/div>\r\n\r\n\r\n\r\n\n\t\t<\/div> \n\t<\/div>\n\t<\/div> \n<\/div><\/div>\n\t\t\t<\/div> \n\t\t\t<div id=\"tab-mapa-de-actividades\" data-tab-icon=\"\" class=\"wpb_tab ui-tabs-panel wpb_ui-tabs-hide clearfix\">\n\t\t\t\t<div id=\"fws_69dc3db422258\" data-midnight=\"\" data-column-margin=\"default\" data-bg-mobile-hidden=\"\" class=\"wpb_row vc_row-fluid vc_row inner_row standard_section\"  style=\"padding-top: 0px; padding-bottom: 0px; \"><div class=\"row-bg-wrap\"> <div class=\"row-bg\"  style=\"\"><\/div> <\/div><div class=\"col span_12  left\">\n\t<div  class=\"vc_col-sm-12 wpb_column column_container vc_column_container col child_column padding-2-percent\"   data-t-w-inherits=\"default\" data-shadow=\"none\" data-border-radius=\"none\" data-border-animation=\"\" data-border-animation-delay=\"\" data-border-width=\"none\" data-border-style=\"solid\" data-border-color=\"\" data-bg-cover=\"\" data-padding-pos=\"right\" data-has-bg-color=\"false\" data-bg-color=\"\" data-bg-opacity=\"1\" data-hover-bg=\"\" data-hover-bg-opacity=\"1\" data-animation=\"\" data-delay=\"0\">\n\t\t<div class=\"vc_column-inner\" ><div class=\"column-bg-overlay-wrap\" data-bg-animation=\"none\"><div class=\"column-bg-overlay\"><\/div><\/div>\n\t\t<div class=\"wpb_wrapper\">\n\t\t\t\n\t<div class=\"wpb_raw_code wpb_content_element wpb_raw_html\" >\n\t\t<div class=\"wpb_wrapper\">\n\t\t\t<iframe src=\"https:\/\/www.google.com\/maps\/d\/u\/2\/embed?mid=1HfklB51t0gAEoZhPjy6jLr4lQ6B1ghPd\" width=\"100%\" height=\"600\"><\/iframe>\n\t\t<\/div>\n\t<\/div>\n\n\t\t<\/div> \n\t<\/div>\n\t<\/div> \n<\/div><\/div>\n\t\t\t<\/div> \n\t\t\t<div id=\"tab-concurso-fotografico\" data-tab-icon=\"\" class=\"wpb_tab ui-tabs-panel wpb_ui-tabs-hide clearfix\">\n\t\t\t\t<div id=\"fws_69dc3db422894\" data-midnight=\"\" data-column-margin=\"default\" data-bg-mobile-hidden=\"\" class=\"wpb_row vc_row-fluid vc_row inner_row  vc_row-o-equal-height vc_row-flex standard_section\"  style=\"padding-top: 0px; padding-bottom: 0px; \"><div class=\"row-bg-wrap\"> <div class=\"row-bg\"  style=\"\"><\/div> <\/div><div class=\"col span_12  left\">\n\t<div  class=\"vc_col-sm-12 wpb_column column_container vc_column_container col child_column padding-2-percent\"   data-t-w-inherits=\"default\" data-shadow=\"none\" data-border-radius=\"none\" data-border-animation=\"\" data-border-animation-delay=\"\" data-border-width=\"none\" data-border-style=\"solid\" data-border-color=\"\" data-bg-cover=\"\" data-padding-pos=\"right\" data-has-bg-color=\"false\" data-bg-color=\"\" data-bg-opacity=\"1\" data-hover-bg=\"\" data-hover-bg-opacity=\"1\" data-animation=\"\" data-delay=\"0\">\n\t\t<div class=\"vc_column-inner\" ><div class=\"column-bg-overlay-wrap\" data-bg-animation=\"none\"><div class=\"column-bg-overlay\"><\/div><\/div>\n\t\t<div class=\"wpb_wrapper\">\n\t\t\t\r\n<div class=\"wpb_text_column wpb_content_element\" >\r\n\t<div class=\"wpb_wrapper\">\r\n\t\t<p>[insta-gallery id=\u00bb1&#8243;]<\/p>\n\t<\/div>\r\n<\/div>\r\n\r\n\r\n\r\n\n\t\t<\/div> \n\t<\/div>\n\t<\/div> \n<\/div><\/div>\n\t\t\t<\/div> \n\t\t\t<div id=\"tab-propuestas-de-interes\" data-tab-icon=\"\" class=\"wpb_tab ui-tabs-panel wpb_ui-tabs-hide clearfix\">\n\t\t\t\t<div id=\"fws_69dc3db422e45\" data-midnight=\"\" data-column-margin=\"default\" data-bg-mobile-hidden=\"\" class=\"wpb_row vc_row-fluid vc_row inner_row standard_section\"  style=\"padding-top: 0px; padding-bottom: 0px; \"><div class=\"row-bg-wrap\"> <div class=\"row-bg\"  style=\"\"><\/div> <\/div><div class=\"col span_12  left\">\n\t<div  class=\"vc_col-sm-6 wpb_column column_container vc_column_container col child_column padding-3-percent\"   data-t-w-inherits=\"default\" data-shadow=\"none\" data-border-radius=\"none\" data-border-animation=\"\" data-border-animation-delay=\"\" data-border-width=\"none\" data-border-style=\"solid\" data-border-color=\"\" data-bg-cover=\"\" data-padding-pos=\"right\" data-has-bg-color=\"false\" data-bg-color=\"\" data-bg-opacity=\"1\" data-hover-bg=\"\" data-hover-bg-opacity=\"1\" data-animation=\"\" data-delay=\"0\">\n\t\t<div class=\"vc_column-inner\" ><div class=\"column-bg-overlay-wrap\" data-bg-animation=\"none\"><div class=\"column-bg-overlay\"><\/div><\/div>\n\t\t<div class=\"wpb_wrapper\">\n\t\t\t\r\n<div class=\"wpb_text_column wpb_content_element\" >\r\n\t<div class=\"wpb_wrapper\">\r\n\t\t<h6><strong><a href=\"https:\/\/elgatoylacaja.com.ar\/tabla-periodica-de-los-elementos\/\"><img decoding=\"async\" class=\"wp-image-7450 alignleft\" src=\"http:\/\/forocilac.org\/wp-content\/uploads\/2019\/11\/gato-y-la-caja-tabla-300x183.jpg\" alt=\"\" width=\"234\" height=\"143\" srcset=\"http:\/\/forocilac.org\/wp-content\/uploads\/2019\/11\/gato-y-la-caja-tabla-300x183.jpg 300w, http:\/\/forocilac.org\/wp-content\/uploads\/2019\/11\/gato-y-la-caja-tabla-768x468.jpg 768w, http:\/\/forocilac.org\/wp-content\/uploads\/2019\/11\/gato-y-la-caja-tabla-1024x624.jpg 1024w, http:\/\/forocilac.org\/wp-content\/uploads\/2019\/11\/gato-y-la-caja-tabla-500x305.jpg 500w, http:\/\/forocilac.org\/wp-content\/uploads\/2019\/11\/gato-y-la-caja-tabla-800x487.jpg 800w, http:\/\/forocilac.org\/wp-content\/uploads\/2019\/11\/gato-y-la-caja-tabla.jpg 1267w\" sizes=\"(max-width: 234px) 100vw, 234px\" \/><\/a><a href=\"https:\/\/elgatoylacaja.com.ar\/tabla-periodica-de-los-elementos\/\">The Cat and the Box Periodic Table<\/a><\/strong><\/h6>\n<p><span style=\"color: #ffffff; line-height: 30px;\"><a style=\"color: #ffffff;\" href=\"https:\/\/elgatoylacaja.com.ar\/tabla\">The universe on a table, a highly open and collaborative project so that we are many people telling different stories about the elements that make up our Universe.<\/a><\/span><\/p>\n\t<\/div>\r\n<\/div>\r\n\r\n\r\n\r\n\n\t\t<\/div> \n\t<\/div>\n\t<\/div> \n\n\t<div  class=\"vc_col-sm-6 wpb_column column_container vc_column_container col child_column no-extra-padding\"   data-t-w-inherits=\"default\" data-shadow=\"none\" data-border-radius=\"none\" data-border-animation=\"\" data-border-animation-delay=\"\" data-border-width=\"none\" data-border-style=\"solid\" data-border-color=\"\" data-bg-cover=\"\" data-padding-pos=\"all\" data-has-bg-color=\"false\" data-bg-color=\"\" data-bg-opacity=\"1\" data-hover-bg=\"\" data-hover-bg-opacity=\"1\" data-animation=\"\" data-delay=\"0\">\n\t\t<div class=\"vc_column-inner\" ><div class=\"column-bg-overlay-wrap\" data-bg-animation=\"none\"><div class=\"column-bg-overlay\"><\/div><\/div>\n\t\t<div class=\"wpb_wrapper\">\n\t\t\t<div class=\"nectar-fancy-ul\" data-list-icon=\"icon-chevron-right\" data-animation=\"false\" data-animation-delay=\"0\" data-color=\"extra-color-3\" data-spacing=\"default\" data-alignment=\"left\"> \n<ul>\n<li><strong><span style=\"color: #ffffff; line-height: 30px;\"><a style=\"color: #ffffff;\" href=\"https:\/\/www.revistac2.com\/tabla-periodica\/\">Periodic Table of C2 Magazine \u2013 Science and Culture<\/a><\/span><\/strong><\/li>\n<li><strong><span style=\"color: #ffffff; line-height: 30px;\"><a style=\"color: #ffffff;\" href=\"http:\/\/forocilac.org\/wp-content\/uploads\/2019\/11\/La-influyente-qu\u00edmica-de-Primo-Levi.pdf\">The influential chemistry of Primo Levi \u2013 Carol Perelman Khodari<\/a><\/span><\/strong><\/li>\n<li><strong><span style=\"color: #ffffff; line-height: 30px;\"><a style=\"color: #ffffff;\" href=\"http:\/\/forocilac.org\/wp-content\/uploads\/2019\/11\/El-abecedario-universal-cumple-a%C3%B1os.pdf\">The universal alphabet celebrates its birthday \u2013 Carol Perelman Khodari<\/a><\/span><\/strong><\/li>\n<li><strong><span style=\"color: #ffffff; line-height: 30px;\"><a style=\"color: #ffffff;\" href=\"https:\/\/www.c6naescola.com.br\/\">Book: a mergulho in the Periodic Table<\/a><\/span><\/strong><\/li>\n<li><strong><span style=\"color: #ffffff; line-height: 30px;\"><a style=\"color: #ffffff;\" href=\"https:\/\/zenodo.org\/record\/3263989#.XfpbttVKipp\">Periodic Table of the Open Research Ecosystem \u2013 Micah Vandegrift, Abby Vandegrift<\/a><\/span><\/strong><\/li>\n<li><strong><span style=\"color: #ffffff; line-height: 30px;\"><a style=\"color: #ffffff;\" href=\"https:\/\/youtu.be\/bEUs8c_TGk4k\">150 years of the periodic table within the framework of the history of the evolution of the universe and cultural diversity \u2013 Argelis Guadamuz, Inola Mapp<\/a><\/span><\/strong><\/li>\n<\/ul>\n <\/div>\n\t\t<\/div> \n\t<\/div>\n\t<\/div> \n<\/div><\/div>\n\t\t\t<\/div> \n\t\t<\/div> \n\t<\/div> \n\t\t\t<\/div> \n\t\t<\/div>\n\t<\/div> \n<\/div><\/div>","protected":false},"excerpt":{"rendered":"\u00a1Ayudanos a completar la tabla! 2019 fue declarado el el A\u00f1o Internacional de la Tabla Peri\u00f3dica de los Elementos Qu\u00edmicos, celebrando 150 a\u00f1os desde que Dmitri I. Mendel\u00e9iev cre\u00f3 el...","protected":false},"author":5,"featured_media":0,"parent":0,"menu_order":0,"comment_status":"closed","ping_status":"closed","template":"","meta":{"footnotes":""},"class_list":["post-6225","page","type-page","status-publish"],"aioseo_notices":[],"_links":{"self":[{"href":"http:\/\/forocilac.org\/en\/wp-json\/wp\/v2\/pages\/6225","targetHints":{"allow":["GET"]}}],"collection":[{"href":"http:\/\/forocilac.org\/en\/wp-json\/wp\/v2\/pages"}],"about":[{"href":"http:\/\/forocilac.org\/en\/wp-json\/wp\/v2\/types\/page"}],"author":[{"embeddable":true,"href":"http:\/\/forocilac.org\/en\/wp-json\/wp\/v2\/users\/5"}],"replies":[{"embeddable":true,"href":"http:\/\/forocilac.org\/en\/wp-json\/wp\/v2\/comments?post=6225"}],"version-history":[{"count":52,"href":"http:\/\/forocilac.org\/en\/wp-json\/wp\/v2\/pages\/6225\/revisions"}],"predecessor-version":[{"id":40778,"href":"http:\/\/forocilac.org\/en\/wp-json\/wp\/v2\/pages\/6225\/revisions\/40778"}],"wp:attachment":[{"href":"http:\/\/forocilac.org\/en\/wp-json\/wp\/v2\/media?parent=6225"}],"curies":[{"name":"wp","href":"https:\/\/api.w.org\/{rel}","templated":true}]}}