{"id":680,"date":"2016-04-10T16:36:19","date_gmt":"2016-04-10T16:36:19","guid":{"rendered":"http:\/\/forocilac.org\/?page_id=680"},"modified":"2016-07-06T18:35:00","modified_gmt":"2016-07-06T18:35:00","slug":"acerca-del-latu","status":"publish","type":"page","link":"http:\/\/forocilac.org\/en\/acerca-del-latu\/","title":{"rendered":"Acerca del LATU"},"content":{"rendered":"<div id=\"fws_69f5a510e7390\"  data-column-margin=\"default\" data-midnight=\"dark\"  data-bg-mobile-hidden=\"\" class=\"wpb_row vc_row-fluid vc_row standard_section\"  style=\"padding-top: 0px; padding-bottom: 0px; \"><div class=\"row-bg-wrap\" data-bg-animation=\"none\" data-bg-overlay=\"false\"><div class=\"inner-wrap\"><div class=\"row-bg\"  style=\"\"><\/div><\/div><div class=\"row-bg-overlay\" ><\/div><\/div><div class=\"col span_12 dark left\">\n\t<div  class=\"vc_col-sm-12 wpb_column column_container vc_column_container col padding-5-percent\"  data-t-w-inherits=\"default\" data-border-radius=\"none\" data-shadow=\"none\" data-border-animation=\"\" data-border-animation-delay=\"\" data-border-width=\"none\" data-border-style=\"\" data-border-color=\"\" data-bg-cover=\"\" data-padding-pos=\"left-right\" data-has-bg-color=\"false\" data-bg-color=\"\" data-bg-opacity=\"1\" data-hover-bg=\"\" data-hover-bg-opacity=\"1\" data-animation=\"\" data-delay=\"0\" >\n\t\t<div class=\"vc_column-inner\" ><div class=\"column-bg-overlay-wrap\" data-bg-animation=\"none\"><div class=\"column-bg-overlay\"><\/div><\/div>\n\t\t\t<div class=\"wpb_wrapper\">\n\t\t\t\t\r\n<div class=\"wpb_text_column wpb_content_element\" >\r\n\t<div class=\"wpb_wrapper\">\r\n\t\t<p>He <strong>Laboratorio Tecnol\u00f3gico del Uruguay<\/strong> es una organizaci\u00f3n fundada\u00a0en 1965 como resultado\u00a0del trabajo\u00a0conjunto de los sectores oficial y privado. Su denominaci\u00f3n inicial fue\u00a0Laboratorio de An\u00e1lisis y Ensayos, pero\u00a0desde\u00a0el 28 de agosto de 1975 se utiliza\u00a0su\u00a0actual denominaci\u00f3n.<\/p>\n\t<\/div>\r\n<\/div>\r\n\r\n\r\n\r\n\n\t\t\t<\/div> \n\t\t<\/div>\n\t<\/div> \n<\/div><\/div>\n\t\t<div id=\"fws_69f5a510e7a46\"  data-column-margin=\"default\" data-midnight=\"dark\"  data-bg-mobile-hidden=\"\" class=\"wpb_row vc_row-fluid vc_row standard_section\"  style=\"padding-top: 0px; padding-bottom: 0px; \"><div class=\"row-bg-wrap\" data-bg-animation=\"none\" data-bg-overlay=\"false\"><div class=\"inner-wrap\"><div class=\"row-bg\"  style=\"\"><\/div><\/div><div class=\"row-bg-overlay\" ><\/div><\/div><div class=\"col span_12 dark left\">\n\t<div  class=\"vc_col-sm-6 wpb_column column_container vc_column_container col padding-5-percent\"  data-t-w-inherits=\"default\" data-border-radius=\"none\" data-shadow=\"none\" data-border-animation=\"\" data-border-animation-delay=\"\" data-border-width=\"none\" data-border-style=\"\" data-border-color=\"\" data-bg-cover=\"\" data-padding-pos=\"all\" data-has-bg-color=\"false\" data-bg-color=\"\" data-bg-opacity=\"1\" data-hover-bg=\"\" data-hover-bg-opacity=\"1\" data-animation=\"\" data-delay=\"0\" >\n\t\t<div class=\"vc_column-inner\" ><div class=\"column-bg-overlay-wrap\" data-bg-animation=\"none\"><div class=\"column-bg-overlay\"><\/div><\/div>\n\t\t\t<div class=\"wpb_wrapper\">\n\t\t\t\t\r\n<div class=\"wpb_text_column wpb_content_element\" >\r\n\t<div class=\"wpb_wrapper\">\r\n\t\t<h5 style=\"text-align: center;\"><div class=\"nectar_icon_wrap\"><span class=\"svg-icon-holder\" data-size=\"\" data-animation-speed=\"200\" data-animation=\"false\" data-animation-delay=\"\" data-color=\"accent-color\"><span><!-- Generator: Adobe Illustrator 16.0.0, SVG Export Plug-In . SVG Version: 6.00 Build 0)  -->\r\n<svg version=\"1.1\"  xmlns=\"http:\/\/www.w3.org\/2000\/svg\" xmlns:xlink=\"http:\/\/www.w3.org\/1999\/xlink\" x=\"0px\" y=\"0px\"\r\n\t width=\"64px\" height=\"64px\" viewbox=\"0 0 64 64\" enable-background=\"new 0 0 64 64\" xml:space=\"preserve\">\r\n<line fill=\"none\" stroke=\"#000000\" stroke-width=\"2\" stroke-miterlimit=\"10\" x1=\"12\" y1=\"0\" x2=\"12\" y2=\"64\"\/>\r\n<polyline fill=\"none\" stroke=\"#000000\" stroke-width=\"2\" stroke-miterlimit=\"10\" points=\"12,6 53,6 47,18 53,30 12,30 \"\/>\r\n<\/svg>\r\n<\/span><\/span><\/div><br \/>\nMisi\u00f3n<\/h5>\n<p>Impulsar el desarrollo sustentable del pa\u00eds y su inserci\u00f3n internacional, a trav\u00e9s de la innovaci\u00f3n y la transferencia de soluciones de valor en servicios anal\u00edticos, metrol\u00f3gicos, tecnol\u00f3gicos, de gesti\u00f3n y evaluaci\u00f3n de la conformidad de acuerdo a la normativa aplicable.<\/p>\n<h5><\/h5>\n\t<\/div>\r\n<\/div>\r\n\r\n\r\n\r\n\n\t\t\t<\/div> \n\t\t<\/div>\n\t<\/div> \n\n\t<div  class=\"vc_col-sm-6 wpb_column column_container vc_column_container col padding-5-percent\"  data-t-w-inherits=\"default\" data-border-radius=\"none\" data-shadow=\"none\" data-border-animation=\"\" data-border-animation-delay=\"\" data-border-width=\"none\" data-border-style=\"\" data-border-color=\"\" data-bg-cover=\"\" data-padding-pos=\"all\" data-has-bg-color=\"false\" data-bg-color=\"\" data-bg-opacity=\"1\" data-hover-bg=\"\" data-hover-bg-opacity=\"1\" data-animation=\"\" data-delay=\"0\" >\n\t\t<div class=\"vc_column-inner\" ><div class=\"column-bg-overlay-wrap\" data-bg-animation=\"none\"><div class=\"column-bg-overlay\"><\/div><\/div>\n\t\t\t<div class=\"wpb_wrapper\">\n\t\t\t\t\r\n<div class=\"wpb_text_column wpb_content_element\" >\r\n\t<div class=\"wpb_wrapper\">\r\n\t\t<h5 style=\"text-align: center;\"><div class=\"nectar_icon_wrap\"><span class=\"svg-icon-holder\" data-size=\"\" data-animation-speed=\"200\" data-animation=\"false\" data-animation-delay=\"\" data-color=\"extra-color-1\"><span><!-- Generator: Adobe Illustrator 16.0.0, SVG Export Plug-In . SVG Version: 6.00 Build 0)  -->\r\n<svg version=\"1.1\"  xmlns=\"http:\/\/www.w3.org\/2000\/svg\" xmlns:xlink=\"http:\/\/www.w3.org\/1999\/xlink\" x=\"0px\" y=\"0px\"\r\n\t width=\"64px\" height=\"64px\" viewbox=\"0 0 64 64\" enable-background=\"new 0 0 64 64\" xml:space=\"preserve\">\r\n<circle fill=\"none\" stroke=\"#000000\" stroke-width=\"2\" stroke-miterlimit=\"10\" cx=\"51\" cy=\"13\" r=\"12\"\/>\r\n<circle fill=\"none\" stroke=\"#000000\" stroke-width=\"2\" stroke-miterlimit=\"10\" cx=\"11\" cy=\"42\" r=\"10\"\/>\r\n<circle fill=\"none\" stroke=\"#000000\" stroke-width=\"2\" stroke-miterlimit=\"10\" cx=\"48\" cy=\"55\" r=\"8\"\/>\r\n<line fill=\"none\" stroke=\"#000000\" stroke-width=\"2\" stroke-miterlimit=\"10\" x1=\"40\" y1=\"54\" x2=\"20\" y2=\"46\"\/>\r\n<line fill=\"none\" stroke=\"#000000\" stroke-width=\"2\" stroke-miterlimit=\"10\" x1=\"19\" y1=\"35\" x2=\"41\" y2=\"21\"\/>\r\n<\/svg>\r\n<\/span><\/span><\/div><br \/>\nAdministraci\u00f3n<\/h5>\n<p>LATU es persona de derecho p\u00fablico no estatal.\u00a0Su\u00a0administraci\u00f3n consta de un directorio integrado por:<\/p>\n<ul>\n<li>Un representante del Poder Ejecutivo (Ministerio de Industria, Energ\u00eda y Miner\u00eda), que ocupa la presidencia<\/li>\n<li>Un representante de la C\u00e1mara de Industrias del Uruguay<\/li>\n<li>Un representante del Banco Rep\u00fablica<\/li>\n<\/ul>\n\t<\/div>\r\n<\/div>\r\n\r\n\r\n\r\n\n\t\t\t<\/div> \n\t\t<\/div>\n\t<\/div> \n<\/div><\/div>\n\t\t<div id=\"plano-latu\"  data-column-margin=\"default\" data-midnight=\"dark\"  data-bg-mobile-hidden=\"\" class=\"wpb_row vc_row-fluid vc_row standard_section\"  style=\"padding-top: 0px; padding-bottom: 40px; \"><div class=\"row-bg-wrap\" data-bg-animation=\"none\" data-bg-overlay=\"false\"><div class=\"inner-wrap\"><div class=\"row-bg\"  style=\"\"><\/div><\/div><div class=\"row-bg-overlay\" ><\/div><\/div><div class=\"col span_12 dark left\">\n\t<div  class=\"vc_col-sm-12 wpb_column column_container vc_column_container col padding-5-percent\"  data-t-w-inherits=\"default\" data-border-radius=\"none\" data-shadow=\"none\" data-border-animation=\"\" data-border-animation-delay=\"\" data-border-width=\"none\" data-border-style=\"\" data-border-color=\"\" data-bg-cover=\"\" data-padding-pos=\"left-right\" data-has-bg-color=\"false\" data-bg-color=\"\" data-bg-opacity=\"1\" data-hover-bg=\"\" data-hover-bg-opacity=\"1\" data-animation=\"\" data-delay=\"0\" >\n\t\t<div class=\"vc_column-inner\" ><div class=\"column-bg-overlay-wrap\" data-bg-animation=\"none\"><div class=\"column-bg-overlay\"><\/div><\/div>\n\t\t\t<div class=\"wpb_wrapper\">\n\t\t\t\t\r\n<div class=\"wpb_text_column wpb_content_element\" >\r\n\t<div class=\"wpb_wrapper\">\r\n\t\t<h5>Plano del edificio del LATU<\/h5>\n\t<\/div>\r\n<\/div>\r\n\r\n\r\n\r\n<div class=\"divider-wrap\" data-alignment=\"default\"><div style=\"height: 20px;\" class=\"divider\"><\/div><\/div><div class=\"img-with-aniamtion-wrap center\" data-max-width=\"100%\" data-max-width-mobile=\"100%\" data-border-radius=\"\" data-shadow=\"none\" data-animation=\"fade-in\" >\r\n      <div class=\"inner\">\r\n        <div class=\"hover-wrap\" data-hover-animation=\"none\"> \r\n          <div class=\"hover-wrap-inner\">\r\n            <a href=\"http:\/\/forocilac.org\/wp-content\/uploads\/2016\/04\/mapa-del-latu-marzo-2016-big.png\" class=\"pp center\">\r\n              <img fetchpriority=\"high\" decoding=\"async\" class=\"img-with-animation skip-lazy\" data-delay=\"0\" height=\"822\" width=\"1349\" data-animation=\"fade-in\" src=\"http:\/\/forocilac.org\/wp-content\/uploads\/2016\/04\/mapa-del-latu-marzo-2016-big.png\" alt=\"Plano del LATU\" srcset=\"http:\/\/forocilac.org\/wp-content\/uploads\/2016\/04\/mapa-del-latu-marzo-2016-big.png 1349w, http:\/\/forocilac.org\/wp-content\/uploads\/2016\/04\/mapa-del-latu-marzo-2016-big-300x183.png 300w, http:\/\/forocilac.org\/wp-content\/uploads\/2016\/04\/mapa-del-latu-marzo-2016-big-768x468.png 768w, http:\/\/forocilac.org\/wp-content\/uploads\/2016\/04\/mapa-del-latu-marzo-2016-big-1024x624.png 1024w, http:\/\/forocilac.org\/wp-content\/uploads\/2016\/04\/mapa-del-latu-marzo-2016-big-100x61.png 100w\" sizes=\"(min-width: 1450px) 75vw, (min-width: 1000px) 85vw, 100vw\" \/>\r\n            <\/a>\r\n          <\/div>\r\n        <\/div>\r\n      <\/div>\r\n      <\/div>\n\t\t\t<\/div> \n\t\t<\/div>\n\t<\/div> \n<\/div><\/div>\n\t\t<div id=\"imagenes-latu\"  data-column-margin=\"default\" data-midnight=\"dark\"  data-bg-mobile-hidden=\"\" class=\"wpb_row vc_row-fluid vc_row standard_section\"  style=\"padding-top: 0px; padding-bottom: 40px; \"><div class=\"row-bg-wrap\" data-bg-animation=\"none\" data-bg-overlay=\"false\"><div class=\"inner-wrap\"><div class=\"row-bg\"  style=\"\"><\/div><\/div><div class=\"row-bg-overlay\" ><\/div><\/div><div class=\"col span_12 dark left\">\n\t<div  class=\"vc_col-sm-12 wpb_column column_container vc_column_container col padding-5-percent\"  data-t-w-inherits=\"default\" data-border-radius=\"none\" data-shadow=\"none\" data-border-animation=\"\" data-border-animation-delay=\"\" data-border-width=\"none\" data-border-style=\"\" data-border-color=\"\" data-bg-cover=\"\" data-padding-pos=\"left-right\" data-has-bg-color=\"false\" data-bg-color=\"\" data-bg-opacity=\"1\" data-hover-bg=\"\" data-hover-bg-opacity=\"1\" data-animation=\"\" data-delay=\"0\" >\n\t\t<div class=\"vc_column-inner\" ><div class=\"column-bg-overlay-wrap\" data-bg-animation=\"none\"><div class=\"column-bg-overlay\"><\/div><\/div>\n\t\t\t<div class=\"wpb_wrapper\">\n\t\t\t\t\r\n<div class=\"wpb_text_column wpb_content_element\" >\r\n\t<div class=\"wpb_wrapper\">\r\n\t\t<h5>Im\u00e1genes<\/h5>\n<p>(fuente: LATU.org.uy)<\/p>\n\t<\/div>\r\n<\/div>\r\n\r\n\r\n\r\n<div class=\"divider-wrap\" data-alignment=\"default\"><div style=\"height: 30px;\" class=\"divider\"><\/div><\/div>\n\t<div class=\"wpb_gallery wpb_content_element clearfix\">\n\t\t<div class=\"wpb_wrapper\"><div class=\"wpb_gallery_slides wpb_flexslider flex-gallery flexslider\" data-onclick=\"link_image\" data-interval=\"5\" data-flex_fx=\"fade\"><ul class=\"slides\"><li><a href=\"http:\/\/forocilac.org\/wp-content\/uploads\/2016\/04\/Exterior.jpg\"><img decoding=\"async\" class=\"skip-lazy\" src=\"http:\/\/forocilac.org\/wp-content\/uploads\/2016\/04\/Exterior-600x400.jpg\" width=\"600\" height=\"400\" alt=\"Exterior\" title=\"Abroad\" \/><\/a><\/li><li><a href=\"http:\/\/forocilac.org\/wp-content\/uploads\/2016\/04\/Vista-a\u00e9rea.jpg\"><img decoding=\"async\" class=\"skip-lazy\" src=\"http:\/\/forocilac.org\/wp-content\/uploads\/2016\/04\/Vista-a\u00e9rea-600x400.jpg\" width=\"600\" height=\"400\" alt=\"Vista a\u00e9rea\" title=\"Aerial view\" \/><\/a><\/li><li><a href=\"http:\/\/forocilac.org\/wp-content\/uploads\/2016\/04\/Fachada.jpg\"><img loading=\"lazy\" decoding=\"async\" class=\"skip-lazy\" src=\"http:\/\/forocilac.org\/wp-content\/uploads\/2016\/04\/Fachada-600x400.jpg\" width=\"600\" height=\"400\" alt=\"Fachada\" title=\"Facade\" \/><\/a><\/li><li><a href=\"http:\/\/forocilac.org\/wp-content\/uploads\/2016\/04\/Sala-de-eventos.jpg\"><img loading=\"lazy\" decoding=\"async\" class=\"skip-lazy\" src=\"http:\/\/forocilac.org\/wp-content\/uploads\/2016\/04\/Sala-de-eventos-600x400.jpg\" width=\"600\" height=\"400\" alt=\"Sala de eventos\" title=\"Event hall\" \/><\/a><\/li><\/ul><\/div>\n\t\t<\/div> \n\t<\/div> \n\t\t\t<\/div> \n\t\t<\/div>\n\t<\/div> \n<\/div><\/div>","protected":false},"excerpt":{"rendered":"El Laboratorio Tecnol\u00f3gico del Uruguay es una organizaci\u00f3n fundada\u00a0en 1965 como resultado\u00a0del trabajo\u00a0conjunto de los sectores oficial y privado. Su denominaci\u00f3n inicial fue\u00a0Laboratorio de An\u00e1lisis y Ensayos, pero\u00a0desde\u00a0el 28 de...","protected":false},"author":1,"featured_media":0,"parent":0,"menu_order":0,"comment_status":"closed","ping_status":"closed","template":"page-sidebar.php","meta":{"footnotes":""},"class_list":["post-680","page","type-page","status-publish"],"aioseo_notices":[],"_links":{"self":[{"href":"http:\/\/forocilac.org\/en\/wp-json\/wp\/v2\/pages\/680","targetHints":{"allow":["GET"]}}],"collection":[{"href":"http:\/\/forocilac.org\/en\/wp-json\/wp\/v2\/pages"}],"about":[{"href":"http:\/\/forocilac.org\/en\/wp-json\/wp\/v2\/types\/page"}],"author":[{"embeddable":true,"href":"http:\/\/forocilac.org\/en\/wp-json\/wp\/v2\/users\/1"}],"replies":[{"embeddable":true,"href":"http:\/\/forocilac.org\/en\/wp-json\/wp\/v2\/comments?post=680"}],"version-history":[{"count":14,"href":"http:\/\/forocilac.org\/en\/wp-json\/wp\/v2\/pages\/680\/revisions"}],"predecessor-version":[{"id":965,"href":"http:\/\/forocilac.org\/en\/wp-json\/wp\/v2\/pages\/680\/revisions\/965"}],"wp:attachment":[{"href":"http:\/\/forocilac.org\/en\/wp-json\/wp\/v2\/media?parent=680"}],"curies":[{"name":"wp","href":"https:\/\/api.w.org\/{rel}","templated":true}]}}