{"id":7256,"date":"2019-08-28T00:46:13","date_gmt":"2019-08-28T00:46:13","guid":{"rendered":"http:\/\/forocilac.org\/?page_id=7256"},"modified":"2019-08-28T00:46:13","modified_gmt":"2019-08-28T00:46:13","slug":"declaracion-de-panama-sobre-ciencia-abierta","status":"publish","type":"page","link":"http:\/\/forocilac.org\/en\/declaracion-de-panama-sobre-ciencia-abierta\/","title":{"rendered":"Declaraci\u00f3n de Panam\u00e1 sobre Ciencia Abierta"},"content":{"rendered":"<div id=\"fws_69df7f3daf436\"  data-column-margin=\"default\" data-midnight=\"dark\"  data-bg-mobile-hidden=\"\" class=\"wpb_row vc_row-fluid vc_row standard_section\"  style=\"padding-top: 0px; padding-bottom: 0px; \"><div class=\"row-bg-wrap\" data-bg-animation=\"none\" data-bg-overlay=\"false\"><div class=\"inner-wrap\"><div class=\"row-bg\"  style=\"\"><\/div><\/div><div class=\"row-bg-overlay\" ><\/div><\/div><div class=\"col span_12 dark left\">\n\t<div  class=\"vc_col-sm-12 wpb_column column_container vc_column_container col no-extra-padding\"  data-t-w-inherits=\"default\" data-border-radius=\"none\" data-shadow=\"none\" data-border-animation=\"\" data-border-animation-delay=\"\" data-border-width=\"none\" data-border-style=\"\" data-border-color=\"\" data-bg-cover=\"\" data-padding-pos=\"all\" data-has-bg-color=\"false\" data-bg-color=\"\" data-bg-opacity=\"1\" data-hover-bg=\"\" data-hover-bg-opacity=\"1\" data-animation=\"\" data-delay=\"0\" >\n\t\t<div class=\"vc_column-inner\" ><div class=\"column-bg-overlay-wrap\" data-bg-animation=\"none\"><div class=\"column-bg-overlay\"><\/div><\/div>\n\t\t\t<div class=\"wpb_wrapper\">\n\t\t\t\t\r\n<div class=\"wpb_text_column wpb_content_element\" >\r\n\t<div class=\"wpb_wrapper\">\r\n\t\t<h4><strong>PANAMA DECLARATION ON OPEN SCIENCE<\/strong><\/h4>\n\t<\/div>\r\n<\/div>\r\n\r\n\r\n\r\n<div class=\"divider-wrap\" data-alignment=\"default\"><div style=\"height: 20px;\" class=\"divider\"><\/div><\/div>\r\n<div class=\"wpb_text_column wpb_content_element\" >\r\n\t<div class=\"wpb_wrapper\">\r\n\t\t<p>Members of the university and civil society organizations of Latin America and the Caribbean, gathered in Panama City in a parallel event to the CILAC 2018 Forum, we understand that knowledge is a common good. We want to make public our confidence in the role of science as an engine of democracy, freedom and social justice in the current historical moment. We want more science and we want it to be open. We consider it necessary to move towards collaborative models of creation, management, communication, preservation and appropriation between Academia-Citizenship-State-Company. Therefore, we recognize that opening science requires going beyond open access, we need to regain society&#039;s leadership role and reclaim the right of citizens to produce and benefit from science, technology and innovation. (OCSDNet).<\/p>\n<p>Within the Sustainable Development Goals, we recognize the importance of ensuring equitable access to quality education and the development of scientific knowledge and socially useful technologies to address the development challenges of our nations. These challenges require greater social participation and strengthening the scientific culture of citizens, which is not possible without the opening of science.<\/p>\n<p>At the government level, there is growing interest in developing open science policies as a strategy to improve the efficiency and productivity of investment in science and technology. While this is true, it is essential that open science is also promoted as a fundamental tool to build citizenship and strengthen democracy.<\/p>\n<p>To take advantage of the full potential of science, we must advance in the design of policies that consider all the elements of open scientific practice with the particularities of our region and not only adopting international trends without any critical input.<\/p>\n<p>By tipping this statement, we want to help improve understanding of the benefits of open science and raise the need to develop comprehensive public policies that address the challenges of openness across the science of the research cycle:<\/p>\n<p>(A) Essential elements for open scientific practice:<br \/>\nOpen access, open data, open education, citizen science, open, reproducible and replicable research. Open evaluation and open peer review. Open tools and free software and hardware policies. Open infrastructures. Open source innovation Free licenses, equitable access to biological research material?<\/p>\n<p>(B) Public policy strategies for the implementation of open science<\/p>\n<p>We urge you to consider and implement the following strategies:<\/p>\n<p>1. Formulate national open science policies adapted to the problems of Latin America and the Caribbean. Promote openness in institutional Science, Technology and Innovation policies and promote the adoption of institutional open science policies that address the elements and strategies described in this document.<\/p>\n<p>2. Promotes open access publication under the Berlin Declaration of all search products in open access journals or interoperable open access repositories. This involves encouraging the use of open licenses, especially in research funded by public grants and national or multilateral funding agencies.<\/p>\n<p>3. Establish economic incentives for research that involves scientific components and promote financing for open source innovation processes in productive sectors and generation of public policies.<\/p>\n<p>4. Established models that recognize that collaboration between scientific actors and social communities is fundamental for the generation of knowledge and the development of capabilities in the region. Incentives must be incorporated for the equitable and meaningful participation of communities in the research processes that are developed from the academy, as well as the resolution of community problems through citizen science processes and open source innovation autonomously. civil society.<\/p>\n<p>5. Promote models for the evaluation and measurement of scientific production that value scientific cooperation, the construction and strengthening of knowledge networks and efforts to develop research capacities in citizenship. This implies the adoption of scientific production models that favor open access publication and the construction of open evaluation indicators, taking advantage of the capacities installed in Latin America and the Caribbean.<\/p>\n<p>6. Promote the development of open and interoperable regional platforms, infrastructures and tools and the strengthening of existing repositories of open documents, data and educational resources in academic and research institutions.<\/p>\n<p>7. Open scientific awareness and training programs for researchers, university teachers of all types, science administrators, higher education administrators and entrepreneurs, as well as introducing undergraduate and graduate students to the dynamics of open science. Establish pedagogical practices that aim to share knowledge and generate knowledge collaboratively.<\/p>\n<p>8. The development of citizen science implementation strategies that strengthen the processes of social appropriation of knowledge and promote science among the dynamics of daily life is considered a priority; Promote the generation and reuse of scientific knowledge of the communities, as well as their active participation in the processes of creating research agendas and priorities.<\/p>\n<p>9. Promote investments to create open research institutions that have physical, technological and human infrastructure for the development of scientific and innovation projects with broad citizen participation. Promote the creation of a network of open regional laboratories to create their own agenda of collaborative projects.<\/p>\n<p>10. Formulation of policies that focus on eradicating social inequalities in knowledge generation processes and closing gaps in participation based on race, ethnicity, disability or gender, and that promote science that addresses social justice and also recognize cognitive asymmetries between countries.<\/p>\n<p>11. Promote an open scientific network in the region that shares resources, data and infrastructure for research and innovation with permanent programs for the free exchange of researchers and students between different institutions through multilateral cooperation agreements.<\/p>\n<p>We recognize that the implementation of open science involves an important cultural change among the scientific and academic community, as well as the commitment and resource commitment of national and institutional scientific administrators. However, we know that the social benefits of developing science are worth the efforts we make in this regard, which is why our organizations aim to provide initiatives and solutions that assist in the early and optimal implementation of open science in America. Latin and the Caribbean. .<\/p>\n<p><strong>ANNEX \u2013 Detail of the guidelines for the construction of open scientific policies in Latin America and the Caribbean \u2013 2018<\/strong><\/p>\n<p>Current research focuses on global problems of structural inequality, established around the Sustainable Development Goals, which brings together the efforts of different communities, including scientists, to offer solutions from cooperative, multidisciplinary and transdisciplinary principles. These problems in Latin America and the Caribbean must be addressed from a regional perspective that recognizes the potential, difficulties and multiple opportunities of our countries. Among the initiatives that we recognize as inspiring are: Ubatuba Open Science Project (Brazil, IBICT), Innovation Laboratory for Peace (Colombia, National University of Colombia), Latindex-SciELO-Redalyc and CLACSO-LaRereference (LATAM), BIOLEFT: openings similar (Argentina, CENIT), SiB Colombia (Colombia, Alexander Von Humboldt Institute), Coordinator for the defense of water and life (Cochabamba, Bolivia).<\/p>\n<p>We want to advance the integration of new practices of open science through the incorporation of policies that involve the entire research cycle, including project design, collection, data processing analysis, the creation of infrastructure and the commitment to its sustainability, publication, dissemination and appropriation of the results. We seek to contribute to the design of policies that integrate and recognize the active role of all social actors in the process of scientific knowledge production by promoting inclusive processes of collective intelligence.<\/p>\n<p>(A) Essential elements for the practice of open science<\/p>\n<p>We urge government agencies, public and private institutions, science funding agencies and researchers, civil society and the city to promote the following definitions and practices of open science for Latin America and the Caribbean based on the following:<\/p>\n<p>1. Open Access:<br \/>\nIncludes open access publication contemplating Green Road (through repositories) and Golden Road (through journals with an open access policy with processing positions for authors, not for authors), for printers, preprints, gray materials and publications of any as<\/p>\n<p>Design strategies for the creation and improvement of the quality of scientific journals and their dissemination in open access published in Latin America, and promote the development of skills of editorial teams.<br \/>\nDesign strategies for the development and strengthening of interoperable digital repositories (national, institutional and\/or thematic) using existing metadata and regional guidelines.<br \/>\nEncourage the use of open access information resources and promote them in information literacy programs.<\/p>\n<p>2. Open Data:<br \/>\nThis is data that can be freely used, reused, and redistributed by anyone, and is subject to attribution and sharing requirements in the same way it appears.<\/p>\n<p>Promote the publication of open research data in accordance with available licenses and standards, ensuring the reproduction of research results.<br \/>\nEnsure the implementation and use of open data mechanisms in government to improve transparency, cost-effectiveness and better public decision-making.<br \/>\nBoost transparency of algorithms and other private sector data collection mechanisms.<br \/>\nPromotion of data sovereignty strategies in the region.<br \/>\nPromote public and data collection initiatives throughout the city for scientific research.<\/p>\n<p>3. Open Education:<br \/>\nUnderstood as practices and policies that ensure access, opening, modification and reuse of Open Educational Resources (OER), data, methodologies and educational processes.<\/p>\n<p>Require environments for digital ownership of the production, access and use of open educational resources.<br \/>\nDissemination of open educational resources (OER) in order to integrate them into the educational system throughout life.<br \/>\nDevelop skills for the sustainable development of open quality learning materials.<br \/>\nCreation of OER repositories Conservation and conservation of OER.<br \/>\nFind policies on Open Education (OE) that value the link with other openness movements.<\/p>\n<p>4. Citizen science:<br \/>\nIt includes the collection, analysis and design of research projects with different actors of civil society, satisfying their social needs and respecting the diversity of knowledge and non-scientific knowledge.<\/p>\n<p>Ensure the social transfer of research products through open research agendas and the dissemination, appropriation and dissemination of science.<br \/>\nRecognize the community as a subject of the ICIPE research process and promote the capacity of citizens to generate knowledge of the communities.<br \/>\nPromote and recognize the scientific processes developed by civil society organizations and community spheres as people of their own well-being.<br \/>\nDevelop institutional capacities to support citizen science through the organization of workshops, intercalibration campaigns and instrument maintenance.<\/p>\n<p>5. Open, reproducible and replicable search:<br \/>\nIt includes opening the cycle of scientific or citizen research through the use of open tools and tools and the open publication of research protocol design and laboratory notes, data management plans, data and metadata.<\/p>\n<p>Promote open work methodologies and open collaborative workflows that promote local relevance, efficiency and reliability of scientific production.<br \/>\nIt includes defensive measures such as protection against cognitive biases, open research methodologies and methodological support, and transparency of documentation, annotations of scientific work and open research results (reproducible studies).<\/p>\n<p>Recognize an additional role in reproducibility in teaching research processes, since published data and the analysis process (code) can be used as educational resources in science and as a source of innovation.<\/p>\n<p>6. Open Evaluation:<br \/>\nUnderstood as transparent and reproducible science measurement models that value scientific publication, the generation of knowledge networks, community engagement and social impacts in solving regional problems.<\/p>\n<p>Open peer review that helps evaluate good practices of journals, editors, authors and reviewers in the validation, measurement (Bibliometrics and alternative measurement metrics) and publication of scientific information.<br \/>\nReconnect regional capabilities to measure the visibility and positioning of scientific production.<br \/>\nRecognize the impact on the resolution of immediate local problems as a privileged factor of scientific measurement.<br \/>\nModify academic evaluation systems to encourage publication in open access journals.<\/p>\n<p>7. Open Tools. Software and hardware policy:<br \/>\nIt comprises scientific software and instruments whose code, design documentation and tutorials are available under free licenses for study, reuse and modification.<\/p>\n<p>Prioritize free software for research (generation, dissemination and use of products, construction of unique identification networks of institutions, researchers, projects and research products).<br \/>\nCreate data repositories that serve disclosure journals, as well as other research products that are not necessarily published.<br \/>\nReleasing hardware and all code for software is essential.<br \/>\nModify academic evaluation systems to encourage the documentation, publication and distribution (under open\/free hardware license) of devices created and used in the generation of knowledge.<\/p>\n<p>8. Open Infrastructures:<br \/>\nIt includes data management, exhibition and preservation design tools that avoid asymmetric appropriation of results and ensure interoperability, transparency and equity of their use.<\/p>\n<p>Ensuring the sovereignty, sustainability and digital preservation of repositories over time includes data repositories produced by state public authorities, open access repositories, open educational resources (OER) repositories.<br \/>\nHave digital infrastructures co-created in the territory to facilitate access, preservation, appropriation and use of the communities.<br \/>\nAdoption of free software for the management, production and measurement of science.<br \/>\nAdoption of national collection nodes for repositories for visibility and impact measurement of national research products.<br \/>\nOpen laboratories.<\/p>\n<p>9. Open Source Innovation:<br \/>\nIt includes processes of creation and co-creation of knowledge products, between various social actors (scientific, governmental, urban and private), who are committed to working with open licenses, facilitating their use and commercialization, while ensuring their conditions of use. opening and opening. re-use<\/p>\n<p>Promote and reconnect innovation, integrated by various social actors (scientific, governmental, urban and private) as a means to solve social problems. Using open science methodologies and, therefore, reconnecting the city as the protagonist of its own development.<br \/>\nPromote the development of shared research agendas to improve the quality of life of the region&#039;s inhabitants.<br \/>\nGenerate collaborative development groups for innovation based on the incorporation of open science elements.<br \/>\nPublish the results of innovation processes in open access.<br \/>\nPromote the adoption and development of digital tools that enable the release of methods, discoveries and ideas into the public domain, creating \u201cprior art\u201d to avoid third-party ownership (e.g. public domain chronicle: https:\/\/biobricks.org \/pdc\/)<\/p>\n<p>10. Free licenses:<br \/>\nUnderstood as those exercises of copyright that recognize the creators, allow copying, modification and redistribution, as well as the generation of derivative works without restrictions, except those that protect their free circulation.<\/p>\n<p>Promote the use of licenses that ensure the opening of research products and processes in any of their varieties and avoid the future closure of derivative works.<br \/>\nPromote the publication of editable sources of productions, as well as methodological documentation to facilitate their study, reuse and replicability.<br \/>\nEnsure the sustainability of projects, promoting the reuse of knowledge and improving synergy between different actors.<\/p>\n<p>11. Tools: Open. Access and transfer policy for biological material:<br \/>\nUse of legal tools for the transfer of biological material that encourages cooperation between the various sectors of society in an equitable manner.<br \/>\nOpen Material Transfer Agreement (OpenMTA, https:\/\/biobricks.org\/openmta\/) as an alternative to the commonly used UBMTA.<\/p>\n<p>12. Continuous training:<br \/>\nEvery open science process implies permanent training of the different actors in the ecosystem, so that open science becomes a scientific culture, in the way of doing the science necessary for the present. Therefore, a joint effort is required between central state organizations, universities and research centers, civil society organizations and libraries (university, public and school) to achieve this permanent training that responds to the challenges and updating that the open science (In accordance with strategy No. 7: Open science awareness and training programs)<\/p>\n<p>13. Language(s) of documentation, dissemination, publication, etc.?<\/p>\n<p>&nbsp;<\/p>\n<p><strong>SIGNATURES OF THE PARTICIPANTS IN THE CONSTRUCTION OF THE DECLARATION AND ADHERENTS:<\/strong><\/p>\n<p>Andr\u00e9s Arango (Colombia)<br \/>\nAlejandro Posada (Colombia)<br \/>\nAnne Clinio (Brazil)<br \/>\nAntonio Lafuente (Spain)<br \/>\nCarolina Botero (Colombia)<br \/>\nCarolina Mendoza (Panama)<br \/>\nDairo Escobar (Colombia)<br \/>\nDennise Albornoz (Peru)<br \/>\nDiego Gomez (Colombia)<br \/>\nDiego Mora (Colombia)<br \/>\nEduardo Carrillo (Paraguay)<br \/>\nEliana Quiroz (Bolivia)<br \/>\nEnrique C\u00e9sar Garc\u00eda (Mexico)<br \/>\nEvelyn Alvarez (El Salvador)<br \/>\nEve Vessuri (Argentina)<br \/>\nFernando Ariel L\u00f3pez (Argentina)<br \/>\nIv\u00e1n Mart\u00ednez (Mexico)<br \/>\nIvonne Lujano (Mexico)<br \/>\nJohana Jaramillo (Colombia)<br \/>\nLilia Pagola (Argentina)<br \/>\nMar\u00eda Juliana Soto (Colombia)<br \/>\nMariano Fressoli (Argentina)<br \/>\nPaola Ricaurte (Mexico)<br \/>\nRafael Pezzi (Brazil)<br \/>\nRaiza Urribarri (Paraguay)<br \/>\nTata Mendez (Colombia)<br \/>\nThaiane Oliveira (Brazil)<br \/>\nVer\u00f3nica Xhardez (Argentina)<br \/>\nVirginia Brussa (Argentina)<br \/>\nWerner Westermann (Chile)<br \/>\nVladimir Hern\u00e1ndez B. (Colombia)<br \/>\nDaniel Bellomo (Argentina)<br \/>\nFernan Federici (Argentina)<br \/>\nAlejandro Uribe Tirado (Colombia)<br \/>\nGimena del Rio Riande (Argentina)<br \/>\nAntonela Isoglio (Argentina)<br \/>\nJorge Saturno (Venezuela)<br \/>\nLuhilda Ribeiro Silveira (Brazil)<br \/>\nTerezinha Silva (Brazil)<\/p>\n\t<\/div>\r\n<\/div>\r\n\r\n\r\n\r\n\n\t\t\t<\/div> \n\t\t<\/div>\n\t<\/div> \n<\/div><\/div>","protected":false},"excerpt":{"rendered":"DECLARACI\u00d3N DE\u00a0PANAM\u00c1 SOBRE CIENCIA ABIERTA Miembros de la universidad y organizaciones de la sociedad civil de Am\u00e9rica Latina y el Caribe, reunidos en la ciudad de Panam\u00e1 en un evento...","protected":false},"author":5,"featured_media":0,"parent":0,"menu_order":0,"comment_status":"closed","ping_status":"closed","template":"","meta":{"footnotes":""},"class_list":["post-7256","page","type-page","status-publish"],"aioseo_notices":[],"_links":{"self":[{"href":"http:\/\/forocilac.org\/en\/wp-json\/wp\/v2\/pages\/7256","targetHints":{"allow":["GET"]}}],"collection":[{"href":"http:\/\/forocilac.org\/en\/wp-json\/wp\/v2\/pages"}],"about":[{"href":"http:\/\/forocilac.org\/en\/wp-json\/wp\/v2\/types\/page"}],"author":[{"embeddable":true,"href":"http:\/\/forocilac.org\/en\/wp-json\/wp\/v2\/users\/5"}],"replies":[{"embeddable":true,"href":"http:\/\/forocilac.org\/en\/wp-json\/wp\/v2\/comments?post=7256"}],"version-history":[{"count":6,"href":"http:\/\/forocilac.org\/en\/wp-json\/wp\/v2\/pages\/7256\/revisions"}],"predecessor-version":[{"id":7268,"href":"http:\/\/forocilac.org\/en\/wp-json\/wp\/v2\/pages\/7256\/revisions\/7268"}],"wp:attachment":[{"href":"http:\/\/forocilac.org\/en\/wp-json\/wp\/v2\/media?parent=7256"}],"curies":[{"name":"wp","href":"https:\/\/api.w.org\/{rel}","templated":true}]}}