{"id":1368,"date":"2016-08-02T18:08:42","date_gmt":"2016-08-02T18:08:42","guid":{"rendered":"http:\/\/forocilac.org\/?page_id=1368"},"modified":"2018-09-05T20:59:26","modified_gmt":"2018-09-05T20:59:26","slug":"acerca-de-panama","status":"publish","type":"page","link":"https:\/\/forocilac.org\/en\/acerca-de-panama\/","title":{"rendered":"Acerca de Panam\u00e1"},"content":{"rendered":"<div id=\"fws_69d0bdb3e64f2\"  data-column-margin=\"default\" data-midnight=\"dark\"  data-bg-mobile-hidden=\"\" class=\"wpb_row vc_row-fluid vc_row full-width-content standard_section\"  style=\"padding-top: 0px; padding-bottom: 0px; \"><div class=\"row-bg-wrap\" data-bg-animation=\"none\" data-bg-overlay=\"false\"><div class=\"inner-wrap\"><div class=\"row-bg\"  style=\"\"><\/div><\/div><div class=\"row-bg-overlay\" ><\/div><\/div><div class=\"col span_12 dark left\">\n\t<div style=\"\" class=\"vc_col-sm-12 wpb_column column_container vc_column_container col centered-text padding-2-percent\" data-using-bg=\"true\" data-t-w-inherits=\"default\" data-border-radius=\"none\" data-shadow=\"none\" data-border-animation=\"\" data-border-animation-delay=\"\" data-border-width=\"none\" data-border-style=\"\" data-border-color=\"\" data-bg-cover=\"\" data-padding-pos=\"all\" data-has-bg-color=\"true\" data-bg-color=\"#000000\" data-bg-opacity=\"0.9\" data-hover-bg=\"\" data-hover-bg-opacity=\"1\" data-animation=\"\" data-delay=\"0\" >\n\t\t<div class=\"vc_column-inner\" ><div class=\"column-image-bg-wrap\" data-bg-animation=\"none\" data-bg-overlay=\"false\"><div class=\"inner-wrap\"><div class=\"column-image-bg\" style=\" background-image: url('https:\/\/forocilac.org\/wp-content\/uploads\/2016\/09\/cilac3.jpg'); \"><\/div><\/div><\/div><div class=\"column-bg-overlay-wrap\" data-bg-animation=\"none\"><div class=\"column-bg-overlay\" style=\"opacity: 0.9; background-color: #000000;\"><\/div><\/div>\n\t\t\t<div class=\"wpb_wrapper\">\n\t\t\t\t\r\n<div class=\"wpb_text_column wpb_content_element\" >\r\n\t<div class=\"wpb_wrapper\">\r\n\t\t<h6 style=\"color: white; text-align: left;\">Informaci\u00f3n \u00fatil para su llegada a Panam\u00e1<\/h6>\n\t<\/div>\r\n<\/div>\r\n\r\n\r\n\r\n\n\t\t\t<\/div> \n\t\t<\/div>\n\t<\/div> \n<\/div><\/div>\n\t\t<div id=\"top\"  data-column-margin=\"default\" data-midnight=\"dark\"  data-bg-mobile-hidden=\"\" class=\"wpb_row vc_row-fluid vc_row full-width-content  vc_row-o-equal-height vc_row-flex standard_section\"  style=\"padding-top: 0px; padding-bottom: 0px; \"><div class=\"row-bg-wrap\" data-bg-animation=\"none\" data-bg-overlay=\"false\"><div class=\"inner-wrap\"><div class=\"row-bg\"  style=\"\"><\/div><\/div><div class=\"row-bg-overlay\" ><\/div><\/div><div class=\"col span_12 dark left\">\n\t<div style=\"margin-top: -35px; \" class=\"vc_col-sm-8 wpb_column column_container vc_column_container col neg-marg padding-2-percent\" data-using-bg=\"true\" data-t-w-inherits=\"default\" data-border-radius=\"none\" data-shadow=\"none\" data-border-animation=\"\" data-border-animation-delay=\"\" data-border-width=\"none\" data-border-style=\"\" data-border-color=\"\" data-bg-cover=\"\" data-padding-pos=\"all\" data-has-bg-color=\"true\" data-bg-color=\"#e8e8e8\" data-bg-opacity=\"1\" data-hover-bg=\"\" data-hover-bg-opacity=\"1\" data-animation=\"\" data-delay=\"0\" >\n\t\t<div class=\"vc_column-inner\" ><div class=\"column-bg-overlay-wrap\" data-bg-animation=\"none\"><div class=\"column-bg-overlay\" style=\"opacity: 1; background-color: #e8e8e8;\"><\/div><\/div>\n\t\t\t<div class=\"wpb_wrapper\">\n\t\t\t\t\r\n<div class=\"wpb_text_column wpb_content_element\" >\r\n\t<div class=\"wpb_wrapper\">\r\n\t\t<p style=\"line-height: 25px; font-weight: normal;\">La Rep\u00fablica de Panam\u00e1 es un istmo, una franja alargada y estrecha de terreno que conecta dos continentes: Am\u00e9rica del Sur con Am\u00e9rica Central. Es considerado un pa\u00eds de tr\u00e1nsito, ya que desde 1914 funciona el Canal de Panam\u00e1, una v\u00eda de navegaci\u00f3n entre el mar Caribe y el oc\u00e9ano Pac\u00edfico, que conecta Norte y Sur y Este y Oeste. Esta condici\u00f3n lo ha llevado a ser punto de encuentro entre varias culturas, y un lugar estrat\u00e9gico para el comercio y el intercambio.<\/p>\n<p><strong>#CILAC18<\/strong> se llevar\u00e1 a cabo en Wyndham Panama Albrook Mall, en Ciudad de Panam\u00e1. Tambi\u00e9n tendr\u00e1n lugar otros eventos paralelos en Ciudad del Saber, espacio ubicado a 8 kil\u00f3metros del hotel. Adem\u00e1s de estas dos locaciones, se desplegar\u00e1n actividades vinculadas a CILAC en toda la ciudad.<\/p>\n<p>En el mapa a su derecha, encontrar\u00e1 los <a style=\"color: black;\" href=\"http:\/\/forocilac.org\/en\/convenios-descuentos\/\">hotels<\/a> recomendados en negro, haciendo clic para ampliar informaci\u00f3n.\u00a0Los puntos rojos muestran los dos lugares donde se llevar\u00e1 a cabo CILAC, por un lado, el Hotel Wyndham Albrook Mall y Ciudad del Saber.\u00a0Los puntos verdes son las paradas de la l\u00ednea del <a style=\"color: black;\" href=\"http:\/\/www.elmetrodepanama.com\/\">Meter<\/a> 1 que conduce desde los hoteles hasta el Foro, y la estrella color anaranjada indica la ubicaci\u00f3n del <a style=\"color: black;\" href=\"http:\/\/www.tocumenpanama.aero\/\">Aeropuerto Internacional de Tocumen Panam\u00e1<\/a>.<\/p>\n<p><a style=\"color: black;\" href=\"https:\/\/apps.ciudaddelsaber.org\/portal\/es\/panama\"><strong>More information<\/strong><\/a><\/p>\n\t<\/div>\r\n<\/div>\r\n\r\n\r\n\r\n\n\t\t\t<\/div> \n\t\t<\/div>\n\t<\/div> \n\n\t<div style=\"margin-top: -35px; \" class=\"vc_col-sm-4 vc_hidden-xs wpb_column column_container vc_column_container col neg-marg no-extra-padding\"  data-t-w-inherits=\"default\" data-border-radius=\"none\" data-shadow=\"none\" data-border-animation=\"\" data-border-animation-delay=\"\" data-border-width=\"none\" data-border-style=\"\" data-border-color=\"\" data-bg-cover=\"\" data-padding-pos=\"all\" data-has-bg-color=\"false\" data-bg-color=\"\" data-bg-opacity=\"1\" data-hover-bg=\"\" data-hover-bg-opacity=\"1\" data-animation=\"\" data-delay=\"0\" >\n\t\t<div class=\"vc_column-inner\" ><div class=\"column-bg-overlay-wrap\" data-bg-animation=\"none\"><div class=\"column-bg-overlay\"><\/div><\/div>\n\t\t\t<div class=\"wpb_wrapper\">\n\t\t\t\t\n\t<div class=\"wpb_raw_code wpb_content_element wpb_raw_html\" >\n\t\t<div class=\"wpb_wrapper\">\n\t\t\t<style>.embed-container {position: relative; padding-bottom: 80%; height: 650; max-width: 100%;} .embed-container iframe, .embed-container object, .embed-container iframe{position: absolute; top: 0; left: 0; width: 100%; height: 100%;} small{position: absolute; z-index: 40; bottom: 0; margin-bottom: -15px;}<\/style><div class=\"embed-container\"><iframe width=\"500\" height=\"700\" frameborder=\"0\" scrolling=\"no\" marginheight=\"0\" marginwidth=\"0\" title=\"Hotels near the FORUM\" src=\"\/\/www.arcgis.com\/apps\/Embed\/index.html?webmap=36306241c1174e6b955199dbed36f6e8&extent=-79.6933,8.8253,-79.1862,9.1156&zoom=true&previewImage=false&scale=true&disable_scroll=true&theme=light\"><\/iframe><\/div>\n\t\t<\/div>\n\t<\/div>\n\n\t\t\t<\/div> \n\t\t<\/div>\n\t<\/div> \n<\/div><\/div>\n\t\t<div id=\"fws_69d0bdb3e7c52\"  data-column-margin=\"default\" data-midnight=\"light\"  data-bg-mobile-hidden=\"\" class=\"wpb_row vc_row-fluid vc_row full-width-content standard_section\"  style=\"padding-top: 10px; padding-bottom: 0px; \"><div class=\"row-bg-wrap\" data-bg-animation=\"none\" data-bg-overlay=\"false\"><div class=\"inner-wrap\"><div class=\"row-bg\"  style=\"\"><\/div><\/div><div class=\"row-bg-overlay\" ><\/div><\/div><div class=\"col span_12 light left\">\n\t<div style=\"margin-top: -45px; \" class=\"vc_col-sm-12 wpb_column column_container vc_column_container col neg-marg padding-3-percent\"  data-t-w-inherits=\"default\" data-border-radius=\"none\" data-shadow=\"none\" data-border-animation=\"\" data-border-animation-delay=\"\" data-border-width=\"none\" data-border-style=\"\" data-border-color=\"\" data-bg-cover=\"\" data-padding-pos=\"all\" data-has-bg-color=\"false\" data-bg-color=\"\" data-bg-opacity=\"1\" data-hover-bg=\"\" data-hover-bg-opacity=\"1\" data-animation=\"\" data-delay=\"0\" >\n\t\t<div class=\"vc_column-inner\" ><div class=\"column-bg-overlay-wrap\" data-bg-animation=\"none\"><div class=\"column-bg-overlay\"><\/div><\/div>\n\t\t\t<div class=\"wpb_wrapper\">\n\t\t\t\t<div id=\"fws_69d0bdb3e80de\" data-midnight=\"\" data-column-margin=\"default\" data-bg-mobile-hidden=\"\" class=\"wpb_row vc_row-fluid vc_row inner_row standard_section\"  style=\"padding-top: 0px; padding-bottom: 0px; \"><div class=\"row-bg-wrap\"> <div class=\"row-bg\"  style=\"\"><\/div> <\/div><div class=\"col span_12\">\n\t<div  class=\"vc_col-sm-3 wpb_column column_container vc_column_container col child_column no-extra-padding\"   data-t-w-inherits=\"default\" data-shadow=\"none\" data-border-radius=\"none\" data-border-animation=\"\" data-border-animation-delay=\"\" data-border-width=\"none\" data-border-style=\"\" data-border-color=\"\" data-bg-cover=\"\" data-padding-pos=\"all\" data-has-bg-color=\"false\" data-bg-color=\"\" data-bg-opacity=\"1\" data-hover-bg=\"\" data-hover-bg-opacity=\"1\" data-animation=\"\" data-delay=\"0\">\n\t\t<div class=\"vc_column-inner\" ><div class=\"column-bg-overlay-wrap\" data-bg-animation=\"none\"><div class=\"column-bg-overlay\"><\/div><\/div>\n\t\t<div class=\"wpb_wrapper\">\n\t\t\t<div class=\"divider-wrap\" data-alignment=\"default\"><div style=\"height: 21px;\" class=\"divider\"><\/div><\/div><div class=\"milestone-wrap\"><div class=\"nectar-milestone motion_blur\" data-symbol=\"km2\" data-symbol-alignment=\"default\" data-symbol-pos=\"after\" data-symbol-size=\"20\" data-ms-align=\"default\" > <div class=\"number extra-color-1\" data-number-size=\"35\">75.416<\/div> <div class=\"subject\" >Superficie terrestre<\/div> <\/div><\/div><div class=\"divider-wrap\" data-alignment=\"default\"><div style=\"height: 21px;\" class=\"divider\"><\/div><\/div>\n\t\t<\/div> \n\t<\/div>\n\t<\/div> \n\n\t<div  class=\"vc_col-sm-3 wpb_column column_container vc_column_container col child_column no-extra-padding\"   data-t-w-inherits=\"default\" data-shadow=\"none\" data-border-radius=\"none\" data-border-animation=\"\" data-border-animation-delay=\"\" data-border-width=\"none\" data-border-style=\"\" data-border-color=\"\" data-bg-cover=\"\" data-padding-pos=\"all\" data-has-bg-color=\"false\" data-bg-color=\"\" data-bg-opacity=\"1\" data-hover-bg=\"\" data-hover-bg-opacity=\"1\" data-animation=\"\" data-delay=\"0\">\n\t\t<div class=\"vc_column-inner\" ><div class=\"column-bg-overlay-wrap\" data-bg-animation=\"none\"><div class=\"column-bg-overlay\"><\/div><\/div>\n\t\t<div class=\"wpb_wrapper\">\n\t\t\t<div class=\"divider-wrap\" data-alignment=\"default\"><div style=\"height: 21px;\" class=\"divider\"><\/div><\/div><div class=\"milestone-wrap\"><div class=\"nectar-milestone motion_blur\" data-symbol=\"km2\" data-symbol-alignment=\"default\" data-symbol-pos=\"after\" data-symbol-size=\"20\" data-ms-align=\"default\" > <div class=\"number extra-color-2\" data-number-size=\"35\">2.210<\/div> <div class=\"subject\" >Aguas jurisdiccionales<\/div> <\/div><\/div><div class=\"divider-wrap\" data-alignment=\"default\"><div style=\"height: 21px;\" class=\"divider\"><\/div><\/div>\n\t\t<\/div> \n\t<\/div>\n\t<\/div> \n\n\t<div  class=\"vc_col-sm-3 wpb_column column_container vc_column_container col child_column no-extra-padding\"   data-t-w-inherits=\"default\" data-shadow=\"none\" data-border-radius=\"none\" data-border-animation=\"\" data-border-animation-delay=\"\" data-border-width=\"none\" data-border-style=\"\" data-border-color=\"\" data-bg-cover=\"\" data-padding-pos=\"all\" data-has-bg-color=\"false\" data-bg-color=\"\" data-bg-opacity=\"1\" data-hover-bg=\"\" data-hover-bg-opacity=\"1\" data-animation=\"\" data-delay=\"0\">\n\t\t<div class=\"vc_column-inner\" ><div class=\"column-bg-overlay-wrap\" data-bg-animation=\"none\"><div class=\"column-bg-overlay\"><\/div><\/div>\n\t\t<div class=\"wpb_wrapper\">\n\t\t\t<div class=\"divider-wrap\" data-alignment=\"default\"><div style=\"height: 21px;\" class=\"divider\"><\/div><\/div><div class=\"milestone-wrap\"><div class=\"nectar-milestone motion_blur\" data-symbol=\"hab.\" data-symbol-alignment=\"default\" data-symbol-pos=\"after\" data-symbol-size=\"20\" data-ms-align=\"default\" > <div class=\"number accent-color\" data-number-size=\"35\">4.115.897<\/div> <div class=\"subject\" >Poblaci\u00f3n <\/div> <\/div><\/div><div class=\"divider-wrap\" data-alignment=\"default\"><div style=\"height: 21px;\" class=\"divider\"><\/div><\/div>\n\t\t<\/div> \n\t<\/div>\n\t<\/div> \n\n\t<div  class=\"vc_col-sm-3 wpb_column column_container vc_column_container col child_column no-extra-padding\"   data-t-w-inherits=\"default\" data-shadow=\"none\" data-border-radius=\"none\" data-border-animation=\"\" data-border-animation-delay=\"\" data-border-width=\"none\" data-border-style=\"\" data-border-color=\"\" data-bg-cover=\"\" data-padding-pos=\"all\" data-has-bg-color=\"false\" data-bg-color=\"\" data-bg-opacity=\"1\" data-hover-bg=\"\" data-hover-bg-opacity=\"1\" data-animation=\"\" data-delay=\"0\">\n\t\t<div class=\"vc_column-inner\" ><div class=\"column-bg-overlay-wrap\" data-bg-animation=\"none\"><div class=\"column-bg-overlay\"><\/div><\/div>\n\t\t<div class=\"wpb_wrapper\">\n\t\t\t<div class=\"divider-wrap\" data-alignment=\"default\"><div style=\"height: 21px;\" class=\"divider\"><\/div><\/div><div class=\"milestone-wrap\"><div class=\"nectar-milestone motion_blur\" data-symbol=\"hab\/km2\" data-symbol-alignment=\"default\" data-symbol-pos=\"after\" data-symbol-size=\"20\" data-ms-align=\"default\" > <div class=\"number extra-color-3\" data-number-size=\"35\">49<\/div> <div class=\"subject\" >Densidad de Poblaci\u00f3n<\/div> <\/div><\/div><div class=\"divider-wrap\" data-alignment=\"default\"><div style=\"height: 21px;\" class=\"divider\"><\/div><\/div>\n\t\t<\/div> \n\t<\/div>\n\t<\/div> \n<\/div><\/div><div class=\"divider-wrap\" data-alignment=\"default\"><div style=\"margin-top: 20px; height: 1px; margin-bottom: 20px;\" data-width=\"100%\" data-animate=\"\" data-animation-delay=\"\" data-color=\"default\" class=\"divider-border\"><\/div><\/div><div id=\"fws_69d0bdb3e9513\" data-midnight=\"\" data-column-margin=\"default\" data-bg-mobile-hidden=\"\" class=\"wpb_row vc_row-fluid vc_row inner_row standard_section\"  style=\"padding-top: 0px; padding-bottom: 0px; \"><div class=\"row-bg-wrap\"> <div class=\"row-bg\"  style=\"\"><\/div> <\/div><div class=\"col span_12\">\n\t<div  class=\"vc_col-sm-4 wpb_column column_container vc_column_container col child_column padding-1-percent\"   data-t-w-inherits=\"default\" data-shadow=\"none\" data-border-radius=\"none\" data-border-animation=\"\" data-border-animation-delay=\"\" data-border-width=\"none\" data-border-style=\"\" data-border-color=\"\" data-bg-cover=\"\" data-padding-pos=\"all\" data-has-bg-color=\"false\" data-bg-color=\"\" data-bg-opacity=\"1\" data-hover-bg=\"\" data-hover-bg-opacity=\"1\" data-animation=\"\" data-delay=\"0\">\n\t\t<div class=\"vc_column-inner\" ><div class=\"column-bg-overlay-wrap\" data-bg-animation=\"none\"><div class=\"column-bg-overlay\"><\/div><\/div>\n\t\t<div class=\"wpb_wrapper\">\n\t\t\t<div class=\"iwithtext\"><div class=\"iwt-icon\"> <i class=\"icon-default-style icon-map-marker accent-color\"><\/i> <\/div><div class=\"iwt-text\"> \n<div style=\"color: white;\"><strong>Capital:<\/strong> Ciudad de Panam\u00e1<\/div>\n <\/div><div class=\"clear\"><\/div><\/div><div class=\"iwithtext\"><div class=\"iwt-icon\"> <i class=\"icon-default-style icon-tint extra-color-3\"><\/i> <\/div><div class=\"iwt-text\"> \n<div class=\"nectar-fancy-ul\" data-list-icon=\"icon-angle-right\" data-animation=\"false\" data-color=\"accent-color\">\n<p><strong>Clima:<\/strong>\u00a0tropical, h\u00famedo y mar\u00edtimo. S\u00f3lo hay dos estaciones clim\u00e1ticas: la seca, conocida como \u00abverano\u00bb (enero &#8211; marzo); y la lluviosa, conocida como \u00abinvierno\u00bb (abril &#8211; diciembre).<\/p>\n<\/div>\n <\/div><div class=\"clear\"><\/div><\/div><div class=\"iwithtext\"><div class=\"iwt-icon\"> <i class=\"icon-default-style icon-road extra-color-2\"><\/i> <\/div><div class=\"iwt-text\"> \n<div class=\"nectar-fancy-ul\" data-list-icon=\"icon-angle-right\" data-animation=\"false\" data-color=\"accent-color\">\n<p><strong>Requisitos migratorios:<\/strong> Pasaporte al d\u00eda con al menos tres meses de anticipaci\u00f3n a su vencimiento y, en caso de algunos pa\u00edses, <a href=\"http:\/\/www.atp.gob.pa\/requisitos-de-entrada-panama\">Visa de turista<\/a>, que puede obtenerse en los consulados paname\u00f1os de cada pa\u00eds.<\/p>\n<\/div>\n <\/div><div class=\"clear\"><\/div><\/div>\n\t\t<\/div> \n\t<\/div>\n\t<\/div> \n\n\t<div  class=\"vc_col-sm-4 wpb_column column_container vc_column_container col child_column padding-1-percent\"   data-t-w-inherits=\"default\" data-shadow=\"none\" data-border-radius=\"none\" data-border-animation=\"\" data-border-animation-delay=\"\" data-border-width=\"none\" data-border-style=\"\" data-border-color=\"\" data-bg-cover=\"\" data-padding-pos=\"all\" data-has-bg-color=\"false\" data-bg-color=\"\" data-bg-opacity=\"1\" data-hover-bg=\"\" data-hover-bg-opacity=\"1\" data-animation=\"\" data-delay=\"0\">\n\t\t<div class=\"vc_column-inner\" ><div class=\"column-bg-overlay-wrap\" data-bg-animation=\"none\"><div class=\"column-bg-overlay\"><\/div><\/div>\n\t\t<div class=\"wpb_wrapper\">\n\t\t\t<div class=\"iwithtext\"><div class=\"iwt-icon\"> <i class=\"icon-default-style icon-comment extra-color-3\"><\/i> <\/div><div class=\"iwt-text\"> \n<div style=\"color: white;\"><strong>Idioma:<\/strong> Espa\u00f1ol<\/div>\n <\/div><div class=\"clear\"><\/div><\/div><div class=\"iwithtext\"><div class=\"iwt-icon\"> <i class=\"icon-default-style icon-info-sign accent-color\"><\/i> <\/div><div class=\"iwt-text\"> \n<div class=\"nectar-fancy-ul\" data-list-icon=\"icon-angle-right\" data-animation=\"false\" data-color=\"accent-color\">\n<p><strong>Vacunas obligatorias:<\/strong> La \u00fanica vacuna requerida para viajar a Panam\u00e1 es la de la fiebre amarilla, esta obligaci\u00f3n recae solo en las personas que procedan de pa\u00edses donde esta enfermedad se considere end\u00e9mica. Debe aplicarse al menos 10 d\u00edas antes del viaje.<\/p>\n<\/div>\n <\/div><div class=\"clear\"><\/div><\/div><div class=\"iwithtext\"><div class=\"iwt-icon\"> <i class=\"icon-default-style icon-hand-right extra-color-1\"><\/i> <\/div><div class=\"iwt-text\"> \n<div class=\"nectar-fancy-ul\" data-list-icon=\"icon-angle-right\" data-animation=\"false\" data-color=\"accent-color\">\n<p><strong>Educaci\u00f3n:<\/strong> En Panam\u00e1 la educaci\u00f3n es reconocida como deber esencial del Estado, y es gratuita y obligatoria. La tasa de alfabetizaci\u00f3n fue aumentando hasta llegar al 94,09%. El m\u00e9todo de ense\u00f1anza implementado lo imitan hoy numerosos pa\u00edses<\/p>\n<\/div>\n <\/div><div class=\"clear\"><\/div><\/div>\n\t\t<\/div> \n\t<\/div>\n\t<\/div> \n\n\t<div  class=\"vc_col-sm-4 wpb_column column_container vc_column_container col child_column padding-1-percent\"   data-t-w-inherits=\"default\" data-shadow=\"none\" data-border-radius=\"none\" data-border-animation=\"\" data-border-animation-delay=\"\" data-border-width=\"none\" data-border-style=\"\" data-border-color=\"\" data-bg-cover=\"\" data-padding-pos=\"all\" data-has-bg-color=\"false\" data-bg-color=\"\" data-bg-opacity=\"1\" data-hover-bg=\"\" data-hover-bg-opacity=\"1\" data-animation=\"\" data-delay=\"0\">\n\t\t<div class=\"vc_column-inner\" ><div class=\"column-bg-overlay-wrap\" data-bg-animation=\"none\"><div class=\"column-bg-overlay\"><\/div><\/div>\n\t\t<div class=\"wpb_wrapper\">\n\t\t\t<div class=\"iwithtext\"><div class=\"iwt-icon\"> <i class=\"icon-default-style icon-usd extra-color-1\"><\/i> <\/div><div class=\"iwt-text\"> \n<div class=\"nectar-fancy-ul\" data-list-icon=\"icon-angle-right\" data-animation=\"false\" data-color=\"accent-color\">\n<p><strong>Moneda:<\/strong> Balboa, d\u00f3lar estadounidense<\/p>\n<\/div>\n <\/div><div class=\"clear\"><\/div><\/div><div class=\"iwithtext\"><div class=\"iwt-icon\"> <i class=\"icon-default-style icon-search extra-color-2\"><\/i> <\/div><div class=\"iwt-text\"> \n<div class=\"nectar-fancy-ul\" data-list-icon=\"icon-angle-right\" data-animation=\"false\" data-color=\"accent-color\">\n<p><strong>Gobierno:<\/strong> Panam\u00e1 es una Rep\u00fablica democr\u00e1tica, con r\u00e9gimen presidencialista y de representaci\u00f3n. Adem\u00e1s del jefe de Estado, la Rep\u00fablica se reparte en tres poderes: Ejecutivo, Legislativo y Judicial. Las elecciones se llevan a cabo cada cinco a\u00f1os.<\/p>\n<\/div>\n <\/div><div class=\"clear\"><\/div><\/div><div class=\"iwithtext\"><div class=\"iwt-icon\"> <i class=\"icon-default-style icon-arrow-right accent-color\"><\/i> <\/div><div class=\"iwt-text\"> \n<div class=\"nectar-fancy-ul\" data-list-icon=\"icon-angle-right\" data-animation=\"false\" data-color=\"accent-color\">\n<p><strong>Religi\u00f3n:<\/strong> La constituci\u00f3n paname\u00f1a establece la libertad de culto, dando lugar a diversas religiones. Existe sin embargo, una predominancia de la religi\u00f3n cat\u00f3lica, que llega al 85%, seguida por el Cristiano evang\u00e9lico, con un 7% y el Baha\u00edsmo con 2%.<\/p>\n<\/div>\n <\/div><div class=\"clear\"><\/div><\/div>\n\t\t<\/div> \n\t<\/div>\n\t<\/div> \n<\/div><\/div>\n\t\t\t<\/div> \n\t\t<\/div>\n\t<\/div> \n<div class=\"nk-awb  nk-awb-after-vc_column\" ><div class=\"nk-awb-wrap\" data-awb-type=\"color\" data-awb-image-background-size=\"cover\" data-awb-image-background-position=\"50% 50%\"><div class=\"nk-awb-overlay\" style=\"background-color: #000000;\"><\/div><div  class=\"nk-awb-inner\"><\/div><\/div><\/div><\/div><\/div><div class=\"nk-awb  nk-awb-after-vc_row\" ><div class=\"nk-awb-wrap\" data-awb-type=\"color\" data-awb-image-background-size=\"cover\" data-awb-image-background-position=\"50% 50%\"><div class=\"nk-awb-overlay\" style=\"background-color: #000000;\"><\/div><div  class=\"nk-awb-inner\"><\/div><\/div><\/div>","protected":false},"excerpt":{"rendered":"Informaci\u00f3n \u00fatil para su llegada a Panam\u00e1 La Rep\u00fablica de Panam\u00e1 es un istmo, una franja alargada y estrecha de terreno que conecta dos continentes: Am\u00e9rica del Sur con Am\u00e9rica...","protected":false},"author":3,"featured_media":0,"parent":0,"menu_order":0,"comment_status":"closed","ping_status":"closed","template":"","meta":{"footnotes":""},"class_list":["post-1368","page","type-page","status-publish"],"aioseo_notices":[],"_links":{"self":[{"href":"https:\/\/forocilac.org\/en\/wp-json\/wp\/v2\/pages\/1368","targetHints":{"allow":["GET"]}}],"collection":[{"href":"https:\/\/forocilac.org\/en\/wp-json\/wp\/v2\/pages"}],"about":[{"href":"https:\/\/forocilac.org\/en\/wp-json\/wp\/v2\/types\/page"}],"author":[{"embeddable":true,"href":"https:\/\/forocilac.org\/en\/wp-json\/wp\/v2\/users\/3"}],"replies":[{"embeddable":true,"href":"https:\/\/forocilac.org\/en\/wp-json\/wp\/v2\/comments?post=1368"}],"version-history":[{"count":142,"href":"https:\/\/forocilac.org\/en\/wp-json\/wp\/v2\/pages\/1368\/revisions"}],"predecessor-version":[{"id":4726,"href":"https:\/\/forocilac.org\/en\/wp-json\/wp\/v2\/pages\/1368\/revisions\/4726"}],"wp:attachment":[{"href":"https:\/\/forocilac.org\/en\/wp-json\/wp\/v2\/media?parent=1368"}],"curies":[{"name":"wp","href":"https:\/\/api.w.org\/{rel}","templated":true}]}}