{"id":77366,"date":"2024-09-08T20:48:43","date_gmt":"2024-09-08T20:48:43","guid":{"rendered":"https:\/\/forocilac.org\/?page_id=77366"},"modified":"2024-11-01T15:59:57","modified_gmt":"2024-11-01T15:59:57","slug":"cilac2024-hoteles","status":"publish","type":"page","link":"https:\/\/forocilac.org\/en\/cilac2024-hoteles\/","title":{"rendered":"CILAC 2024 hoteles"},"content":{"rendered":"<div data-elementor-type=\"wp-page\" data-elementor-id=\"77366\" class=\"elementor elementor-77366\" data-elementor-post-type=\"page\">\n\t\t\t\t<div class=\"elementor-element elementor-element-c218aa3 e-con-full e-flex e-con e-parent\" data-id=\"c218aa3\" data-element_type=\"container\" data-settings=\"{&quot;background_background&quot;:&quot;classic&quot;}\">\n\t\t<div class=\"elementor-element elementor-element-1069659 e-con-full e-flex e-con e-child\" data-id=\"1069659\" data-element_type=\"container\">\n\t\t\t\t<div class=\"elementor-element elementor-element-815b6aa elementor-widget elementor-widget-heading\" data-id=\"815b6aa\" data-element_type=\"widget\" data-widget_type=\"heading.default\">\n\t\t\t\t<div class=\"elementor-widget-container\">\n\t\t\t\t\t<h2 class=\"elementor-heading-title elementor-size-default\">hotels<br>\n#cilac2024<\/h2>\t\t\t\t<\/div>\n\t\t\t\t<\/div>\n\t\t\t\t<div class=\"elementor-element elementor-element-64e05be elementor-widget elementor-widget-heading\" data-id=\"64e05be\" data-element_type=\"widget\" data-widget_type=\"heading.default\">\n\t\t\t\t<div class=\"elementor-widget-container\">\n\t\t\t\t\t<h2 class=\"elementor-heading-title elementor-size-default\">December 2-4, 2024 | San Andr\u00e9s Island, Colombia<\/h2>\t\t\t\t<\/div>\n\t\t\t\t<\/div>\n\t\t\t\t<div class=\"elementor-element elementor-element-9aaafaf elementor-widget elementor-widget-button\" data-id=\"9aaafaf\" data-element_type=\"widget\" data-widget_type=\"button.default\">\n\t\t\t\t<div class=\"elementor-widget-container\">\n\t\t\t\t\t\t\t\t\t<div class=\"elementor-button-wrapper\">\n\t\t\t\t\t<a class=\"elementor-button elementor-button-link elementor-size-sm\" href=\"http:\/\/forocilac.org\/en\/cilac2024\/\">\n\t\t\t\t\t\t<span class=\"elementor-button-content-wrapper\">\n\t\t\t\t\t\t\t\t\t<span class=\"elementor-button-text\">ABOUT THE FORUM<\/span>\n\t\t\t\t\t<\/span>\n\t\t\t\t\t<\/a>\n\t\t\t\t<\/div>\n\t\t\t\t\t\t\t\t<\/div>\n\t\t\t\t<\/div>\n\t\t\t\t<\/div>\n\t\t\t\t<\/div>\n\t\t<div class=\"elementor-element elementor-element-7081b1f e-con-full e-flex e-con e-parent\" data-id=\"7081b1f\" data-element_type=\"container\">\n\t\t\t\t<div class=\"elementor-element elementor-element-71284d1 elementor-widget elementor-widget-text-editor\" data-id=\"71284d1\" data-element_type=\"widget\" data-widget_type=\"text-editor.default\">\n\t\t\t\t<div class=\"elementor-widget-container\">\n\t\t\t\t\t\t\t\t\t<p><span data-contrast=\"none\">The Government of the Archipelago Department of San Andr\u00e9s, Providencia, and Santa Catalina has coordinated a wide range of accommodation options for participants of the CILAC Forum 2024 in San Andr\u00e9s. This selection includes options tailored to different preferences, all strategically located in the center of the island.<\/span><span data-ccp-props=\"{&quot;134233117&quot;:false,&quot;134233118&quot;:false,&quot;201341983&quot;:0,&quot;335551550&quot;:0,&quot;335551620&quot;:0,&quot;335559738&quot;:210,&quot;335559739&quot;:210,&quot;335559740&quot;:279}\">\u00a0<\/span><\/p><p><span data-contrast=\"none\">Each hotel offers rates per person per night, adjusted according to the accommodation type and meal plan selected. To facilitate your experience, we have established the <b>special code<\/b> <\/span><b><span data-contrast=\"none\">CILAC2024<\/span><\/b><span data-contrast=\"none\">, which must be used when making a reservation at any of the listed properties. Reservations must be made directly with the hotel, either by phone or email.<\/span><span data-ccp-props=\"{&quot;134233117&quot;:false,&quot;134233118&quot;:false,&quot;201341983&quot;:0,&quot;335551550&quot;:0,&quot;335551620&quot;:0,&quot;335559738&quot;:210,&quot;335559739&quot;:210,&quot;335559740&quot;:279}\">\u00a0<\/span><\/p>\t\t\t\t\t\t\t\t<\/div>\n\t\t\t\t<\/div>\n\t\t\t\t<div class=\"elementor-element elementor-element-1a3e675 elementor-widget elementor-widget-heading\" data-id=\"1a3e675\" data-element_type=\"widget\" data-widget_type=\"heading.default\">\n\t\t\t\t<div class=\"elementor-widget-container\">\n\t\t\t\t\t<h2 class=\"elementor-heading-title elementor-size-default\">Hotels with promotional rates for CILAC 2024<\/h2>\t\t\t\t<\/div>\n\t\t\t\t<\/div>\n\t\t\t\t<\/div>\n\t\t<div class=\"elementor-element elementor-element-ce1ecdd e-con-full e-flex e-con e-parent\" data-id=\"ce1ecdd\" data-element_type=\"container\">\n\t\t<div class=\"elementor-element elementor-element-2292e88 e-con-full e-flex e-con e-child\" data-id=\"2292e88\" data-element_type=\"container\" data-settings=\"{&quot;background_background&quot;:&quot;classic&quot;}\">\n\t\t\t\t<div class=\"elementor-element elementor-element-8cf6d97 elementor-widget elementor-widget-text-editor\" data-id=\"8cf6d97\" data-element_type=\"widget\" data-widget_type=\"text-editor.default\">\n\t\t\t\t<div class=\"elementor-widget-container\">\n\t\t\t\t\t\t\t\t\t<h5><span lang=\"ES-ES\" style=\"color: #ffffff;\" xml:lang=\"ES-ES\" data-contrast=\"none\">Hotels <\/span><\/h5><h5><span lang=\"ES-ES\" style=\"color: #ffffff;\" xml:lang=\"ES-ES\" data-contrast=\"none\">Decameron<br \/><\/span><\/h5><p><span style=\"color: #ffffff;\"><span style=\"text-decoration: underline;\"><a style=\"color: #ffffff; text-decoration: underline;\" href=\"https:\/\/www.decameron.com\/es\/otr-destinos\/colombia\/isla-de-san-andres\/decameron-isleno\">The Islander<\/a><\/span>,\u00a0<span lang=\"ES-ES\" xml:lang=\"ES-ES\" data-contrast=\"none\"><span style=\"text-decoration: underline;\"><a style=\"color: #ffffff; text-decoration: underline;\" href=\"https:\/\/www.decameron.com\/es\/otr-destinos\/colombia\/isla-de-san-andres\/decameron-maryland\">Maryland<\/a><\/span>, <\/span><span style=\"text-decoration: underline;\"><a style=\"color: #ffffff; text-decoration: underline;\" href=\"https:\/\/www.decameron.com\/es\/otr-destinos\/colombia\/isla-de-san-andres\/decameron-marazul\"><span lang=\"ES-ES\" xml:lang=\"ES-ES\" data-contrast=\"none\">Blue Sea<\/span><\/a><\/span><\/span><\/p>\t\t\t\t\t\t\t\t<\/div>\n\t\t\t\t<\/div>\n\t\t\t\t<div class=\"elementor-element elementor-element-9e93c21 elementor-widget elementor-widget-text-editor\" data-id=\"9e93c21\" data-element_type=\"widget\" data-widget_type=\"text-editor.default\">\n\t\t\t\t<div class=\"elementor-widget-container\">\n\t\t\t\t\t\t\t\t\t<p style=\"text-align: left;\"><span style=\"color: #ffffff;\"><a style=\"color: #ffffff;\" href=\"http:\/\/forocilac.org\/wp-content\/uploads\/2024\/09\/HOTELES-DECAMERON-GRUPO-CILAC-2024-2.pdf\"><strong>See special rate &gt;&gt;<\/strong><\/a><\/span><\/p>\t\t\t\t\t\t\t\t<\/div>\n\t\t\t\t<\/div>\n\t\t\t\t<\/div>\n\t\t<div class=\"elementor-element elementor-element-6dadbb9 e-con-full e-flex e-con e-child\" data-id=\"6dadbb9\" data-element_type=\"container\" data-settings=\"{&quot;background_background&quot;:&quot;classic&quot;}\">\n\t\t\t\t<div class=\"elementor-element elementor-element-a999a2e elementor-widget elementor-widget-text-editor\" data-id=\"a999a2e\" data-element_type=\"widget\" data-widget_type=\"text-editor.default\">\n\t\t\t\t<div class=\"elementor-widget-container\">\n\t\t\t\t\t\t\t\t\t<h5><a href=\"https:\/\/www.hotelaquamare.com\/en\"><span style=\"color: #ffffff;\">Hotel <\/span><\/span><\/span><\/a><\/h5>\n<h5><a href=\"https:\/\/www.hotelaquamare.com\/en\"><span style=\"color: #ffffff;\">Aquamare<\/span>\t\t\t\t\t\t\t\t<\/div>\n\t\t\t\t<\/div>\n\t\t\t\t<div class=\"elementor-element elementor-element-a1ddf8a elementor-widget elementor-widget-text-editor\" data-id=\"a1ddf8a\" data-element_type=\"widget\" data-widget_type=\"text-editor.default\">\n\t\t\t\t<div class=\"elementor-widget-container\">\n\t\t\t\t\t\t\t\t\t<p style=\"text-align: left;\"><span style=\"color: #ffffff;\"><a style=\"color: #ffffff;\" href=\"http:\/\/forocilac.org\/wp-content\/uploads\/2024\/09\/HOTEL-AQUAMARE-TARIFAS-CILAC_.pdf\"><strong>See special rate &gt;&gt;<\/strong><\/a><\/span><\/p>\t\t\t\t\t\t\t\t<\/div>\n\t\t\t\t<\/div>\n\t\t\t\t<\/div>\n\t\t<div class=\"elementor-element elementor-element-b7b8a6b e-con-full e-flex e-con e-child\" data-id=\"b7b8a6b\" data-element_type=\"container\" data-settings=\"{&quot;background_background&quot;:&quot;classic&quot;}\">\n\t\t\t\t<div class=\"elementor-element elementor-element-11953a0 elementor-widget elementor-widget-text-editor\" data-id=\"11953a0\" data-element_type=\"widget\" data-widget_type=\"text-editor.default\">\n\t\t\t\t<div class=\"elementor-widget-container\">\n\t\t\t\t\t\t\t\t\t<h5><span class=\"TextRun MacChromeBold SCXW151850706 BCX0\" lang=\"ES-ES\" style=\"color: #ffffff;\" xml:lang=\"ES-ES\" data-contrast=\"none\"><span class=\"NormalTextRun SpellingErrorV2Themed SCXW151850706 BCX0\"><span style=\"font-family: Montserrat;\"><b><span class=\"NormalTextRun SCXW50634633 BCX0\">Group Hotels <\/span><span class=\"NormalTextRun SpellingErrorV2Themed SCXW50634633 BCX0\">Welcome<\/span><\/b><\/span><\/span><\/span><\/h5><p><span class=\"TextRun MacChromeBold SCXW151850706 BCX0\" lang=\"ES-ES\" style=\"color: #ffffff;\" xml:lang=\"ES-ES\" data-contrast=\"none\"><span class=\"NormalTextRun SpellingErrorV2Themed SCXW151850706 BCX0\"><span style=\"font-family: Montserrat;\"><span class=\"NormalTextRun SpellingErrorV2Themed SCXW50634633 BCX0\"><span style=\"text-decoration: underline;\"><a style=\"color: #ffffff; text-decoration: underline;\" href=\"https:\/\/www.bahiasardina.com\/en\"><span class=\"NormalTextRun SpellingErrorV2Themed SCXW226007929 BCX0\">Bay<\/span><\/a><\/span><span class=\"NormalTextRun SCXW226007929 BCX0\"><span style=\"text-decoration: underline;\"><a style=\"color: #ffffff; text-decoration: underline;\" href=\"https:\/\/www.bahiasardina.com\/en\"> Sardine<\/a><\/span>, <span style=\"text-decoration: underline;\"><a style=\"color: #ffffff; text-decoration: underline;\" href=\"https:\/\/www.hotelcasablancasanandres.com\/en\">Casablanca<\/a><\/span>, <\/span><span style=\"text-decoration: underline;\"><a style=\"color: #ffffff; text-decoration: underline;\" href=\"https:\/\/www.hotelamericas.com.co\/\"><span class=\"NormalTextRun SpellingErrorV2Themed SCXW226007929 BCX0\">Americas<\/span><\/a><\/span><span class=\"NormalTextRun SCXW226007929 BCX0\">, <\/span><span style=\"text-decoration: underline;\"><a style=\"color: #ffffff; text-decoration: underline;\" href=\"https:\/\/hotelcalypso.com.co\/\"><span class=\"NormalTextRun SpellingErrorV2Themed SCXW226007929 BCX0\">Calypso<\/span><\/a><\/span><\/span><span class=\"NormalTextRun SpellingErrorV2Themed SCXW50634633 BCX0\"><span class=\"NormalTextRun SCXW226007929 BCX0\"><span style=\"text-decoration: underline;\"><a style=\"color: #ffffff; text-decoration: underline;\" href=\"https:\/\/hotelcalypso.com.co\/\"> Beach<\/a><\/span>, <span style=\"text-decoration: underline;\"><a style=\"color: #ffffff; text-decoration: underline;\" href=\"http:\/\/www.tiuna.com\/\">Tiuna<\/a><\/span><\/span><\/span><b><span class=\"NormalTextRun SpellingErrorV2Themed SCXW50634633 BCX0\"><br \/><\/span><\/b><\/span><\/span><\/span><\/p>\t\t\t\t\t\t\t\t<\/div>\n\t\t\t\t<\/div>\n\t\t\t\t<div class=\"elementor-element elementor-element-99ad3db elementor-widget elementor-widget-text-editor\" data-id=\"99ad3db\" data-element_type=\"widget\" data-widget_type=\"text-editor.default\">\n\t\t\t\t<div class=\"elementor-widget-container\">\n\t\t\t\t\t\t\t\t\t<p style=\"text-align: left;\"><span style=\"color: #ffffff;\"><a style=\"color: #ffffff;\" href=\"http:\/\/forocilac.org\/wp-content\/uploads\/2024\/09\/HOTELES-GRUPO-WELCOME-SAN-ANDRES-2-4-DICIEMBRE-1.pdf\"><strong>See special rate &gt;&gt;<\/strong><\/a><\/span><\/p>\t\t\t\t\t\t\t\t<\/div>\n\t\t\t\t<\/div>\n\t\t\t\t<\/div>\n\t\t<div class=\"elementor-element elementor-element-f3901c5 e-con-full e-flex e-con e-child\" data-id=\"f3901c5\" data-element_type=\"container\" data-settings=\"{&quot;background_background&quot;:&quot;classic&quot;}\">\n\t\t\t\t<div class=\"elementor-element elementor-element-270cd5b elementor-widget elementor-widget-text-editor\" data-id=\"270cd5b\" data-element_type=\"widget\" data-widget_type=\"text-editor.default\">\n\t\t\t\t<div class=\"elementor-widget-container\">\n\t\t\t\t\t\t\t\t\t<h5><span class=\"TextRun MacChromeBold SCXW151850706 BCX0\" lang=\"ES-ES\" style=\"color: #ffffff;\" xml:lang=\"ES-ES\" data-contrast=\"none\"><span class=\"NormalTextRun SCXW151850706 BCX0\" style=\"font-weight: bold;\">Hotels <\/span><\/span><\/h5><h5><span class=\"TextRun MacChromeBold SCXW151850706 BCX0\" lang=\"ES-ES\" style=\"color: #ffffff;\" xml:lang=\"ES-ES\" data-contrast=\"none\"><span class=\"NormalTextRun SpellingErrorV2Themed SCXW151850706 BCX0\"><b>On Vacation<\/b><span style=\"font-family: Montserrat;\"><b><br \/><\/b><\/span><\/span><\/span><\/h5><p><span style=\"color: #ffffff;\"><span style=\"text-decoration: underline;\"><a style=\"color: #ffffff; text-decoration: underline;\" href=\"https:\/\/www.onvacation.com\/destino\/nacional\/san-andres\/hotel-tone\"><span class=\"NormalTextRun SpellingErrorV2Themed SpellingErrorHighlight SCXW213420087 BCX0\">Tone<\/span><\/a><\/span><span class=\"NormalTextRun SCXW213420087 BCX0\"><span style=\"text-decoration: underline;\"><a style=\"color: #ffffff; text-decoration: underline;\" href=\"https:\/\/www.onvacation.com\/destino\/nacional\/san-andres\/hotel-tone\"> Express<\/a><\/span>, <span style=\"text-decoration: underline;\"><a style=\"color: #ffffff; text-decoration: underline;\" href=\"https:\/\/www.hotelesportobelo.com\/en\/\">Portobelo Plaza<\/a><\/span><\/span><\/span><\/p>\t\t\t\t\t\t\t\t<\/div>\n\t\t\t\t<\/div>\n\t\t\t\t<div class=\"elementor-element elementor-element-8b4188c elementor-widget elementor-widget-text-editor\" data-id=\"8b4188c\" data-element_type=\"widget\" data-widget_type=\"text-editor.default\">\n\t\t\t\t<div class=\"elementor-widget-container\">\n\t\t\t\t\t\t\t\t\t<p style=\"text-align: left;\"><span style=\"color: #ffffff;\"><a style=\"color: #ffffff;\" href=\"http:\/\/forocilac.org\/wp-content\/uploads\/2024\/09\/HOTELES-ON-VACATION-Propuesta-CILAC-Diciembre-2024.pdf\"><strong>See special rate &gt;&gt;<\/strong><\/a><\/span><\/p>\t\t\t\t\t\t\t\t<\/div>\n\t\t\t\t<\/div>\n\t\t\t\t<\/div>\n\t\t<div class=\"elementor-element elementor-element-9c608d4 e-con-full e-flex e-con e-child\" data-id=\"9c608d4\" data-element_type=\"container\" data-settings=\"{&quot;background_background&quot;:&quot;classic&quot;}\">\n\t\t\t\t<div class=\"elementor-element elementor-element-a594164 elementor-widget elementor-widget-text-editor\" data-id=\"a594164\" data-element_type=\"widget\" data-widget_type=\"text-editor.default\">\n\t\t\t\t<div class=\"elementor-widget-container\">\n\t\t\t\t\t\t\t\t\t<h5><span style=\"color: #ffffff;\">Hotels<br \/>Caribbean Sun<\/span><\/h5><p><span style=\"color: #ffffff;\"><span class=\"NormalTextRun SCXW210844214 BCX0\"><span style=\"text-decoration: underline;\"><a style=\"color: #ffffff; text-decoration: underline;\" href=\"https:\/\/www.solarhoteles.com\/en\/hotels\/colombia\/san-andres-island\/sol-caribe-san-andres\/\">Caribbean Sun Center<\/a><\/span>, <span style=\"text-decoration: underline;\"><a style=\"color: #ffffff; text-decoration: underline;\" href=\"https:\/\/www.solarhoteles.com\/en\/hotels\/colombia\/san-andres-island\/sol-caribe-seaflower\/\">Sea <\/a><\/span><\/span><span style=\"text-decoration: underline;\"><a style=\"color: #ffffff; text-decoration: underline;\" href=\"https:\/\/www.solarhoteles.com\/en\/hotels\/colombia\/san-andres-island\/sol-caribe-seaflower\/\"><span class=\"NormalTextRun SpellingErrorV2Themed SpellingErrorHighlight SCXW210844214 BCX0\">Flower<\/span><\/a><\/span><\/span><\/p>\t\t\t\t\t\t\t\t<\/div>\n\t\t\t\t<\/div>\n\t\t\t\t<div class=\"elementor-element elementor-element-def6c1f elementor-widget elementor-widget-text-editor\" data-id=\"def6c1f\" data-element_type=\"widget\" data-widget_type=\"text-editor.default\">\n\t\t\t\t<div class=\"elementor-widget-container\">\n\t\t\t\t\t\t\t\t\t<p style=\"text-align: left;\"><span style=\"color: #ffffff;\"><a style=\"color: #ffffff;\" href=\"http:\/\/forocilac.org\/wp-content\/uploads\/2024\/09\/HOTEL-SOL-CARIBE-CENTRO-CILAC_.pdf\"><strong>See special rate &gt;&gt;<\/strong><\/a><\/span><\/p>\t\t\t\t\t\t\t\t<\/div>\n\t\t\t\t<\/div>\n\t\t\t\t<\/div>\n\t\t<div class=\"elementor-element elementor-element-d554ff2 e-con-full e-flex e-con e-child\" data-id=\"d554ff2\" data-element_type=\"container\" data-settings=\"{&quot;background_background&quot;:&quot;classic&quot;}\">\n\t\t\t\t<div class=\"elementor-element elementor-element-2185cf7 elementor-widget elementor-widget-text-editor\" data-id=\"2185cf7\" data-element_type=\"widget\" data-widget_type=\"text-editor.default\">\n\t\t\t\t<div class=\"elementor-widget-container\">\n\t\t\t\t\t\t\t\t\t<h5><span style=\"color: #ffffff;\">SPOILED<\/span><\/h5><p><span style=\"color: #ffffff;\">19 inns in the center<\/span><\/p>\t\t\t\t\t\t\t\t<\/div>\n\t\t\t\t<\/div>\n\t\t\t\t<div class=\"elementor-element elementor-element-3209636 elementor-widget elementor-widget-text-editor\" data-id=\"3209636\" data-element_type=\"widget\" data-widget_type=\"text-editor.default\">\n\t\t\t\t<div class=\"elementor-widget-container\">\n\t\t\t\t\t\t\t\t\t<p style=\"text-align: left;\"><span style=\"color: #ffffff;\"><a style=\"color: #ffffff;\" href=\"http:\/\/forocilac.org\/wp-content\/uploads\/2024\/09\/TARIFAS-ASOPOSADAS_.pdf\"><strong>See special rate &gt;&gt;<\/strong><\/a><\/span><\/p>\t\t\t\t\t\t\t\t<\/div>\n\t\t\t\t<\/div>\n\t\t\t\t<\/div>\n\t\t\t\t<\/div>\n\t\t<div class=\"elementor-element elementor-element-1a361f6 e-con-full e-flex e-con e-parent\" data-id=\"1a361f6\" data-element_type=\"container\">\n\t\t\t\t<div class=\"elementor-element elementor-element-616e2fe elementor-widget elementor-widget-heading\" data-id=\"616e2fe\" data-element_type=\"widget\" data-widget_type=\"heading.default\">\n\t\t\t\t<div class=\"elementor-widget-container\">\n\t\t\t\t\t<h2 class=\"elementor-heading-title elementor-size-default\">about San Andr\u00e9s Island<\/h2>\t\t\t\t<\/div>\n\t\t\t\t<\/div>\n\t\t\t\t<\/div>\n\t\t<div class=\"elementor-element elementor-element-8de13c0 e-con-full e-flex e-con e-parent\" data-id=\"8de13c0\" data-element_type=\"container\">\n\t\t<div class=\"elementor-element elementor-element-e709e70 e-con-full e-flex e-con e-child\" data-id=\"e709e70\" data-element_type=\"container\">\n\t\t\t\t<div class=\"elementor-element elementor-element-644def2 elementor-widget__width-initial elementor-widget elementor-widget-image\" data-id=\"644def2\" data-element_type=\"widget\" data-widget_type=\"image.default\">\n\t\t\t\t<div class=\"elementor-widget-container\">\n\t\t\t\t\t\t\t\t\t\t\t\t<figure class=\"wp-caption\">\n\t\t\t\t\t\t\t\t\t\t<img fetchpriority=\"high\" decoding=\"async\" width=\"1000\" height=\"665\" src=\"https:\/\/forocilac.org\/wp-content\/uploads\/2024\/09\/Agua-cristalina-jhony-cay-San-Andres_-Cortesia-Mario-Carvajal-_0.jpg\" class=\"attachment-large size-large wp-image-77540\" alt=\"\" srcset=\"https:\/\/forocilac.org\/wp-content\/uploads\/2024\/09\/Agua-cristalina-jhony-cay-San-Andres_-Cortesia-Mario-Carvajal-_0.jpg 1000w, https:\/\/forocilac.org\/wp-content\/uploads\/2024\/09\/Agua-cristalina-jhony-cay-San-Andres_-Cortesia-Mario-Carvajal-_0-300x200.jpg 300w, https:\/\/forocilac.org\/wp-content\/uploads\/2024\/09\/Agua-cristalina-jhony-cay-San-Andres_-Cortesia-Mario-Carvajal-_0-768x511.jpg 768w, https:\/\/forocilac.org\/wp-content\/uploads\/2024\/09\/Agua-cristalina-jhony-cay-San-Andres_-Cortesia-Mario-Carvajal-_0-18x12.jpg 18w, https:\/\/forocilac.org\/wp-content\/uploads\/2024\/09\/Agua-cristalina-jhony-cay-San-Andres_-Cortesia-Mario-Carvajal-_0-500x333.jpg 500w, https:\/\/forocilac.org\/wp-content\/uploads\/2024\/09\/Agua-cristalina-jhony-cay-San-Andres_-Cortesia-Mario-Carvajal-_0-800x532.jpg 800w, https:\/\/forocilac.org\/wp-content\/uploads\/2024\/09\/Agua-cristalina-jhony-cay-San-Andres_-Cortesia-Mario-Carvajal-_0-900x600.jpg 900w\" sizes=\"(max-width: 1000px) 100vw, 1000px\" \/>\t\t\t\t\t\t\t\t\t\t\t<figcaption class=\"widget-image-caption wp-caption-text\">Photo: Mario Carvajal<\/figcaption>\n\t\t\t\t\t\t\t\t\t\t<\/figure>\n\t\t\t\t\t\t\t\t\t<\/div>\n\t\t\t\t<\/div>\n\t\t\t\t<\/div>\n\t\t<div class=\"elementor-element elementor-element-2e3dbc8 e-con-full e-flex e-con e-child\" data-id=\"2e3dbc8\" data-element_type=\"container\">\n\t\t\t\t<div class=\"elementor-element elementor-element-8ea173e elementor-widget__width-initial elementor-widget elementor-widget-text-editor\" data-id=\"8ea173e\" data-element_type=\"widget\" data-widget_type=\"text-editor.default\">\n\t\t\t\t<div class=\"elementor-widget-container\">\n\t\t\t\t\t\t\t\t\t<p style=\"font-weight: 400;\">Nearly forty diving sites, some of the best beaches in the Caribbean, a sea that&#039;s blue but also green and lilac, and friendly people... these are some of the charms of the islands of San Andr\u00e9s, Providencia, and Santa Catalina, located in the Colombian Caribbean.<\/p><p style=\"font-weight: 400;\">The archipelago, located approximately 230 kilometers east of Central America and approximately 750 kilometers north of the Colombian mainland, was declared a Seaflower World Biosphere Reserve in 2000. This reserve not only includes the islands and their remote cays; it also forms the 101st largest biosphere reserve in the Caribbean Sea, covering an area of more than 300,000 square kilometers.<\/p><p>Due to its geographical location and natural surroundings, San Andr\u00e9s is one of the most strategic locations for tourism. With its oceanic coastline, ecosystem, Caribbean music, and beaches, San Andr\u00e9s is a setting that blends many natural and cultural elements. <span style=\"color: #000000;\"><strong><a style=\"color: #000000;\" href=\"https:\/\/colombia.travel\/es\/san-andres-isla\">Keep reading &gt;&gt;<\/a><\/strong><\/span><\/p>\t\t\t\t\t\t\t\t<\/div>\n\t\t\t\t<\/div>\n\t\t\t\t<\/div>\n\t\t\t\t<\/div>\n\t\t<a class=\"elementor-element elementor-element-799c8c3 e-con-full e-flex e-con e-parent\" data-id=\"799c8c3\" data-element_type=\"container\" data-settings=\"{&quot;background_background&quot;:&quot;classic&quot;}\" href=\"http:\/\/forocilac.org\/wp-content\/uploads\/2024\/09\/QUE-HACER-EN-SAN-ANDRES-CILAC-2024-1.pdf\">\n\t\t\t\t<div class=\"elementor-element elementor-element-98c59a3 elementor-widget elementor-widget-heading\" data-id=\"98c59a3\" data-element_type=\"widget\" data-widget_type=\"heading.default\">\n\t\t\t\t<div class=\"elementor-widget-container\">\n\t\t\t\t\t<h2 class=\"elementor-heading-title elementor-size-default\">What to do on San Andr\u00e9s Island? <b>Download a brochure with activities and attractions here<\/b><\/h2>\t\t\t\t<\/div>\n\t\t\t\t<\/div>\n\t\t\t\t<\/a>\n\t\t\t\t<\/div>","protected":false},"excerpt":{"rendered":"<p>hoteles #cilac2024 2-4 DIC 2024&nbsp;| San Andr\u00e9s Isla, Colombia SOBRE EL FORO La Gobernaci\u00f3n del Departamento Archipi\u00e9lago de San Andr\u00e9s, Providencia y Santa Catalina ha coordinado una amplia oferta de&#8230;<\/p>","protected":false},"author":5,"featured_media":0,"parent":0,"menu_order":0,"comment_status":"closed","ping_status":"closed","template":"elementor_header_footer","meta":{"footnotes":""},"class_list":["post-77366","page","type-page","status-publish"],"aioseo_notices":[],"_links":{"self":[{"href":"https:\/\/forocilac.org\/en\/wp-json\/wp\/v2\/pages\/77366","targetHints":{"allow":["GET"]}}],"collection":[{"href":"https:\/\/forocilac.org\/en\/wp-json\/wp\/v2\/pages"}],"about":[{"href":"https:\/\/forocilac.org\/en\/wp-json\/wp\/v2\/types\/page"}],"author":[{"embeddable":true,"href":"https:\/\/forocilac.org\/en\/wp-json\/wp\/v2\/users\/5"}],"replies":[{"embeddable":true,"href":"https:\/\/forocilac.org\/en\/wp-json\/wp\/v2\/comments?post=77366"}],"version-history":[{"count":181,"href":"https:\/\/forocilac.org\/en\/wp-json\/wp\/v2\/pages\/77366\/revisions"}],"predecessor-version":[{"id":79170,"href":"https:\/\/forocilac.org\/en\/wp-json\/wp\/v2\/pages\/77366\/revisions\/79170"}],"wp:attachment":[{"href":"https:\/\/forocilac.org\/en\/wp-json\/wp\/v2\/media?parent=77366"}],"curies":[{"name":"wp","href":"https:\/\/api.w.org\/{rel}","templated":true}]}}