{"id":78951,"date":"2024-10-19T20:27:19","date_gmt":"2024-10-19T20:27:19","guid":{"rendered":"https:\/\/forocilac.org\/?page_id=78951"},"modified":"2024-10-19T21:28:34","modified_gmt":"2024-10-19T21:28:34","slug":"prensa-cilac-2024","status":"publish","type":"page","link":"https:\/\/forocilac.org\/en\/prensa-cilac-2024\/","title":{"rendered":"Prensa CILAC 2024"},"content":{"rendered":"<div data-elementor-type=\"wp-page\" data-elementor-id=\"78951\" class=\"elementor elementor-78951\" data-elementor-post-type=\"page\">\n\t\t\t\t<div class=\"elementor-element elementor-element-1ae2266 e-con-full e-flex e-con e-parent\" data-id=\"1ae2266\" data-element_type=\"container\" data-settings=\"{&quot;background_background&quot;:&quot;classic&quot;}\">\n\t\t\t\t<div class=\"elementor-element elementor-element-d0646fd elementor-widget elementor-widget-heading\" data-id=\"d0646fd\" data-element_type=\"widget\" data-widget_type=\"heading.default\">\n\t\t\t\t<div class=\"elementor-widget-container\">\n\t\t\t\t\t<h2 class=\"elementor-heading-title elementor-size-default\">Communication kit<\/h2>\t\t\t\t<\/div>\n\t\t\t\t<\/div>\n\t\t\t\t<\/div>\n\t\t<div class=\"elementor-element elementor-element-22b64b4 e-con-full e-flex e-con e-parent\" data-id=\"22b64b4\" data-element_type=\"container\" data-settings=\"{&quot;background_background&quot;:&quot;classic&quot;}\">\n\t\t<div class=\"elementor-element elementor-element-97cb49c e-con-full e-flex e-con e-child\" data-id=\"97cb49c\" data-element_type=\"container\">\n\t\t\t\t<div class=\"elementor-element elementor-element-2f8b211 elementor-widget elementor-widget-text-editor\" data-id=\"2f8b211\" data-element_type=\"widget\" data-widget_type=\"text-editor.default\">\n\t\t\t\t<div class=\"elementor-widget-container\">\n\t\t\t\t\t\t\t\t\t<p>In <span style=\"text-decoration: underline;\"><a href=\"https:\/\/drive.google.com\/drive\/folders\/1VuqdwjMbrWhwbV6mQ-Hb2gcSDpWaSU6s?usp=sharing\"><span style=\"color: #000000; text-decoration: underline;\"><strong>this link<\/strong><\/span><\/a><\/span> You will be able to access promotional material about the CILAC 2024 Forum in Colombia: graphics, one-pagers, presentations, and suggested texts for social media, among others.<\/p><p><strong>For press inquiries, please write to us at forocilac@unesco.org<\/strong><\/p>\t\t\t\t\t\t\t\t<\/div>\n\t\t\t\t<\/div>\n\t\t\t\t<div class=\"elementor-element elementor-element-14882b4 elementor-grid-3 elementor-grid-tablet-2 elementor-grid-mobile-1 elementor-posts--thumbnail-top elementor-posts--show-avatar elementor-posts__hover-gradient elementor-widget elementor-widget-posts\" data-id=\"14882b4\" data-element_type=\"widget\" data-settings=\"{&quot;pagination_type&quot;:&quot;numbers&quot;,&quot;cards_columns&quot;:&quot;3&quot;,&quot;cards_columns_tablet&quot;:&quot;2&quot;,&quot;cards_columns_mobile&quot;:&quot;1&quot;,&quot;cards_row_gap&quot;:{&quot;unit&quot;:&quot;px&quot;,&quot;size&quot;:35,&quot;sizes&quot;:[]},&quot;cards_row_gap_tablet&quot;:{&quot;unit&quot;:&quot;px&quot;,&quot;size&quot;:&quot;&quot;,&quot;sizes&quot;:[]},&quot;cards_row_gap_mobile&quot;:{&quot;unit&quot;:&quot;px&quot;,&quot;size&quot;:&quot;&quot;,&quot;sizes&quot;:[]}}\" data-widget_type=\"posts.cards\">\n\t\t\t\t<div class=\"elementor-widget-container\">\n\t\t\t\t\t\t\t<div class=\"elementor-posts-container elementor-posts elementor-posts--skin-cards elementor-grid\">\n\t\t\t\t<article class=\"elementor-post elementor-grid-item post-79669 post type-post status-publish format-standard has-post-thumbnail category-cilac-2024 category-noticias-en category-noticias\">\n\t\t\t<div class=\"elementor-post__card\">\n\t\t\t\t<a class=\"elementor-post__thumbnail__link\" href=\"https:\/\/forocilac.org\/en\/finaliza-la-cuarta-edicion-del-foro-cilac\/\" tabindex=\"-1\" ><div class=\"elementor-post__thumbnail\"><img fetchpriority=\"high\" decoding=\"async\" width=\"1024\" height=\"683\" src=\"https:\/\/forocilac.org\/wp-content\/uploads\/2024\/12\/CILAC-Image-2024-12-03-at-11.44.17-PM-2-1024x683.jpeg\" class=\"attachment-large size-large wp-image-79642\" alt=\"\" srcset=\"https:\/\/forocilac.org\/wp-content\/uploads\/2024\/12\/CILAC-Image-2024-12-03-at-11.44.17-PM-2-1024x683.jpeg 1024w, https:\/\/forocilac.org\/wp-content\/uploads\/2024\/12\/CILAC-Image-2024-12-03-at-11.44.17-PM-2-300x200.jpeg 300w, https:\/\/forocilac.org\/wp-content\/uploads\/2024\/12\/CILAC-Image-2024-12-03-at-11.44.17-PM-2-768x512.jpeg 768w, https:\/\/forocilac.org\/wp-content\/uploads\/2024\/12\/CILAC-Image-2024-12-03-at-11.44.17-PM-2-1536x1024.jpeg 1536w, https:\/\/forocilac.org\/wp-content\/uploads\/2024\/12\/CILAC-Image-2024-12-03-at-11.44.17-PM-2-2048x1366.jpeg 2048w, https:\/\/forocilac.org\/wp-content\/uploads\/2024\/12\/CILAC-Image-2024-12-03-at-11.44.17-PM-2-18x12.jpeg 18w, https:\/\/forocilac.org\/wp-content\/uploads\/2024\/12\/CILAC-Image-2024-12-03-at-11.44.17-PM-2-500x333.jpeg 500w, https:\/\/forocilac.org\/wp-content\/uploads\/2024\/12\/CILAC-Image-2024-12-03-at-11.44.17-PM-2-800x533.jpeg 800w, https:\/\/forocilac.org\/wp-content\/uploads\/2024\/12\/CILAC-Image-2024-12-03-at-11.44.17-PM-2-1280x854.jpeg 1280w, https:\/\/forocilac.org\/wp-content\/uploads\/2024\/12\/CILAC-Image-2024-12-03-at-11.44.17-PM-2-1920x1280.jpeg 1920w, https:\/\/forocilac.org\/wp-content\/uploads\/2024\/12\/CILAC-Image-2024-12-03-at-11.44.17-PM-2-900x600.jpeg 900w\" sizes=\"(max-width: 1024px) 100vw, 1024px\" \/><\/div><\/a>\n\t\t\t\t<div class=\"elementor-post__avatar\">\n\t\t\t\t\t<\/div>\n\t\t\t\t<div class=\"elementor-post__text\">\n\t\t\t\t<h3 class=\"elementor-post__title\">\n\t\t\t<a href=\"https:\/\/forocilac.org\/en\/finaliza-la-cuarta-edicion-del-foro-cilac\/\" >\n\t\t\t\tThe fourth edition of the CILAC Forum ends\t\t\t<\/a>\n\t\t<\/h3>\n\t\t\t\t<\/div>\n\t\t\t\t\t<\/div>\n\t\t<\/article>\n\t\t\t\t<article class=\"elementor-post elementor-grid-item post-79513 post type-post status-publish format-standard has-post-thumbnail category-cilac-2024 category-noticias-en category-noticias\">\n\t\t\t<div class=\"elementor-post__card\">\n\t\t\t\t<a class=\"elementor-post__thumbnail__link\" href=\"https:\/\/forocilac.org\/en\/con-mas-de-3200-participantes-comienza-el-exitoso-foro-cilac-2024\/\" tabindex=\"-1\" ><div class=\"elementor-post__thumbnail\"><img decoding=\"async\" width=\"1024\" height=\"626\" src=\"https:\/\/forocilac.org\/wp-content\/uploads\/2024\/12\/Gd0rTuOXcAExkOZ-1024x626.jpeg\" class=\"attachment-large size-large wp-image-79514\" alt=\"\" srcset=\"https:\/\/forocilac.org\/wp-content\/uploads\/2024\/12\/Gd0rTuOXcAExkOZ-1024x626.jpeg 1024w, https:\/\/forocilac.org\/wp-content\/uploads\/2024\/12\/Gd0rTuOXcAExkOZ-300x183.jpeg 300w, https:\/\/forocilac.org\/wp-content\/uploads\/2024\/12\/Gd0rTuOXcAExkOZ-768x470.jpeg 768w, https:\/\/forocilac.org\/wp-content\/uploads\/2024\/12\/Gd0rTuOXcAExkOZ-1536x939.jpeg 1536w, https:\/\/forocilac.org\/wp-content\/uploads\/2024\/12\/Gd0rTuOXcAExkOZ-2048x1252.jpeg 2048w, https:\/\/forocilac.org\/wp-content\/uploads\/2024\/12\/Gd0rTuOXcAExkOZ-18x12.jpeg 18w, https:\/\/forocilac.org\/wp-content\/uploads\/2024\/12\/Gd0rTuOXcAExkOZ-500x306.jpeg 500w, https:\/\/forocilac.org\/wp-content\/uploads\/2024\/12\/Gd0rTuOXcAExkOZ-800x489.jpeg 800w, https:\/\/forocilac.org\/wp-content\/uploads\/2024\/12\/Gd0rTuOXcAExkOZ-1280x783.jpeg 1280w, https:\/\/forocilac.org\/wp-content\/uploads\/2024\/12\/Gd0rTuOXcAExkOZ-1920x1174.jpeg 1920w\" sizes=\"(max-width: 1024px) 100vw, 1024px\" \/><\/div><\/a>\n\t\t\t\t<div class=\"elementor-post__avatar\">\n\t\t\t\t\t<\/div>\n\t\t\t\t<div class=\"elementor-post__text\">\n\t\t\t\t<h3 class=\"elementor-post__title\">\n\t\t\t<a href=\"https:\/\/forocilac.org\/en\/con-mas-de-3200-participantes-comienza-el-exitoso-foro-cilac-2024\/\" >\n\t\t\t\tThe successful CILAC 2024 Forum begins with more than 3,200 participants\t\t\t<\/a>\n\t\t<\/h3>\n\t\t\t\t<\/div>\n\t\t\t\t\t<\/div>\n\t\t<\/article>\n\t\t\t\t<article class=\"elementor-post elementor-grid-item post-79390 post type-post status-publish format-standard has-post-thumbnail category-cilac-2024 category-noticias category-noticias-en\">\n\t\t\t<div class=\"elementor-post__card\">\n\t\t\t\t<a class=\"elementor-post__thumbnail__link\" href=\"https:\/\/forocilac.org\/en\/colombia-da-la-bienvenida-al-foro-cilac-2024\/\" tabindex=\"-1\" ><div class=\"elementor-post__thumbnail\"><img decoding=\"async\" width=\"1024\" height=\"577\" src=\"https:\/\/forocilac.org\/wp-content\/uploads\/2023\/11\/F_n7KsfXYAAPFQU-e1700787710517-1024x577.jpg\" class=\"attachment-large size-large wp-image-76275\" alt=\"\" srcset=\"https:\/\/forocilac.org\/wp-content\/uploads\/2023\/11\/F_n7KsfXYAAPFQU-e1700787710517-1024x577.jpg 1024w, https:\/\/forocilac.org\/wp-content\/uploads\/2023\/11\/F_n7KsfXYAAPFQU-e1700787710517-300x169.jpg 300w, https:\/\/forocilac.org\/wp-content\/uploads\/2023\/11\/F_n7KsfXYAAPFQU-e1700787710517-768x432.jpg 768w, https:\/\/forocilac.org\/wp-content\/uploads\/2023\/11\/F_n7KsfXYAAPFQU-e1700787710517-1536x865.jpg 1536w, https:\/\/forocilac.org\/wp-content\/uploads\/2023\/11\/F_n7KsfXYAAPFQU-e1700787710517-18x10.jpg 18w, https:\/\/forocilac.org\/wp-content\/uploads\/2023\/11\/F_n7KsfXYAAPFQU-e1700787710517-500x282.jpg 500w, https:\/\/forocilac.org\/wp-content\/uploads\/2023\/11\/F_n7KsfXYAAPFQU-e1700787710517-800x451.jpg 800w, https:\/\/forocilac.org\/wp-content\/uploads\/2023\/11\/F_n7KsfXYAAPFQU-e1700787710517-1280x721.jpg 1280w, https:\/\/forocilac.org\/wp-content\/uploads\/2023\/11\/F_n7KsfXYAAPFQU-e1700787710517.jpg 1600w\" sizes=\"(max-width: 1024px) 100vw, 1024px\" \/><\/div><\/a>\n\t\t\t\t<div class=\"elementor-post__avatar\">\n\t\t\t\t\t<\/div>\n\t\t\t\t<div class=\"elementor-post__text\">\n\t\t\t\t<h3 class=\"elementor-post__title\">\n\t\t\t<a href=\"https:\/\/forocilac.org\/en\/colombia-da-la-bienvenida-al-foro-cilac-2024\/\" >\n\t\t\t\tColombia welcomes the CILAC Forum 2024\t\t\t<\/a>\n\t\t<\/h3>\n\t\t\t\t<\/div>\n\t\t\t\t\t<\/div>\n\t\t<\/article>\n\t\t\t\t<article class=\"elementor-post elementor-grid-item post-79272 post type-post status-publish format-standard has-post-thumbnail category-cilac-2024 category-noticias-en category-noticias\">\n\t\t\t<div class=\"elementor-post__card\">\n\t\t\t\t<a class=\"elementor-post__thumbnail__link\" href=\"https:\/\/forocilac.org\/en\/cilac-comienza-en-5-dias-informacion-importante\/\" tabindex=\"-1\" ><div class=\"elementor-post__thumbnail\"><img loading=\"lazy\" decoding=\"async\" width=\"1024\" height=\"681\" src=\"https:\/\/forocilac.org\/wp-content\/uploads\/2021\/01\/0221-1024x681.jpg\" class=\"attachment-large size-large wp-image-30652\" alt=\"\" srcset=\"https:\/\/forocilac.org\/wp-content\/uploads\/2021\/01\/0221-1024x681.jpg 1024w, https:\/\/forocilac.org\/wp-content\/uploads\/2021\/01\/0221-300x200.jpg 300w, https:\/\/forocilac.org\/wp-content\/uploads\/2021\/01\/0221-768x511.jpg 768w, https:\/\/forocilac.org\/wp-content\/uploads\/2021\/01\/0221-500x333.jpg 500w, https:\/\/forocilac.org\/wp-content\/uploads\/2021\/01\/0221-800x532.jpg 800w, https:\/\/forocilac.org\/wp-content\/uploads\/2021\/01\/0221-900x600.jpg 900w, https:\/\/forocilac.org\/wp-content\/uploads\/2021\/01\/0221.jpg 1200w\" sizes=\"(max-width: 1024px) 100vw, 1024px\" \/><\/div><\/a>\n\t\t\t\t<div class=\"elementor-post__avatar\">\n\t\t\t\t\t<\/div>\n\t\t\t\t<div class=\"elementor-post__text\">\n\t\t\t\t<h3 class=\"elementor-post__title\">\n\t\t\t<a href=\"https:\/\/forocilac.org\/en\/cilac-comienza-en-5-dias-informacion-importante\/\" >\n\t\t\t\tCILAC starts in 5 days: important information\t\t\t<\/a>\n\t\t<\/h3>\n\t\t\t\t<\/div>\n\t\t\t\t\t<\/div>\n\t\t<\/article>\n\t\t\t\t<article class=\"elementor-post elementor-grid-item post-79182 post type-post status-publish format-standard has-post-thumbnail category-cilac-2024 category-noticias-en category-noticias\">\n\t\t\t<div class=\"elementor-post__card\">\n\t\t\t\t<a class=\"elementor-post__thumbnail__link\" href=\"https:\/\/forocilac.org\/en\/que-esperar-de-las-sesiones-tematicas-del-foro-cilac-2024\/\" tabindex=\"-1\" ><div class=\"elementor-post__thumbnail\"><img loading=\"lazy\" decoding=\"async\" width=\"1024\" height=\"512\" src=\"https:\/\/forocilac.org\/wp-content\/uploads\/2024\/11\/FORO-1024x512.jpg\" class=\"attachment-large size-large wp-image-79184\" alt=\"\" srcset=\"https:\/\/forocilac.org\/wp-content\/uploads\/2024\/11\/FORO-1024x512.jpg 1024w, https:\/\/forocilac.org\/wp-content\/uploads\/2024\/11\/FORO-300x150.jpg 300w, https:\/\/forocilac.org\/wp-content\/uploads\/2024\/11\/FORO-768x384.jpg 768w, https:\/\/forocilac.org\/wp-content\/uploads\/2024\/11\/FORO-1536x768.jpg 1536w, https:\/\/forocilac.org\/wp-content\/uploads\/2024\/11\/FORO-18x9.jpg 18w, https:\/\/forocilac.org\/wp-content\/uploads\/2024\/11\/FORO-500x250.jpg 500w, https:\/\/forocilac.org\/wp-content\/uploads\/2024\/11\/FORO-800x400.jpg 800w, https:\/\/forocilac.org\/wp-content\/uploads\/2024\/11\/FORO-1280x640.jpg 1280w, https:\/\/forocilac.org\/wp-content\/uploads\/2024\/11\/FORO-1920x960.jpg 1920w, https:\/\/forocilac.org\/wp-content\/uploads\/2024\/11\/FORO-1000x500.jpg 1000w, https:\/\/forocilac.org\/wp-content\/uploads\/2024\/11\/FORO-670x335.jpg 670w, https:\/\/forocilac.org\/wp-content\/uploads\/2024\/11\/FORO.jpg 1950w\" sizes=\"(max-width: 1024px) 100vw, 1024px\" \/><\/div><\/a>\n\t\t\t\t<div class=\"elementor-post__avatar\">\n\t\t\t\t\t<\/div>\n\t\t\t\t<div class=\"elementor-post__text\">\n\t\t\t\t<h3 class=\"elementor-post__title\">\n\t\t\t<a href=\"https:\/\/forocilac.org\/en\/que-esperar-de-las-sesiones-tematicas-del-foro-cilac-2024\/\" >\n\t\t\t\tWhat to expect from the thematic sessions of the CILAC Forum 2024\t\t\t<\/a>\n\t\t<\/h3>\n\t\t\t\t<\/div>\n\t\t\t\t\t<\/div>\n\t\t<\/article>\n\t\t\t\t<article class=\"elementor-post elementor-grid-item post-78976 post type-post status-publish format-standard has-post-thumbnail category-cilac-2024 category-noticias category-noticias-en\">\n\t\t\t<div class=\"elementor-post__card\">\n\t\t\t\t<a class=\"elementor-post__thumbnail__link\" href=\"https:\/\/forocilac.org\/en\/faltan-45-dias-para-el-foro-cilac-2024-lo-que-debes-saber\/\" tabindex=\"-1\" ><div class=\"elementor-post__thumbnail\"><img loading=\"lazy\" decoding=\"async\" width=\"1024\" height=\"683\" src=\"https:\/\/forocilac.org\/wp-content\/uploads\/2018\/10\/DSC02247-min-1024x683.jpg\" class=\"attachment-large size-large wp-image-5386\" alt=\"\" srcset=\"https:\/\/forocilac.org\/wp-content\/uploads\/2018\/10\/DSC02247-min-1024x683.jpg 1024w, https:\/\/forocilac.org\/wp-content\/uploads\/2018\/10\/DSC02247-min-300x200.jpg 300w, https:\/\/forocilac.org\/wp-content\/uploads\/2018\/10\/DSC02247-min-768x512.jpg 768w, https:\/\/forocilac.org\/wp-content\/uploads\/2018\/10\/DSC02247-min-100x67.jpg 100w, https:\/\/forocilac.org\/wp-content\/uploads\/2018\/10\/DSC02247-min.jpg 1701w\" sizes=\"(max-width: 1024px) 100vw, 1024px\" \/><\/div><\/a>\n\t\t\t\t<div class=\"elementor-post__avatar\">\n\t\t\t\t\t<\/div>\n\t\t\t\t<div class=\"elementor-post__text\">\n\t\t\t\t<h3 class=\"elementor-post__title\">\n\t\t\t<a href=\"https:\/\/forocilac.org\/en\/faltan-45-dias-para-el-foro-cilac-2024-lo-que-debes-saber\/\" >\n\t\t\t\t45 days until the CILAC Forum 2024: what you need to know\t\t\t<\/a>\n\t\t<\/h3>\n\t\t\t\t<\/div>\n\t\t\t\t\t<\/div>\n\t\t<\/article>\n\t\t\t\t<\/div>\n\t\t\n\t\t\t\t<div class=\"e-load-more-anchor\" data-page=\"1\" data-max-page=\"3\" data-next-page=\"https:\/\/forocilac.org\/en\/wp-json\/wp\/v2\/pages\/78951\/page\/2\/\"><\/div>\n\t\t\t\t<nav class=\"elementor-pagination\" aria-label=\"Pagination\">\n\t\t\t<span aria-current=\"page\" class=\"page-numbers current\"><span class=\"elementor-screen-only\">Page<\/span>1<\/span>\n<a class=\"page-numbers\" href=\"https:\/\/forocilac.org\/en\/wp-json\/wp\/v2\/pages\/78951\/page\/2\/\"><span class=\"elementor-screen-only\">Page<\/span>2<\/a>\n<a class=\"page-numbers\" href=\"https:\/\/forocilac.org\/en\/wp-json\/wp\/v2\/pages\/78951\/page\/3\/\"><span class=\"elementor-screen-only\">Page<\/span>3<\/a>\t\t<\/nav>\n\t\t\t\t\t\t<\/div>\n\t\t\t\t<\/div>\n\t\t\t\t<\/div>\n\t\t\t\t<\/div>\n\t\t\t\t<\/div>","protected":false},"excerpt":{"rendered":"<p>Kit de comunicaci\u00f3n En este enlace podr\u00e1s acceder a material promocional sobre el Foro CILAC 2024 en Colombia: gr\u00e1ficos, onepagers, presentaciones, y textos sugeridos para redes sociales, entre otros. Por<\/p>","protected":false},"author":5,"featured_media":0,"parent":0,"menu_order":0,"comment_status":"closed","ping_status":"closed","template":"elementor_header_footer","meta":{"footnotes":""},"class_list":["post-78951","page","type-page","status-publish"],"aioseo_notices":[],"_links":{"self":[{"href":"https:\/\/forocilac.org\/en\/wp-json\/wp\/v2\/pages\/78951","targetHints":{"allow":["GET"]}}],"collection":[{"href":"https:\/\/forocilac.org\/en\/wp-json\/wp\/v2\/pages"}],"about":[{"href":"https:\/\/forocilac.org\/en\/wp-json\/wp\/v2\/types\/page"}],"author":[{"embeddable":true,"href":"https:\/\/forocilac.org\/en\/wp-json\/wp\/v2\/users\/5"}],"replies":[{"embeddable":true,"href":"https:\/\/forocilac.org\/en\/wp-json\/wp\/v2\/comments?post=78951"}],"version-history":[{"count":16,"href":"https:\/\/forocilac.org\/en\/wp-json\/wp\/v2\/pages\/78951\/revisions"}],"predecessor-version":[{"id":78975,"href":"https:\/\/forocilac.org\/en\/wp-json\/wp\/v2\/pages\/78951\/revisions\/78975"}],"wp:attachment":[{"href":"https:\/\/forocilac.org\/en\/wp-json\/wp\/v2\/media?parent=78951"}],"curies":[{"name":"wp","href":"https:\/\/api.w.org\/{rel}","templated":true}]}}